{"id":3295,"date":"2024-04-02T08:46:33","date_gmt":"2024-04-02T08:46:33","guid":{"rendered":"https:\/\/atthrea.com\/impact\/"},"modified":"2024-10-12T11:06:43","modified_gmt":"2024-10-12T11:06:43","slug":"impact","status":"publish","type":"page","link":"https:\/\/atthrea.com\/it\/impact\/","title":{"rendered":"Impatto"},"content":{"rendered":"\n<div class=\"wp-block-cover\"><span aria-hidden=\"true\" class=\"wp-block-cover__background has-background-dim\"><\/span><img loading=\"lazy\" decoding=\"async\" width=\"1920\" height=\"1080\" class=\"wp-block-cover__image-background wp-image-2998\" alt=\"atthrea - impact\" src=\"https:\/\/atthrea.com\/app\/uploads\/2024\/04\/atthrea_impact_cover.jpg\" style=\"object-position:42% 0%\" data-object-fit=\"cover\" data-object-position=\"42% 0%\" srcset=\"https:\/\/atthrea.com\/app\/uploads\/2024\/04\/atthrea_impact_cover.jpg 1920w, https:\/\/atthrea.com\/app\/uploads\/2024\/04\/atthrea_impact_cover-300x169.jpg 300w, https:\/\/atthrea.com\/app\/uploads\/2024\/04\/atthrea_impact_cover-1024x576.jpg 1024w, https:\/\/atthrea.com\/app\/uploads\/2024\/04\/atthrea_impact_cover-768x432.jpg 768w, https:\/\/atthrea.com\/app\/uploads\/2024\/04\/atthrea_impact_cover-1536x864.jpg 1536w, https:\/\/atthrea.com\/app\/uploads\/2024\/04\/atthrea_impact_cover-600x338.jpg 600w\" sizes=\"(max-width: 1920px) 100vw, 1920px\" \/><div class=\"wp-block-cover__inner-container is-layout-flow wp-block-cover-is-layout-flow\">\n<p class=\"has-text-align-center has-large-font-size\">atthrea: indossa il cambiamento che vuoi vedere<\/p>\n<\/div><\/div>\n\n\n\n<div style=\"height:100px\" aria-hidden=\"true\" class=\"wp-block-spacer\"><\/div>\n\n\n\n<div class=\"wp-block-columns is-layout-flex wp-container-core-columns-is-layout-1 wp-block-columns-is-layout-flex\">\n<div class=\"wp-block-column d-flex flex-column justify-content-center is-layout-flow wp-block-column-is-layout-flow\">\n<div class=\"wp-block-group is-layout-constrained wp-block-group-is-layout-constrained\">\n<p class=\"has-text-align-center has-lg-font-size\" style=\"padding-top:var(--wp--preset--spacing--40);padding-right:var(--wp--preset--spacing--40);padding-bottom:var(--wp--preset--spacing--40);padding-left:var(--wp--preset--spacing--40)\"><strong>IL NOSTRO IMPATTO&nbsp;<\/strong><\/p>\n\n\n\n<p style=\"padding-right:var(--wp--preset--spacing--40);padding-left:var(--wp--preset--spacing--40)\">Noi di atthrea ci impegniamo non solo per lo stile. Ci impegniamo a creare un quadro pienamente sostenibile e responsabile dal punto di vista ambientale. Focalizzandoci sull&#8217;adozione di pratiche ecocompatibili, sulla riduzione al minimo degli sprechi e sulla promozione di standard etici in tutta la nostra catena di fornitura, stiamo rimodellando l&#8217;approccio del settore della moda alla sostenibilit\u00e0.&nbsp;<\/p>\n\n\n\n<p style=\"padding-right:var(--wp--preset--spacing--40);padding-left:var(--wp--preset--spacing--40)\">Dall&#8217;approvvigionamento esclusivo di materiali naturali, alla garanzia delle migliori condizioni di lavoro all&#8217;implementazione di tecniche di produzione innovative, ogni decisione che prendiamo \u00e8 guidata dal nostro impegno a preservare il pianeta per le generazioni future. Dando priorit\u00e0 alla sostenibilit\u00e0 senza compromettere lo stile, miriamo a ispirare un consumo consapevole e a lasciare un impatto positivo sia sulla moda che sull&#8217;ambiente.&nbsp;<\/p>\n<\/div>\n<\/div>\n\n\n\n<div class=\"wp-block-column is-layout-flow wp-block-column-is-layout-flow\">\n<figure class=\"wp-block-image size-full\"><a href=\"https:\/\/atthrea.com\/product\/silk-midi-dress-black\/?lang=it\" target=\"_blank\" rel=\"noreferrer noopener\"><img loading=\"lazy\" decoding=\"async\" width=\"819\" height=\"1024\" src=\"https:\/\/atthrea.com\/app\/uploads\/2023\/09\/atthrea_collection_-13.jpg\" alt=\"Model in a chic black silk maxi dress with a subtle sheen.\" class=\"wp-image-2114\" srcset=\"https:\/\/atthrea.com\/app\/uploads\/2023\/09\/atthrea_collection_-13.jpg 819w, https:\/\/atthrea.com\/app\/uploads\/2023\/09\/atthrea_collection_-13-240x300.jpg 240w, https:\/\/atthrea.com\/app\/uploads\/2023\/09\/atthrea_collection_-13-768x960.jpg 768w, https:\/\/atthrea.com\/app\/uploads\/2023\/09\/atthrea_collection_-13-600x750.jpg 600w\" sizes=\"(max-width: 819px) 100vw, 819px\" \/><\/a><\/figure>\n<\/div>\n<\/div>\n\n\n\n<div class=\"wp-block-columns is-layout-flex wp-container-core-columns-is-layout-2 wp-block-columns-is-layout-flex\">\n<div class=\"wp-block-column is-layout-flow wp-block-column-is-layout-flow\">\n<figure class=\"wp-block-image size-full\"><a href=\"https:\/\/atthrea.com\/product\/lace-silk-top-black\/?lang=it\" target=\"_blank\" rel=\"noreferrer noopener\"><img loading=\"lazy\" decoding=\"async\" width=\"819\" height=\"1024\" src=\"https:\/\/atthrea.com\/app\/uploads\/2023\/09\/atthrea_collection_-20.jpg\" alt=\"Lace silk top in black details such as delicate silk lace v neckline\" class=\"wp-image-2142\" srcset=\"https:\/\/atthrea.com\/app\/uploads\/2023\/09\/atthrea_collection_-20.jpg 819w, https:\/\/atthrea.com\/app\/uploads\/2023\/09\/atthrea_collection_-20-240x300.jpg 240w, https:\/\/atthrea.com\/app\/uploads\/2023\/09\/atthrea_collection_-20-768x960.jpg 768w, https:\/\/atthrea.com\/app\/uploads\/2023\/09\/atthrea_collection_-20-600x750.jpg 600w\" sizes=\"(max-width: 819px) 100vw, 819px\" \/><\/a><\/figure>\n<\/div>\n\n\n\n<div class=\"wp-block-column d-flex flex-column justify-content-center is-layout-flow wp-block-column-is-layout-flow\">\n<p class=\"has-text-align-center has-lg-font-size\" style=\"padding-top:var(--wp--preset--spacing--40);padding-right:var(--wp--preset--spacing--40);padding-bottom:var(--wp--preset--spacing--40);padding-left:var(--wp--preset--spacing--40)\"><strong>LA NOSTRA MISSIONE<\/strong><\/p>\n\n\n\n<p style=\"padding-right:var(--wp--preset--spacing--40);padding-left:var(--wp--preset--spacing--40)\">atthrea si ispira alle donne e alle perle. Crediamo davvero che valga sempre la pena aspettare le cose migliori. Poich\u00e9 la perla impiega anni per formarsi, anche noi maturiamo come esseri umani diventando la versione migliore di noi stessi.&nbsp;<\/p>\n\n\n\n<p style=\"padding-right:var(--wp--preset--spacing--40);padding-left:var(--wp--preset--spacing--40)\">Grazie alla nostra ispirazione, la perla, ci impegniamo a fare una differenza tangibile nella lotta contro l&#8217;inquinamento da plastica negli oceani. Ecco perch\u00e9 siamo orgogliosi di collaborare con una rinomata organizzazione impegnata a liberare gli oceani dalla plastica. Attraverso questa partnership, sosterremo attivamente i loro sforzi per finanziare misure innovative di conservazione della natura. Non vediamo l&#8217;ora di condividere con voi a breve maggiori dettagli su questa collaborazione. Insieme, stiamo creando un futuro pi\u00f9 luminoso e pi\u00f9 pulito per il nostro pianeta e i suoi preziosi oceani.<\/p>\n<\/div>\n<\/div>\n\n\n\n<div class=\"wp-block-columns is-layout-flex wp-container-core-columns-is-layout-3 wp-block-columns-is-layout-flex\">\n<div class=\"wp-block-column d-flex flex-column justify-content-center is-layout-flow wp-block-column-is-layout-flow\">\n<p class=\"has-text-align-center has-lg-font-size\" style=\"padding-top:var(--wp--preset--spacing--40);padding-right:var(--wp--preset--spacing--40);padding-bottom:var(--wp--preset--spacing--40);padding-left:var(--wp--preset--spacing--40)\"><strong>I NOSTRI PRODOTTI<\/strong><\/p>\n\n\n\n<p style=\"padding-right:var(--wp--preset--spacing--40);padding-left:var(--wp--preset--spacing--40)\">I nostri prodotti sono realizzati meticolosamente in piccoli lotti, una scelta deliberata volta ad evitare la sovrapproduzione e ridurre al minimo gli sprechi. Questo approccio ci consente di mantenere i pi\u00f9 alti standard di qualit\u00e0 e attenzione ai dettagli in ogni capo di abbigliamento che produciamo. <\/p>\n\n\n\n<p style=\"padding-right:var(--wp--preset--spacing--40);padding-left:var(--wp--preset--spacing--40)\">I nostri design intramontabili trascendono le tendenze fugaci, garantendo che ogni pezzo rimanga rilevante ed elegante per gli anni a venire. Insieme al nostro impegno nell&#8217;utilizzare solo i tessuti pi\u00f9 pregiati e sostenibili, come seta, lino, cashmere o lana merino, i capi atthrea non sono solo vestiti: sono investimenti duraturi realizzati per gli anni a venire. Dando priorit\u00e0 alla durabilit\u00e0 e alla longevit\u00e0, consentiamo ai nostri clienti di abbracciare un consumo consapevole riducendo al contempo l&#8217;impatto ambientale del fast fashion.&nbsp;<\/p>\n<\/div>\n\n\n\n<div class=\"wp-block-column is-layout-flow wp-block-column-is-layout-flow\">\n<figure class=\"wp-block-image size-full\"><a href=\"https:\/\/atthrea.com\/product\/robe-maxi-tricotee-beige-dore-confort-luxueux-atthrea\/?lang=it\" target=\"_blank\" rel=\"noreferrer noopener\"><img loading=\"lazy\" decoding=\"async\" width=\"819\" height=\"1024\" src=\"https:\/\/atthrea.com\/app\/uploads\/2023\/09\/atthrea_collection_-1.jpg\" alt=\"Elegant atthrea golden beige knitwear maxi dress modeled with finesse.\" class=\"wp-image-2066\" srcset=\"https:\/\/atthrea.com\/app\/uploads\/2023\/09\/atthrea_collection_-1.jpg 819w, https:\/\/atthrea.com\/app\/uploads\/2023\/09\/atthrea_collection_-1-240x300.jpg 240w, https:\/\/atthrea.com\/app\/uploads\/2023\/09\/atthrea_collection_-1-768x960.jpg 768w, https:\/\/atthrea.com\/app\/uploads\/2023\/09\/atthrea_collection_-1-600x750.jpg 600w\" sizes=\"(max-width: 819px) 100vw, 819px\" \/><\/a><\/figure>\n<\/div>\n<\/div>\n\n\n\n<div class=\"wp-block-columns is-layout-flex wp-container-core-columns-is-layout-4 wp-block-columns-is-layout-flex\">\n<div class=\"wp-block-column is-layout-flow wp-block-column-is-layout-flow\">\n<figure class=\"wp-block-image size-large\"><img loading=\"lazy\" decoding=\"async\" width=\"819\" height=\"1024\" src=\"https:\/\/atthrea.com\/app\/uploads\/2024\/03\/230401_Atthrea0235-819x1024.jpg\" alt=\"\" class=\"wp-image-2980\" srcset=\"https:\/\/atthrea.com\/app\/uploads\/2024\/03\/230401_Atthrea0235-819x1024.jpg 819w, https:\/\/atthrea.com\/app\/uploads\/2024\/03\/230401_Atthrea0235-240x300.jpg 240w, https:\/\/atthrea.com\/app\/uploads\/2024\/03\/230401_Atthrea0235-768x960.jpg 768w, https:\/\/atthrea.com\/app\/uploads\/2024\/03\/230401_Atthrea0235-600x750.jpg 600w, https:\/\/atthrea.com\/app\/uploads\/2024\/03\/230401_Atthrea0235.jpg 1024w\" sizes=\"(max-width: 819px) 100vw, 819px\" \/><\/figure>\n<\/div>\n\n\n\n<div class=\"wp-block-column is-vertically-aligned-center is-layout-flow wp-block-column-is-layout-flow\">\n<p class=\"has-text-align-center\" style=\"padding-top:var(--wp--preset--spacing--40);padding-right:var(--wp--preset--spacing--40);padding-bottom:var(--wp--preset--spacing--40);padding-left:var(--wp--preset--spacing--40)\"><strong>I NOSTRI MATERIALI<\/strong><\/p>\n\n\n\n<p style=\"padding-top:var(--wp--preset--spacing--40);padding-right:var(--wp--preset--spacing--40);padding-bottom:var(--wp--preset--spacing--40);padding-left:var(--wp--preset--spacing--40)\">Da atthrea, approvvigioniamo le nostre fibre naturali in modo responsabile:<\/p>\n\n\n\n<p style=\"padding-top:var(--wp--preset--spacing--40);padding-right:var(--wp--preset--spacing--40);padding-bottom:var(--wp--preset--spacing--40);padding-left:var(--wp--preset--spacing--40)\"><strong>Lana<\/strong> \u2013 Otteniamo la lana da procioni, capre cashmere, alpaca, pecore merino e vigogne con metodi umani e sostenibili, garantendo il benessere degli animali.<\/p>\n\n\n\n<p style=\"padding-top:var(--wp--preset--spacing--40);padding-right:var(--wp--preset--spacing--40);padding-bottom:var(--wp--preset--spacing--40);padding-left:var(--wp--preset--spacing--40)\"><strong>Seta<\/strong> \u2013 La nostra seta \u00e8 prodotta attraverso pratiche di commercio equo in collaborazione con fabbriche etiche che danno priorit\u00e0 all&#8217;utilizzo responsabile dell&#8217;acqua e ai salari equi.<\/p>\n\n\n\n<p style=\"padding-top:var(--wp--preset--spacing--40);padding-right:var(--wp--preset--spacing--40);padding-bottom:var(--wp--preset--spacing--40);padding-left:var(--wp--preset--spacing--40)\"><strong>Lino<\/strong> \u2013 Il nostro lino proviene da piante di lino, \u00e8 ecologico e lavorato in strutture rispettose dell&#8217;ambiente.<\/p>\n\n\n\n<p style=\"padding-top:var(--wp--preset--spacing--40);padding-right:var(--wp--preset--spacing--40);padding-bottom:var(--wp--preset--spacing--40);padding-left:var(--wp--preset--spacing--40)\">Uniamo il lusso e la sostenibilit\u00e0 per creare capi belli, durevoli e prodotti eticamente.<\/p>\n<\/div>\n<\/div>\n\n\n\n<div class=\"wp-block-columns is-layout-flex wp-container-core-columns-is-layout-5 wp-block-columns-is-layout-flex\">\n<div class=\"wp-block-column d-flex flex-column justify-content-center is-layout-flow wp-block-column-is-layout-flow\">\n<p class=\"has-text-align-center has-lg-font-size\" style=\"padding-top:var(--wp--preset--spacing--40);padding-right:var(--wp--preset--spacing--40);padding-bottom:var(--wp--preset--spacing--40);padding-left:var(--wp--preset--spacing--40)\"><strong>IL NOSTRO IMBALLAGGIO&nbsp;<\/strong><\/p>\n\n\n\n<p style=\"padding-right:var(--wp--preset--spacing--40);padding-left:var(--wp--preset--spacing--40)\">L\u2019impegno di atthrea per la sostenibilit\u00e0 si estende oltre i nostri prodotti. Facciamo molta attenzione a garantire che gli imballaggi che utilizziamo siano rispettosi dell&#8217;ambiente, optando per materiali riciclati, riutilizzabili o prodotti in modo sostenibile. <\/p>\n\n\n\n<p style=\"padding-right:var(--wp--preset--spacing--40);padding-left:var(--wp--preset--spacing--40)\">Facendo scelte ponderate nel nostro imballaggio, riduciamo al minimo il nostro impatto ambientale e contribuiamo alla riduzione dei rifiuti. Che si tratti di utilizzare materiali riciclati, progettare imballaggi che possono essere riutilizzati o selezionare opzioni da fonti sostenibili, diamo priorit\u00e0 alle pratiche ecocompatibili in ogni fase del nostro processo.&nbsp;<\/p>\n<\/div>\n\n\n\n<div class=\"wp-block-column is-layout-flow wp-block-column-is-layout-flow\">\n<figure class=\"wp-block-image size-large\"><img loading=\"lazy\" decoding=\"async\" width=\"1024\" height=\"683\" src=\"https:\/\/atthrea.com\/app\/uploads\/2024\/03\/230401_Atthrea123292-1024x683.jpg\" alt=\"Donna in top di seta e pizzo nero. Realizzato in 100% raso di seta. Concentrandosi sul delicato scollo a V in pizzo di seta, con bottoni rivestiti in seta sul davanti e spalline sottili e regolabili.\" class=\"wp-image-2584\" srcset=\"https:\/\/atthrea.com\/app\/uploads\/2024\/03\/230401_Atthrea123292-1024x683.jpg 1024w, https:\/\/atthrea.com\/app\/uploads\/2024\/03\/230401_Atthrea123292-300x200.jpg 300w, https:\/\/atthrea.com\/app\/uploads\/2024\/03\/230401_Atthrea123292-768x512.jpg 768w, https:\/\/atthrea.com\/app\/uploads\/2024\/03\/230401_Atthrea123292-1536x1024.jpg 1536w, https:\/\/atthrea.com\/app\/uploads\/2024\/03\/230401_Atthrea123292-2048x1366.jpg 2048w, https:\/\/atthrea.com\/app\/uploads\/2024\/03\/230401_Atthrea123292-600x400.jpg 600w\" sizes=\"(max-width: 1024px) 100vw, 1024px\" \/><\/figure>\n<\/div>\n<\/div>\n\n\n\n<div class=\"wp-block-columns is-layout-flex wp-container-core-columns-is-layout-6 wp-block-columns-is-layout-flex\">\n<div class=\"wp-block-column is-layout-flow wp-block-column-is-layout-flow\">\n<figure class=\"wp-block-image size-full\"><a href=\"https:\/\/atthrea.com\/product\/silk-crop-top-off-white\/?lang=it\" target=\"_blank\" rel=\"noreferrer noopener\"><img loading=\"lazy\" decoding=\"async\" width=\"819\" height=\"1024\" src=\"https:\/\/atthrea.com\/app\/uploads\/2023\/09\/atthrea_collection_-7.jpg\" alt=\"Model sports an off-white atthrea silk crop top - side photo\" class=\"wp-image-2090\" srcset=\"https:\/\/atthrea.com\/app\/uploads\/2023\/09\/atthrea_collection_-7.jpg 819w, https:\/\/atthrea.com\/app\/uploads\/2023\/09\/atthrea_collection_-7-240x300.jpg 240w, https:\/\/atthrea.com\/app\/uploads\/2023\/09\/atthrea_collection_-7-768x960.jpg 768w, https:\/\/atthrea.com\/app\/uploads\/2023\/09\/atthrea_collection_-7-600x750.jpg 600w\" sizes=\"(max-width: 819px) 100vw, 819px\" \/><\/a><\/figure>\n<\/div>\n\n\n\n<div class=\"wp-block-column d-flex flex-column justify-content-center is-layout-flow wp-block-column-is-layout-flow\">\n<p class=\"has-text-align-center has-lg-font-size\" style=\"padding-top:var(--wp--preset--spacing--40);padding-right:var(--wp--preset--spacing--40);padding-bottom:var(--wp--preset--spacing--40);padding-left:var(--wp--preset--spacing--40)\"><strong>IL NOSTRO TEAM&nbsp;<\/strong><\/p>\n\n\n\n<p style=\"padding-right:var(--wp--preset--spacing--40);padding-left:var(--wp--preset--spacing--40)\">Garantire la sicurezza e il benessere delle persone che contribuiscono alla creazione dei nostri prodotti \u00e8 un principio fondamentale per atthrea. Garantiamo e monitoriamo condizioni di lavoro sicure e salari equi per tutti i soggetti coinvolti nella nostra catena di fornitura. <\/p>\n\n\n\n<p style=\"padding-right:var(--wp--preset--spacing--40);padding-left:var(--wp--preset--spacing--40)\">Applichiamo rigorosi standard di lavoro, valutiamo regolarmente le strutture e garantiamo un equo compenso. Crediamo nel dare l\u2019esempio positivo nel settore della moda dando priorit\u00e0 al benessere dei nostri lavoratori, puntando a un futuro pi\u00f9 equo e sostenibile.&nbsp;<\/p>\n<\/div>\n<\/div>\n","protected":false},"excerpt":{"rendered":"<p>IL NOSTRO IMPATTO&nbsp; Noi di atthrea ci impegniamo non solo per lo stile. Ci impegniamo a creare un quadro pienamente sostenibile e responsabile dal punto di vista ambientale. Focalizzandoci sull&#8217;adozione di pratiche ecocompatibili, sulla riduzione al minimo degli sprechi e sulla promozione di standard etici in tutta la nostra catena di fornitura, stiamo rimodellando l&#8217;approccio &hellip; <a href=\"https:\/\/atthrea.com\/it\/impact\/\">Continua<\/a><\/p>\n","protected":false},"author":7,"featured_media":0,"parent":0,"menu_order":0,"comment_status":"closed","ping_status":"closed","template":"","meta":{"footnotes":""},"acf":[],"yoast_head":"<!-- This site is optimized with the Yoast SEO plugin v22.9 - https:\/\/yoast.com\/wordpress\/plugins\/seo\/ -->\n<title>Impatto - atthrea<\/title>\n<meta name=\"robots\" content=\"index, follow, max-snippet:-1, max-image-preview:large, max-video-preview:-1\" \/>\n<link rel=\"canonical\" href=\"https:\/\/atthrea.com\/it\/impact\/\" \/>\n<meta property=\"og:locale\" content=\"it_IT\" \/>\n<meta property=\"og:type\" content=\"article\" \/>\n<meta property=\"og:title\" content=\"Impatto - atthrea\" \/>\n<meta property=\"og:description\" content=\"IL NOSTRO IMPATTO&nbsp; Noi di atthrea ci impegniamo non solo per lo stile. Ci impegniamo a creare un quadro pienamente sostenibile e responsabile dal punto di vista ambientale. Focalizzandoci sull&#8217;adozione di pratiche ecocompatibili, sulla riduzione al minimo degli sprechi e sulla promozione di standard etici in tutta la nostra catena di fornitura, stiamo rimodellando l&#8217;approccio &hellip; Continua\" \/>\n<meta property=\"og:url\" content=\"https:\/\/atthrea.com\/it\/impact\/\" \/>\n<meta property=\"og:site_name\" content=\"atthrea\" \/>\n<meta property=\"article:modified_time\" content=\"2024-10-12T11:06:43+00:00\" \/>\n<meta property=\"og:image\" content=\"https:\/\/atthrea.com\/app\/uploads\/2024\/04\/atthrea_impact_cover.jpg\" \/>\n<meta name=\"twitter:card\" content=\"summary_large_image\" \/>\n<meta name=\"twitter:label1\" content=\"Est. reading time\" \/>\n\t<meta name=\"twitter:data1\" content=\"5 minutes\" \/>\n<script type=\"application\/ld+json\" class=\"yoast-schema-graph\">{\"@context\":\"https:\/\/schema.org\",\"@graph\":[{\"@type\":\"WebPage\",\"@id\":\"https:\/\/atthrea.com\/it\/impact\/\",\"url\":\"https:\/\/atthrea.com\/it\/impact\/\",\"name\":\"Impatto - atthrea\",\"isPartOf\":{\"@id\":\"https:\/\/atthrea.com\/#website\"},\"primaryImageOfPage\":{\"@id\":\"https:\/\/atthrea.com\/it\/impact\/#primaryimage\"},\"image\":{\"@id\":\"https:\/\/atthrea.com\/it\/impact\/#primaryimage\"},\"thumbnailUrl\":\"https:\/\/atthrea.com\/app\/uploads\/2024\/04\/atthrea_impact_cover.jpg\",\"datePublished\":\"2024-04-02T08:46:33+00:00\",\"dateModified\":\"2024-10-12T11:06:43+00:00\",\"breadcrumb\":{\"@id\":\"https:\/\/atthrea.com\/it\/impact\/#breadcrumb\"},\"inLanguage\":\"it-IT\",\"potentialAction\":[{\"@type\":\"ReadAction\",\"target\":[\"https:\/\/atthrea.com\/it\/impact\/\"]}]},{\"@type\":\"ImageObject\",\"inLanguage\":\"it-IT\",\"@id\":\"https:\/\/atthrea.com\/it\/impact\/#primaryimage\",\"url\":\"https:\/\/atthrea.com\/app\/uploads\/2024\/04\/atthrea_impact_cover.jpg\",\"contentUrl\":\"https:\/\/atthrea.com\/app\/uploads\/2024\/04\/atthrea_impact_cover.jpg\"},{\"@type\":\"BreadcrumbList\",\"@id\":\"https:\/\/atthrea.com\/it\/impact\/#breadcrumb\",\"itemListElement\":[{\"@type\":\"ListItem\",\"position\":1,\"name\":\"Home\",\"item\":\"https:\/\/atthrea.com\/it\/\"},{\"@type\":\"ListItem\",\"position\":2,\"name\":\"Impatto\"}]},{\"@type\":\"WebSite\",\"@id\":\"https:\/\/atthrea.com\/#website\",\"url\":\"https:\/\/atthrea.com\/\",\"name\":\"atthrea\",\"description\":\"ready-to-wear classic elegance\",\"potentialAction\":[{\"@type\":\"SearchAction\",\"target\":{\"@type\":\"EntryPoint\",\"urlTemplate\":\"https:\/\/atthrea.com\/?s={search_term_string}\"},\"query-input\":\"required name=search_term_string\"}],\"inLanguage\":\"it-IT\"}]}<\/script>\n<!-- \/ Yoast SEO plugin. -->","yoast_head_json":{"title":"Impatto - atthrea","robots":{"index":"index","follow":"follow","max-snippet":"max-snippet:-1","max-image-preview":"max-image-preview:large","max-video-preview":"max-video-preview:-1"},"canonical":"https:\/\/atthrea.com\/it\/impact\/","og_locale":"it_IT","og_type":"article","og_title":"Impatto - atthrea","og_description":"IL NOSTRO IMPATTO&nbsp; Noi di atthrea ci impegniamo non solo per lo stile. Ci impegniamo a creare un quadro pienamente sostenibile e responsabile dal punto di vista ambientale. Focalizzandoci sull&#8217;adozione di pratiche ecocompatibili, sulla riduzione al minimo degli sprechi e sulla promozione di standard etici in tutta la nostra catena di fornitura, stiamo rimodellando l&#8217;approccio &hellip; Continua","og_url":"https:\/\/atthrea.com\/it\/impact\/","og_site_name":"atthrea","article_modified_time":"2024-10-12T11:06:43+00:00","og_image":[{"url":"https:\/\/atthrea.com\/app\/uploads\/2024\/04\/atthrea_impact_cover.jpg"}],"twitter_card":"summary_large_image","twitter_misc":{"Est. reading time":"5 minutes"},"schema":{"@context":"https:\/\/schema.org","@graph":[{"@type":"WebPage","@id":"https:\/\/atthrea.com\/it\/impact\/","url":"https:\/\/atthrea.com\/it\/impact\/","name":"Impatto - atthrea","isPartOf":{"@id":"https:\/\/atthrea.com\/#website"},"primaryImageOfPage":{"@id":"https:\/\/atthrea.com\/it\/impact\/#primaryimage"},"image":{"@id":"https:\/\/atthrea.com\/it\/impact\/#primaryimage"},"thumbnailUrl":"https:\/\/atthrea.com\/app\/uploads\/2024\/04\/atthrea_impact_cover.jpg","datePublished":"2024-04-02T08:46:33+00:00","dateModified":"2024-10-12T11:06:43+00:00","breadcrumb":{"@id":"https:\/\/atthrea.com\/it\/impact\/#breadcrumb"},"inLanguage":"it-IT","potentialAction":[{"@type":"ReadAction","target":["https:\/\/atthrea.com\/it\/impact\/"]}]},{"@type":"ImageObject","inLanguage":"it-IT","@id":"https:\/\/atthrea.com\/it\/impact\/#primaryimage","url":"https:\/\/atthrea.com\/app\/uploads\/2024\/04\/atthrea_impact_cover.jpg","contentUrl":"https:\/\/atthrea.com\/app\/uploads\/2024\/04\/atthrea_impact_cover.jpg"},{"@type":"BreadcrumbList","@id":"https:\/\/atthrea.com\/it\/impact\/#breadcrumb","itemListElement":[{"@type":"ListItem","position":1,"name":"Home","item":"https:\/\/atthrea.com\/it\/"},{"@type":"ListItem","position":2,"name":"Impatto"}]},{"@type":"WebSite","@id":"https:\/\/atthrea.com\/#website","url":"https:\/\/atthrea.com\/","name":"atthrea","description":"ready-to-wear classic elegance","potentialAction":[{"@type":"SearchAction","target":{"@type":"EntryPoint","urlTemplate":"https:\/\/atthrea.com\/?s={search_term_string}"},"query-input":"required name=search_term_string"}],"inLanguage":"it-IT"}]}},"_links":{"self":[{"href":"https:\/\/atthrea.com\/it\/wp-json\/wp\/v2\/pages\/3295"}],"collection":[{"href":"https:\/\/atthrea.com\/it\/wp-json\/wp\/v2\/pages"}],"about":[{"href":"https:\/\/atthrea.com\/it\/wp-json\/wp\/v2\/types\/page"}],"author":[{"embeddable":true,"href":"https:\/\/atthrea.com\/it\/wp-json\/wp\/v2\/users\/7"}],"replies":[{"embeddable":true,"href":"https:\/\/atthrea.com\/it\/wp-json\/wp\/v2\/comments?post=3295"}],"version-history":[{"count":4,"href":"https:\/\/atthrea.com\/it\/wp-json\/wp\/v2\/pages\/3295\/revisions"}],"predecessor-version":[{"id":4191,"href":"https:\/\/atthrea.com\/it\/wp-json\/wp\/v2\/pages\/3295\/revisions\/4191"}],"wp:attachment":[{"href":"https:\/\/atthrea.com\/it\/wp-json\/wp\/v2\/media?parent=3295"}],"curies":[{"name":"wp","href":"https:\/\/api.w.org\/{rel}","templated":true}]}}