{"id":3278,"date":"2024-03-24T08:16:15","date_gmt":"2024-03-24T08:16:15","guid":{"rendered":"https:\/\/atthrea.com\/about\/"},"modified":"2024-04-17T16:05:47","modified_gmt":"2024-04-17T16:05:47","slug":"about","status":"publish","type":"page","link":"https:\/\/atthrea.com\/it\/about\/","title":{"rendered":"Chi siamo"},"content":{"rendered":"\n<div class=\"wp-block-cover\" style=\"padding-top:0;padding-right:0;padding-bottom:0;padding-left:0\"><span aria-hidden=\"true\" class=\"wp-block-cover__background has-background-dim\"><\/span><img loading=\"lazy\" decoding=\"async\" width=\"1920\" height=\"762\" class=\"wp-block-cover__image-background wp-image-2762\" alt=\"atthrea: elegance, empowerment, empathy\" src=\"https:\/\/atthrea.com\/app\/uploads\/2024\/03\/atthrea-environmental-impact.jpg\" style=\"object-position:0% 50%\" data-object-fit=\"cover\" data-object-position=\"0% 50%\" srcset=\"https:\/\/atthrea.com\/app\/uploads\/2024\/03\/atthrea-environmental-impact.jpg 1920w, https:\/\/atthrea.com\/app\/uploads\/2024\/03\/atthrea-environmental-impact-300x119.jpg 300w, https:\/\/atthrea.com\/app\/uploads\/2024\/03\/atthrea-environmental-impact-1024x406.jpg 1024w, https:\/\/atthrea.com\/app\/uploads\/2024\/03\/atthrea-environmental-impact-768x305.jpg 768w, https:\/\/atthrea.com\/app\/uploads\/2024\/03\/atthrea-environmental-impact-1536x610.jpg 1536w, https:\/\/atthrea.com\/app\/uploads\/2024\/03\/atthrea-environmental-impact-600x238.jpg 600w\" sizes=\"(max-width: 1920px) 100vw, 1920px\" \/><div class=\"wp-block-cover__inner-container is-layout-flow wp-block-cover-is-layout-flow\">\n<p class=\"has-text-align-center has-large-font-size\">atthrea: Eleganza, Valorizzazione, Empatia<\/p>\n<\/div><\/div>\n\n\n\n<div style=\"height:64px\" aria-hidden=\"true\" class=\"wp-block-spacer\"><\/div>\n\n\n\n<div class=\"wp-block-columns is-layout-flex wp-container-core-columns-is-layout-1 wp-block-columns-is-layout-flex\">\n<div class=\"wp-block-column is-layout-flow wp-block-column-is-layout-flow\">\n<figure class=\"wp-block-image size-full\"><a href=\"https:\/\/atthrea.com\/product\/silk-pants-black\/?lang=it\" target=\"_blank\" rel=\"noreferrer noopener\"><img loading=\"lazy\" decoding=\"async\" width=\"819\" height=\"1024\" src=\"https:\/\/atthrea.com\/app\/uploads\/2023\/09\/atthrea_collection_-15.jpg\" alt=\"Modell zeigt Seiden-Outfit-Inspiration. Schwarzes Seiden-Crop-Top kombiniert mit eleganten Seidenhosen.\" class=\"wp-image-2731\" srcset=\"https:\/\/atthrea.com\/app\/uploads\/2023\/09\/atthrea_collection_-15.jpg 819w, https:\/\/atthrea.com\/app\/uploads\/2023\/09\/atthrea_collection_-15-240x300.jpg 240w, https:\/\/atthrea.com\/app\/uploads\/2023\/09\/atthrea_collection_-15-768x960.jpg 768w, https:\/\/atthrea.com\/app\/uploads\/2023\/09\/atthrea_collection_-15-600x750.jpg 600w\" sizes=\"(max-width: 819px) 100vw, 819px\" \/><\/a><\/figure>\n<\/div>\n\n\n\n<div class=\"wp-block-column d-flex flex-column justify-content-center is-layout-flow wp-block-column-is-layout-flow\" style=\"padding-top:var(--wp--preset--spacing--30);padding-right:var(--wp--preset--spacing--30);padding-bottom:var(--wp--preset--spacing--30);padding-left:var(--wp--preset--spacing--30)\">\n<p>Fondata nel 2020 a Berlino, atthrea nasce dalla visione di fondere chic e coscienza nella moda. Con il nostro team internazionale distribuito in Germania, Francia e Italia, abbiamo unito creativit\u00e0 e innovazione, aspirando a stabilire nuovi standard per il lusso etico.&nbsp;<\/p>\n\n\n\n<p>atthrea si distingue scegliendo i migliori tessuti naturali come seta, lino, cashmere, merino, lana di alpaca e vigogna, dimostrando il nostro impegno per il comfort dei nostri clienti e il futuro del pianeta. La nostra offerta di tessuti non riguarda solo il lusso; \u00e8 un impegno verso la consapevolezza etica e ambientale, che ci mette in contatto con partner che la pensano allo stesso modo a livello globale.&nbsp;<\/p>\n\n\n\n<p>La nostra missione \u00e8 molto pi\u00f9 che creare abiti: si tratta di coltivare una comunit\u00e0 di donne che osano indossare i propri valori. Stiamo curando esperienze che consentono alle donne di sentirsi al meglio in ogni aspetto della loro vita.&nbsp;<\/p>\n<\/div>\n<\/div>\n\n\n\n<h2 class=\"has-text-align-center text-center has-2-xl-font-size wp-block-heading\" style=\"padding-top:var(--wp--preset--spacing--30);padding-right:var(--wp--preset--spacing--60);padding-bottom:var(--wp--preset--spacing--60);padding-left:var(--wp--preset--spacing--60);font-style:normal;font-weight:500\">Unisciti a noi in questo viaggio di eleganza, valorizzazione ed empatia.<\/h2>\n\n\n\n<h2 class=\"has-text-align-center text-center has-2-xl-font-size wp-block-heading\" style=\"padding-top:var(--wp--preset--spacing--30);padding-right:var(--wp--preset--spacing--60);padding-bottom:var(--wp--preset--spacing--60);padding-left:var(--wp--preset--spacing--60);font-style:normal;font-weight:500\">Insieme possiamo fare la differenza, un capo alla volta.&nbsp;<\/h2>\n\n\n\n<h2 class=\"has-text-align-center has-sm-font-size wp-block-heading\"> <\/h2>\n\n\n\n<div class=\"wp-block-columns is-layout-flex wp-container-core-columns-is-layout-4 wp-block-columns-is-layout-flex\">\n<div class=\"wp-block-column is-layout-flow wp-block-column-is-layout-flow\">\n<div class=\"wp-block-columns is-layout-flex wp-container-core-columns-is-layout-2 wp-block-columns-is-layout-flex\">\n<div class=\"wp-block-column is-layout-flow wp-block-column-is-layout-flow\">\n<figure class=\"wp-block-image size-full\"><a href=\"https:\/\/atthrea.com\/product\/silk-crop-top-off-white\/?lang=it\" target=\"_blank\" rel=\"noreferrer noopener\"><img loading=\"lazy\" decoding=\"async\" width=\"819\" height=\"1024\" src=\"https:\/\/atthrea.com\/app\/uploads\/2023\/09\/atthrea_collection_-8.jpg\" alt=\"Model sports an off-white atthrea silk crop top\" class=\"wp-image-2094\" srcset=\"https:\/\/atthrea.com\/app\/uploads\/2023\/09\/atthrea_collection_-8.jpg 819w, https:\/\/atthrea.com\/app\/uploads\/2023\/09\/atthrea_collection_-8-240x300.jpg 240w, https:\/\/atthrea.com\/app\/uploads\/2023\/09\/atthrea_collection_-8-768x960.jpg 768w, https:\/\/atthrea.com\/app\/uploads\/2023\/09\/atthrea_collection_-8-600x750.jpg 600w\" sizes=\"(max-width: 819px) 100vw, 819px\" \/><\/a><\/figure>\n<\/div>\n\n\n\n<div class=\"wp-block-column is-layout-flow wp-block-column-is-layout-flow\">\n<figure class=\"wp-block-image size-full\"><img loading=\"lazy\" decoding=\"async\" width=\"819\" height=\"1024\" src=\"https:\/\/atthrea.com\/app\/uploads\/2023\/09\/atthrea_collection_-11.jpg\" alt=\"Model in a black atthrea silk shirt and brown silk trousers.\" class=\"wp-image-2106\" srcset=\"https:\/\/atthrea.com\/app\/uploads\/2023\/09\/atthrea_collection_-11.jpg 819w, https:\/\/atthrea.com\/app\/uploads\/2023\/09\/atthrea_collection_-11-240x300.jpg 240w, https:\/\/atthrea.com\/app\/uploads\/2023\/09\/atthrea_collection_-11-768x960.jpg 768w, https:\/\/atthrea.com\/app\/uploads\/2023\/09\/atthrea_collection_-11-600x750.jpg 600w\" sizes=\"(max-width: 819px) 100vw, 819px\" \/><\/figure>\n<\/div>\n<\/div>\n<\/div>\n\n\n\n<div class=\"wp-block-column is-layout-flow wp-block-column-is-layout-flow\">\n<div class=\"wp-block-columns is-layout-flex wp-container-core-columns-is-layout-3 wp-block-columns-is-layout-flex\">\n<div class=\"wp-block-column is-layout-flow wp-block-column-is-layout-flow\">\n<figure class=\"wp-block-image size-large\"><a href=\"https:\/\/atthrea.com\/product\/silk-t-shirt-black\/?lang=it\" target=\"_blank\" rel=\"noreferrer noopener\"><img loading=\"lazy\" decoding=\"async\" width=\"819\" height=\"1024\" src=\"https:\/\/atthrea.com\/app\/uploads\/2024\/03\/230401_Atthrea0235-819x1024.jpg\" alt=\"\" class=\"wp-image-2977\" srcset=\"https:\/\/atthrea.com\/app\/uploads\/2024\/03\/230401_Atthrea0235-819x1024.jpg 819w, https:\/\/atthrea.com\/app\/uploads\/2024\/03\/230401_Atthrea0235-240x300.jpg 240w, https:\/\/atthrea.com\/app\/uploads\/2024\/03\/230401_Atthrea0235-768x960.jpg 768w, https:\/\/atthrea.com\/app\/uploads\/2024\/03\/230401_Atthrea0235-600x750.jpg 600w, https:\/\/atthrea.com\/app\/uploads\/2024\/03\/230401_Atthrea0235.jpg 1024w\" sizes=\"(max-width: 819px) 100vw, 819px\" \/><\/a><\/figure>\n<\/div>\n\n\n\n<div class=\"wp-block-column is-layout-flow wp-block-column-is-layout-flow\">\n<figure class=\"wp-block-image size-full\"><a href=\"https:\/\/atthrea.com\/product\/silk-t-shirt-off-white\/?lang=it\" target=\"_blank\" rel=\"noreferrer noopener\"><img loading=\"lazy\" decoding=\"async\" width=\"819\" height=\"1024\" src=\"https:\/\/atthrea.com\/app\/uploads\/2023\/09\/atthrea_collection_-6.jpg\" alt=\"Model in an off-white silk T-shirt exuding simplicity and style.\" class=\"wp-image-2086\" srcset=\"https:\/\/atthrea.com\/app\/uploads\/2023\/09\/atthrea_collection_-6.jpg 819w, https:\/\/atthrea.com\/app\/uploads\/2023\/09\/atthrea_collection_-6-240x300.jpg 240w, https:\/\/atthrea.com\/app\/uploads\/2023\/09\/atthrea_collection_-6-768x960.jpg 768w, https:\/\/atthrea.com\/app\/uploads\/2023\/09\/atthrea_collection_-6-600x750.jpg 600w\" sizes=\"(max-width: 819px) 100vw, 819px\" \/><\/a><\/figure>\n<\/div>\n<\/div>\n<\/div>\n<\/div>\n","protected":false},"excerpt":{"rendered":"<p>Fondata nel 2020 a Berlino, atthrea nasce dalla visione di fondere chic e coscienza nella moda. Con il nostro team internazionale distribuito in Germania, Francia e Italia, abbiamo unito creativit\u00e0 e innovazione, aspirando a stabilire nuovi standard per il lusso etico.&nbsp; atthrea si distingue scegliendo i migliori tessuti naturali come seta, lino, cashmere, merino, lana &hellip; <a href=\"https:\/\/atthrea.com\/it\/about\/\">Continua<\/a><\/p>\n","protected":false},"author":7,"featured_media":0,"parent":0,"menu_order":0,"comment_status":"closed","ping_status":"closed","template":"","meta":{"footnotes":""},"acf":[],"yoast_head":"<!-- This site is optimized with the Yoast SEO plugin v22.9 - https:\/\/yoast.com\/wordpress\/plugins\/seo\/ -->\n<title>Chi siamo - atthrea<\/title>\n<meta name=\"robots\" content=\"index, follow, max-snippet:-1, max-image-preview:large, max-video-preview:-1\" \/>\n<link rel=\"canonical\" href=\"https:\/\/atthrea.com\/about\/?lang=it\" \/>\n<meta property=\"og:locale\" content=\"it_IT\" \/>\n<meta property=\"og:type\" content=\"article\" \/>\n<meta property=\"og:title\" content=\"Chi siamo - atthrea\" \/>\n<meta property=\"og:description\" content=\"Fondata nel 2020 a Berlino, atthrea nasce dalla visione di fondere chic e coscienza nella moda. Con il nostro team internazionale distribuito in Germania, Francia e Italia, abbiamo unito creativit\u00e0 e innovazione, aspirando a stabilire nuovi standard per il lusso etico.&nbsp; atthrea si distingue scegliendo i migliori tessuti naturali come seta, lino, cashmere, merino, lana &hellip; Continua\" \/>\n<meta property=\"og:url\" content=\"https:\/\/atthrea.com\/about\/?lang=it\" \/>\n<meta property=\"og:site_name\" content=\"atthrea\" \/>\n<meta property=\"article:modified_time\" content=\"2024-04-17T16:05:47+00:00\" \/>\n<meta property=\"og:image\" content=\"https:\/\/atthrea.com\/app\/uploads\/2024\/03\/atthrea-environmental-impact.jpg\" \/>\n<meta name=\"twitter:card\" content=\"summary_large_image\" \/>\n<meta name=\"twitter:label1\" content=\"Est. reading time\" \/>\n\t<meta name=\"twitter:data1\" content=\"2 minutes\" \/>\n<script type=\"application\/ld+json\" class=\"yoast-schema-graph\">{\"@context\":\"https:\/\/schema.org\",\"@graph\":[{\"@type\":\"WebPage\",\"@id\":\"https:\/\/atthrea.com\/about\/?lang=it\",\"url\":\"https:\/\/atthrea.com\/about\/?lang=it\",\"name\":\"Chi siamo - atthrea\",\"isPartOf\":{\"@id\":\"https:\/\/atthrea.com\/#website\"},\"primaryImageOfPage\":{\"@id\":\"https:\/\/atthrea.com\/about\/?lang=it#primaryimage\"},\"image\":{\"@id\":\"https:\/\/atthrea.com\/about\/?lang=it#primaryimage\"},\"thumbnailUrl\":\"https:\/\/atthrea.com\/app\/uploads\/2024\/03\/atthrea-environmental-impact.jpg\",\"datePublished\":\"2024-03-24T08:16:15+00:00\",\"dateModified\":\"2024-04-17T16:05:47+00:00\",\"breadcrumb\":{\"@id\":\"https:\/\/atthrea.com\/about\/?lang=it#breadcrumb\"},\"inLanguage\":\"it-IT\",\"potentialAction\":[{\"@type\":\"ReadAction\",\"target\":[\"https:\/\/atthrea.com\/about\/?lang=it\"]}]},{\"@type\":\"ImageObject\",\"inLanguage\":\"it-IT\",\"@id\":\"https:\/\/atthrea.com\/about\/?lang=it#primaryimage\",\"url\":\"https:\/\/atthrea.com\/app\/uploads\/2024\/03\/atthrea-environmental-impact.jpg\",\"contentUrl\":\"https:\/\/atthrea.com\/app\/uploads\/2024\/03\/atthrea-environmental-impact.jpg\"},{\"@type\":\"BreadcrumbList\",\"@id\":\"https:\/\/atthrea.com\/about\/?lang=it#breadcrumb\",\"itemListElement\":[{\"@type\":\"ListItem\",\"position\":1,\"name\":\"Home\",\"item\":\"https:\/\/atthrea.com\/it\/\"},{\"@type\":\"ListItem\",\"position\":2,\"name\":\"Chi siamo\"}]},{\"@type\":\"WebSite\",\"@id\":\"https:\/\/atthrea.com\/#website\",\"url\":\"https:\/\/atthrea.com\/\",\"name\":\"atthrea\",\"description\":\"ready-to-wear classic elegance\",\"potentialAction\":[{\"@type\":\"SearchAction\",\"target\":{\"@type\":\"EntryPoint\",\"urlTemplate\":\"https:\/\/atthrea.com\/?s={search_term_string}\"},\"query-input\":\"required name=search_term_string\"}],\"inLanguage\":\"it-IT\"}]}<\/script>\n<!-- \/ Yoast SEO plugin. -->","yoast_head_json":{"title":"Chi siamo - atthrea","robots":{"index":"index","follow":"follow","max-snippet":"max-snippet:-1","max-image-preview":"max-image-preview:large","max-video-preview":"max-video-preview:-1"},"canonical":"https:\/\/atthrea.com\/about\/?lang=it","og_locale":"it_IT","og_type":"article","og_title":"Chi siamo - atthrea","og_description":"Fondata nel 2020 a Berlino, atthrea nasce dalla visione di fondere chic e coscienza nella moda. Con il nostro team internazionale distribuito in Germania, Francia e Italia, abbiamo unito creativit\u00e0 e innovazione, aspirando a stabilire nuovi standard per il lusso etico.&nbsp; atthrea si distingue scegliendo i migliori tessuti naturali come seta, lino, cashmere, merino, lana &hellip; Continua","og_url":"https:\/\/atthrea.com\/about\/?lang=it","og_site_name":"atthrea","article_modified_time":"2024-04-17T16:05:47+00:00","og_image":[{"url":"https:\/\/atthrea.com\/app\/uploads\/2024\/03\/atthrea-environmental-impact.jpg"}],"twitter_card":"summary_large_image","twitter_misc":{"Est. reading time":"2 minutes"},"schema":{"@context":"https:\/\/schema.org","@graph":[{"@type":"WebPage","@id":"https:\/\/atthrea.com\/about\/?lang=it","url":"https:\/\/atthrea.com\/about\/?lang=it","name":"Chi siamo - atthrea","isPartOf":{"@id":"https:\/\/atthrea.com\/#website"},"primaryImageOfPage":{"@id":"https:\/\/atthrea.com\/about\/?lang=it#primaryimage"},"image":{"@id":"https:\/\/atthrea.com\/about\/?lang=it#primaryimage"},"thumbnailUrl":"https:\/\/atthrea.com\/app\/uploads\/2024\/03\/atthrea-environmental-impact.jpg","datePublished":"2024-03-24T08:16:15+00:00","dateModified":"2024-04-17T16:05:47+00:00","breadcrumb":{"@id":"https:\/\/atthrea.com\/about\/?lang=it#breadcrumb"},"inLanguage":"it-IT","potentialAction":[{"@type":"ReadAction","target":["https:\/\/atthrea.com\/about\/?lang=it"]}]},{"@type":"ImageObject","inLanguage":"it-IT","@id":"https:\/\/atthrea.com\/about\/?lang=it#primaryimage","url":"https:\/\/atthrea.com\/app\/uploads\/2024\/03\/atthrea-environmental-impact.jpg","contentUrl":"https:\/\/atthrea.com\/app\/uploads\/2024\/03\/atthrea-environmental-impact.jpg"},{"@type":"BreadcrumbList","@id":"https:\/\/atthrea.com\/about\/?lang=it#breadcrumb","itemListElement":[{"@type":"ListItem","position":1,"name":"Home","item":"https:\/\/atthrea.com\/it\/"},{"@type":"ListItem","position":2,"name":"Chi siamo"}]},{"@type":"WebSite","@id":"https:\/\/atthrea.com\/#website","url":"https:\/\/atthrea.com\/","name":"atthrea","description":"ready-to-wear classic elegance","potentialAction":[{"@type":"SearchAction","target":{"@type":"EntryPoint","urlTemplate":"https:\/\/atthrea.com\/?s={search_term_string}"},"query-input":"required name=search_term_string"}],"inLanguage":"it-IT"}]}},"_links":{"self":[{"href":"https:\/\/atthrea.com\/it\/wp-json\/wp\/v2\/pages\/3278"}],"collection":[{"href":"https:\/\/atthrea.com\/it\/wp-json\/wp\/v2\/pages"}],"about":[{"href":"https:\/\/atthrea.com\/it\/wp-json\/wp\/v2\/types\/page"}],"author":[{"embeddable":true,"href":"https:\/\/atthrea.com\/it\/wp-json\/wp\/v2\/users\/7"}],"replies":[{"embeddable":true,"href":"https:\/\/atthrea.com\/it\/wp-json\/wp\/v2\/comments?post=3278"}],"version-history":[{"count":3,"href":"https:\/\/atthrea.com\/it\/wp-json\/wp\/v2\/pages\/3278\/revisions"}],"predecessor-version":[{"id":3291,"href":"https:\/\/atthrea.com\/it\/wp-json\/wp\/v2\/pages\/3278\/revisions\/3291"}],"wp:attachment":[{"href":"https:\/\/atthrea.com\/it\/wp-json\/wp\/v2\/media?parent=3278"}],"curies":[{"name":"wp","href":"https:\/\/api.w.org\/{rel}","templated":true}]}}