{"id":1112,"date":"2023-08-03T14:07:48","date_gmt":"2023-08-03T14:07:48","guid":{"rendered":"https:\/\/atthrea.com\/?page_id=1112"},"modified":"2024-10-21T15:28:34","modified_gmt":"2024-10-21T15:28:34","slug":"statuto-di-atthrea","status":"publish","type":"page","link":"https:\/\/atthrea.com\/it\/statuto-di-atthrea\/","title":{"rendered":"Statuto di Atthrea"},"content":{"rendered":"\n<p><br><strong>Statuto di atthrea<\/strong><\/p>\n\n\n\n<ol>\n<li>Lo store di e-commerce che opera all&#8217;indirizzo <a href=\"http:\/\/www.atthrea.com\/\">www.atthrea.com<\/a> svolge attivit\u00e0 commerciali relative alla vendita di lingerie esclusiva per donne. Lo store offre la possibilit\u00e0 di consegnare prodotti in tutta l&#8217;Unione Europea.<\/li>\n\n\n\n<li>Questo regolamento copre le vendite ai consumatori in conformit\u00e0 alle disposizioni della Legge del 30 maggio 2014 sui diritti dei consumatori (Gazzetta Ufficiale del 2014, numero 827). Un consumatore \u00e8 una persona definita dall&#8217;articolo 22\u00b9 del Codice Civile. All&#8217;interno di questo regolamento, viene considerata consumatrice anche una persona fisica che stipula un contratto direttamente legato alla sua attivit\u00e0 commerciale, a condizione che dal contenuto di questo contratto non emerga un carattere professionale, in particolare in relazione all&#8217;oggetto della sua attivit\u00e0 commerciale, che sia stato reso disponibile in base alle disposizioni del Registro Centrale e delle Informazioni sull&#8217;Attivit\u00e0 Economica. Un cliente che effettua un acquisto nel negozio online dovrebbe prendere familiarit\u00e0 con questo regolamento. Durante la fase di ordinazione, al cliente verr\u00e0 richiesto di accettare le disposizioni del regolamento tramite l&#8217;opzione &#8220;check-box&#8221; fornita.<\/li>\n\n\n\n<li>Il proprietario del negozio online \u00e8 atthrea GmbH, con sede a Berlino, Kurf\u00fcrstenstr. 114, 10787 Berlino, Germania, iscritta presso la Camera di Commercio con il numero HRB 248478, numero di identificazione fiscale (NIP) DE359262571, capitale sociale di 25.000 EUR, interamente versato (Venditore).<\/li>\n\n\n\n<li>Il contatto con atthrea \u00e8 possibile nei seguenti modi:\n<ol class=\"list-style-type-lower-alpha\">\n<li>Tramite email all&#8217;indirizzo: wecare@atthrea.it<\/li>\n\n\n\n<li>Per posta all&#8217;indirizzo: Kurf\u00fcrstenstr. 114, 10787 Berlino, Germania.<\/li>\n<\/ol>\n<\/li>\n\n\n\n<li>Oggetto della nostra attivit\u00e0 \u00e8 l&#8217;abbigliamento esclusivo da donna e da uomo realizzato con materiali naturali. Siamo obbligati a fornire prodotti conformi al contratto e privi di difetti.<\/li>\n\n\n\n<li>I prezzi dei prodotti offerti sono indicati sul nostro sito web accanto alle singole voci di merce. I prezzi indicati sono prezzi lordi (comprensivi di IVA) espressi in Euro.<\/li>\n\n\n\n<li>Inoltre, al prezzo del prodotto viene aggiunto il costo della spedizione<\/li>\n\n\n\n<li>Il costo della spedizione dipende dal metodo di consegna scelto. L&#8217;importo del costo di spedizione appare durante la fase di effettuazione dell&#8217;ordine, a seconda dell&#8217;opzione selezionata. Inoltre, sulla nostra homepage \u00e8 presente una sezione con informazioni sui costi e i metodi di spedizione. La spedizione avviene dopo aver ricevuto il pagamento completo per la merce ordinata.<\/li>\n\n\n\n<li>Il prodotto viene consegnato al Cliente tramite corriere. Il tempo di consegna stimato \u00e8 fino a 14 giorni lavorativi, tranne durante i periodi promozionali, quando la consegna pu\u00f2 richiedere fino a 30 giorni lavorativi.<\/li>\n\n\n\n<li>La modalit\u00e0 di ritiro della spedizione dal Trasportatore \u00e8 stabilita dal Trasportatore stesso.<\/li>\n\n\n\n<li>I prezzi dei prodotti indicati sul nostro sito web al momento dell&#8217;ordine sono vincolanti.<\/li>\n\n\n\n<li>Il pagamento per la merce ordinata pu\u00f2 essere effettuato nei seguenti modi:\n<ol class=\"list-style-type-lower-alpha\">\n<li>Con carta di credito<\/li>\n\n\n\n<li>Tramite il bonifico bancario<\/li>\n\n\n\n<li>Utilizzando il sistema PayPal<\/li>\n\n\n\n<li>Utilizzando il sistema Klarna<\/li>\n<\/ol>\n<\/li>\n\n\n\n<li>Al consumatore spetta il diritto di recedere dal presente contratto entro 14 giorni, senza dover fornire alcuna ragione. Tale termine scade dopo 14 giorni dal momento in cui il consumatore entra in possesso della merce o in cui una terza persona diversa dal vettore e designata dal consumatore entra in possesso della merce. Per esercitare il diritto di recesso dal contratto, il consumatore deve informare atthrea, cio\u00e8 atthrea GmbH, Kurf\u00fcrstenstr. 114, 10787 Berlino, Germania, tramite l&#8217;indirizzo email wecare@atthrea.it, della sua decisione di recedere dal presente contratto mediante una dichiarazione inequivocabile (ad esempio, inviando una lettera per posta, un fax o una e-mail). Il consumatore pu\u00f2 utilizzare il modello di modulo di recesso preparato da noi, che \u00e8 disponibile sulla homepage del negozio (modello di recesso in formato PDF), ma ci\u00f2 non \u00e8 obbligatorio. Per rispettare il termine di recesso dal contratto, \u00e8 sufficiente che l&#8217;informazione riguardante l&#8217;esercizio del diritto di recesso garantito al consumatore venga inviata prima della scadenza del periodo di recesso dal contratto.<\/li>\n\n\n\n<li>In caso di recesso dal presente contratto, atthrea rimborser\u00e0 al consumatore tutti i pagamenti ricevuti da lui, compresi i costi di consegna della merce (ad eccezione dei costi aggiuntivi derivanti dalla scelta da parte del consumatore di un metodo di consegna diverso dal metodo di consegna standard offerto da atthrea), senza indebito ritardo e in ogni caso non oltre 14 giorni dalla data in cui atthrea \u00e8 stata informata dalla decisione del consumatore di esercitare il diritto di recesso dal contratto. Il rimborso verr\u00e0 effettuato utilizzando gli stessi mezzi di pagamento utilizzati dal consumatore per la transazione iniziale, a meno che il consumatore non abbia espressamente concordato un diverso mezzo di rimborso che non comporti alcun costo per lui. atthrea pu\u00f2 trattenere il rimborso fino a quando non abbia ricevuto la merce o fino a quando il consumatore non abbia fornito prova di aver rispedito la merce, a seconda di quale evento si verifichi per primo. La restituzione o la consegna della merce a atthrea deve avvenire all&#8217;indirizzo atthrea GmbH, Kurf\u00fcrstenstr. 114, 10787 Berlino, Germania, senza indebito ritardo e in ogni caso non oltre 14 giorni dalla data in cui il consumatore ha informato atthrea della decisione di recedere dal presente contratto. Il termine \u00e8 rispettato se la merce viene restituita prima della scadenza del periodo di 14 giorni. Il consumatore sostiene i costi diretti della restituzione della merce derivanti dal recesso dal contratto. Il consumatore \u00e8 responsabile solo per la diminuzione del valore della merce risultante dall&#8217;uso della merce in modo diverso da quello necessario per accertarne la natura, le caratteristiche e il funzionamento.<\/li>\n\n\n\n<li>Il diritto di recesso dal contratto non spetta al consumatore per quanto riguarda i contratti:\n<ol class=\"list-style-type-lower-alpha\">\n<li>in cui il prezzo o il compenso dipende da fluttuazioni del mercato finanziario su cui atthrea non ha controllo e che possono verificarsi prima della scadenza del termine di recesso dal contratto;<\/li>\n\n\n\n<li>la cui prestazione ha ad oggetto un bene non prefabbricato, prodotto su specifica del consumatore o destinato a soddisfare le sue esigenze personalizzate;<\/li>\n\n\n\n<li>la cui prestazione ha ad oggetto un bene deperibile o soggetto a rapido deterioramento o con scadenza a breve termine;<\/li>\n\n\n\n<li>la cui prestazione ha ad oggetto un bene consegnato in confezione sigillata, che non pu\u00f2 essere restituito per motivi di protezione della salute o per motivi igienici, qualora la confezione sia stata aperta dopo la consegna;<\/li>\n\n\n\n<li>la cui prestazione ha ad oggetto beni che, per loro natura, dopo la consegna, sono mescolati in modo indissolubile con altre cose.<\/li>\n<\/ol>\n<\/li>\n\n\n\n<li>Procedura di gestione dei reclami:<br>Nel caso di reclami relativi a beni acquistati dai consumatori presso il negozio online gestito da atthrea GmbH, Kurf\u00fcrstenstr. 114, 10787 Berlino, Germania (Venditore), si applica la seguente procedura di reclamo:\n<ol class=\"list-style-type-lower-alpha\">\n<li>Il Venditore \u00e8 tenuto a fornire merce conforme al contratto e priva di difetti. Il Venditore \u00e8 responsabile nei confronti del compratore se la merce venduta non \u00e8 conforme al contratto. Ci\u00f2 non esclude la responsabilit\u00e0 del Venditore per inadempimento o cattiva esecuzione del contratto in base alle disposizioni generali. La merce viene controllata per eventuali danni all&#8217;imballaggio prima di essere inviata al Cliente.<\/li>\n\n\n\n<li>Il Venditore non fornisce garanzie sui beni venduti.<\/li>\n\n\n\n<li>I reclami possono essere presentati al Venditore per posta o tramite e-mail, utilizzando i dettagli di contatto come indicato al paragrafo 4 sopra.<\/li>\n\n\n\n<li>Il Venditore risponder\u00e0 ai reclami entro 14 giorni dalla ricezione della spedizione contenente la merce oggetto del reclamo. La risposta sar\u00e0 fornita nel modo scelto dal Consumatore tra i seguenti: tramite e-mail o per posta.<\/li>\n<\/ol>\n<\/li>\n\n\n\n<li>Il Consumatore ha la possibilit\u00e0 di tentare di risolvere eventuali dispute attraverso la mediazione tramite l&#8217;uso di un mediatore designato per i diritti dei consumatori o da organizzazioni per la tutela dei consumatori, compresa la Federazione dei Consumatori, nonch\u00e9 di utilizzare l&#8217;assistenza di una Corte Arbitrale per Consumatori permanente e alternativa, in conformit\u00e0 con le procedure previste dalla legge. L&#8217;utilizzo di tali metodi di risoluzione delle controversie \u00e8 volontario.<\/li>\n\n\n\n<li>Il Consumatore ha anche la possibilit\u00e0 di utilizzare la piattaforma ODR (Risoluzione delle Controversie Online) disponibile all&#8217;indirizzo: https:\/\/ec.europa.eu\/consumers\/odr.<\/li>\n\n\n\n<li>Per concludere il contratto (effettuare un acquisto) sono necessari i seguenti passaggi:\n<ol class=\"list-style-type-lower-alpha\">\n<li>Selezionare prodotti specifici.<\/li>\n\n\n\n<li>Scegliere il metodo di consegna e il metodo di pagamento.<\/li>\n\n\n\n<li>Concordare i dettagli (se applicabile).<\/li>\n\n\n\n<li>Familiarizzarsi e accettare le informazioni fornite e i termini e condizioni.<\/li>\n\n\n\n<li>Effettuare un ordine con l&#8217;obbligo di effettuare il pagamento.<\/li>\n<\/ol>\n<\/li>\n\n\n\n<li>Il contratto di vendita \u00e8 stipulato in lingua inglese.<\/li>\n\n\n\n<li>Protezione dei dati personali:\n<ol class=\"list-style-type-lower-alpha\">\n<li>Il Venditore, in qualit\u00e0 di Titolare del Trattamento dei Dati Personali, fa ogni sforzo per garantire la protezione dei Dati Personali da distruzioni accidentali o deliberate, perdite, modifiche, divulgazioni non autorizzate, uso improprio o accesso non autorizzato, conformemente alle disposizioni di legge vigenti, compreso il GDPR.<\/li>\n\n\n\n<li>Il Venditore utilizza, all&#8217;interno del Negozio Online, cookie e altre tecnologie simili per migliorare l&#8217;efficienza e offrire funzionalit\u00e0 sempre migliori al Cliente del Negozio Online, oltre a pubblicizzare in modo pi\u00f9 mirato. Se il Cliente non acconsente alla memorizzazione e alla ricezione delle informazioni attraverso i cookie, pu\u00f2 modificare le impostazioni relative ai cookie utilizzando il proprio browser web o utilizzare la funzione &#8220;opt-out&#8221; disponibile sul sito del fornitore della tecnologia specifica.<\/li>\n\n\n\n<li>Ulteriori informazioni sul trattamento dei Dati Personali da parte del Venditore, nonch\u00e9 dettagli sulle tecnologie utilizzate dal Venditore, sono disponibili nella Politica sulla Privacy accessibile qui.<\/li>\n<\/ol>\n<\/li>\n\n\n\n<li>La corrispondenza relativa all&#8217;assistenza e all&#8217;esecuzione degli ordini \u00e8 da indirizzare all&#8217;indirizzo wecare@atthrea.it, mentre tutte le questioni riguardanti la protezione dei dati personali sono da inviare all&#8217;indirizzo gdpr@atthrea.com.<\/li>\n\n\n\n<li>Il cliente non ha il diritto di fornire al venditore contenuti illegali.<\/li>\n\n\n\n<li>Tutte le disposizioni di questo Regolamento sono soggette a negoziazione e saranno vincolanti a meno che il Cliente e il Venditore non abbiano concordato diversamente. Il Cliente che desidera negoziare una qualsiasi delle disposizioni del Regolamento dovrebbe contattare il Venditore tramite posta elettronica. Ogni accordo in tal senso sar\u00e0 effettuato per iscritto, in particolare mediante posta elettronica, a pena di nullit\u00e0.<\/li>\n\n\n\n<li>Eventuali disposizioni di questo Regolamento che determinano diritti o doveri dei clienti in modo contrario ai diritti dei consumatori derivanti dalle leggi generali in vigore o che violino gli interessi dei consumatori non si applicano ai consumatori.<\/li>\n<\/ol>\n","protected":false},"excerpt":{"rendered":"<p>Statuto di atthrea<\/p>\n","protected":false},"author":1,"featured_media":2433,"parent":0,"menu_order":0,"comment_status":"closed","ping_status":"closed","template":"template-regulations.blade.php","meta":{"footnotes":""},"acf":[],"yoast_head":"<!-- This site is optimized with the Yoast SEO plugin v22.9 - https:\/\/yoast.com\/wordpress\/plugins\/seo\/ -->\n<title>Statuto di atthrea | Informazioni legali | atthrea.com<\/title>\n<meta name=\"description\" content=\"Scopri le normative e le offerte di abbigliamento femminile esclusivo su atthrea. Acquista ora con fiducia per un&#039;eleganza senza tempo!\" \/>\n<meta name=\"robots\" content=\"index, follow, max-snippet:-1, max-image-preview:large, max-video-preview:-1\" \/>\n<link rel=\"canonical\" href=\"https:\/\/atthrea.com\/it\/statuto-di-atthrea\/\" \/>\n<meta property=\"og:locale\" content=\"it_IT\" \/>\n<meta property=\"og:type\" content=\"article\" \/>\n<meta property=\"og:title\" content=\"Statuto di atthrea | Informazioni legali | atthrea.com\" \/>\n<meta property=\"og:description\" content=\"Scopri le normative e le offerte di abbigliamento femminile esclusivo su atthrea. Acquista ora con fiducia per un&#039;eleganza senza tempo!\" \/>\n<meta property=\"og:url\" content=\"https:\/\/atthrea.com\/it\/statuto-di-atthrea\/\" \/>\n<meta property=\"og:site_name\" content=\"atthrea\" \/>\n<meta property=\"article:modified_time\" content=\"2024-10-21T15:28:34+00:00\" \/>\n<meta property=\"og:image\" content=\"https:\/\/atthrea.com\/app\/uploads\/2023\/12\/230401_Atthrea122553-2-3-2.jpg\" \/>\n\t<meta property=\"og:image:width\" content=\"955\" \/>\n\t<meta property=\"og:image:height\" content=\"674\" \/>\n\t<meta property=\"og:image:type\" content=\"image\/jpeg\" \/>\n<meta name=\"twitter:card\" content=\"summary_large_image\" \/>\n<meta name=\"twitter:title\" content=\"Statuto di atthrea | Informazioni legali | atthrea.com\" \/>\n<meta name=\"twitter:description\" content=\"Scopri le normative e le offerte di abbigliamento femminile esclusivo su atthrea. Acquista ora con fiducia per un&#039;eleganza senza tempo!\" \/>\n<meta name=\"twitter:image\" content=\"https:\/\/atthrea.com\/app\/uploads\/2023\/12\/230401_Atthrea122553-2-3-2.jpg\" \/>\n<meta name=\"twitter:label1\" content=\"Est. reading time\" \/>\n\t<meta name=\"twitter:data1\" content=\"8 minutes\" \/>\n<script type=\"application\/ld+json\" class=\"yoast-schema-graph\">{\"@context\":\"https:\/\/schema.org\",\"@graph\":[{\"@type\":\"WebPage\",\"@id\":\"https:\/\/atthrea.com\/it\/statuto-di-atthrea\/\",\"url\":\"https:\/\/atthrea.com\/it\/statuto-di-atthrea\/\",\"name\":\"Statuto di atthrea | Informazioni legali | atthrea.com\",\"isPartOf\":{\"@id\":\"https:\/\/atthrea.com\/#website\"},\"primaryImageOfPage\":{\"@id\":\"https:\/\/atthrea.com\/it\/statuto-di-atthrea\/#primaryimage\"},\"image\":{\"@id\":\"https:\/\/atthrea.com\/it\/statuto-di-atthrea\/#primaryimage\"},\"thumbnailUrl\":\"https:\/\/atthrea.com\/app\/uploads\/2023\/12\/230401_Atthrea122553-2-3-2.jpg\",\"datePublished\":\"2023-08-03T14:07:48+00:00\",\"dateModified\":\"2024-10-21T15:28:34+00:00\",\"description\":\"Scopri le normative e le offerte di abbigliamento femminile esclusivo su atthrea. Acquista ora con fiducia per un'eleganza senza tempo!\",\"breadcrumb\":{\"@id\":\"https:\/\/atthrea.com\/it\/statuto-di-atthrea\/#breadcrumb\"},\"inLanguage\":\"it-IT\",\"potentialAction\":[{\"@type\":\"ReadAction\",\"target\":[\"https:\/\/atthrea.com\/it\/statuto-di-atthrea\/\"]}]},{\"@type\":\"ImageObject\",\"inLanguage\":\"it-IT\",\"@id\":\"https:\/\/atthrea.com\/it\/statuto-di-atthrea\/#primaryimage\",\"url\":\"https:\/\/atthrea.com\/app\/uploads\/2023\/12\/230401_Atthrea122553-2-3-2.jpg\",\"contentUrl\":\"https:\/\/atthrea.com\/app\/uploads\/2023\/12\/230401_Atthrea122553-2-3-2.jpg\",\"width\":955,\"height\":674,\"caption\":\"Modella con un maglione a collo alto in seta lussuosa di atthrea. La texture elegante e la leggera lucentezza del maglione evidenziano la qualit\u00e0 dell'artigianato.\"},{\"@type\":\"BreadcrumbList\",\"@id\":\"https:\/\/atthrea.com\/it\/statuto-di-atthrea\/#breadcrumb\",\"itemListElement\":[{\"@type\":\"ListItem\",\"position\":1,\"name\":\"Home\",\"item\":\"https:\/\/atthrea.com\/it\/\"},{\"@type\":\"ListItem\",\"position\":2,\"name\":\"Statuto di Atthrea\"}]},{\"@type\":\"WebSite\",\"@id\":\"https:\/\/atthrea.com\/#website\",\"url\":\"https:\/\/atthrea.com\/\",\"name\":\"atthrea\",\"description\":\"ready-to-wear classic elegance\",\"potentialAction\":[{\"@type\":\"SearchAction\",\"target\":{\"@type\":\"EntryPoint\",\"urlTemplate\":\"https:\/\/atthrea.com\/?s={search_term_string}\"},\"query-input\":\"required name=search_term_string\"}],\"inLanguage\":\"it-IT\"}]}<\/script>\n<!-- \/ Yoast SEO plugin. -->","yoast_head_json":{"title":"Statuto di atthrea | Informazioni legali | atthrea.com","description":"Scopri le normative e le offerte di abbigliamento femminile esclusivo su atthrea. Acquista ora con fiducia per un'eleganza senza tempo!","robots":{"index":"index","follow":"follow","max-snippet":"max-snippet:-1","max-image-preview":"max-image-preview:large","max-video-preview":"max-video-preview:-1"},"canonical":"https:\/\/atthrea.com\/it\/statuto-di-atthrea\/","og_locale":"it_IT","og_type":"article","og_title":"Statuto di atthrea | Informazioni legali | atthrea.com","og_description":"Scopri le normative e le offerte di abbigliamento femminile esclusivo su atthrea. Acquista ora con fiducia per un'eleganza senza tempo!","og_url":"https:\/\/atthrea.com\/it\/statuto-di-atthrea\/","og_site_name":"atthrea","article_modified_time":"2024-10-21T15:28:34+00:00","og_image":[{"width":955,"height":674,"url":"https:\/\/atthrea.com\/app\/uploads\/2023\/12\/230401_Atthrea122553-2-3-2.jpg","type":"image\/jpeg"}],"twitter_card":"summary_large_image","twitter_title":"Statuto di atthrea | Informazioni legali | atthrea.com","twitter_description":"Scopri le normative e le offerte di abbigliamento femminile esclusivo su atthrea. Acquista ora con fiducia per un'eleganza senza tempo!","twitter_image":"https:\/\/atthrea.com\/app\/uploads\/2023\/12\/230401_Atthrea122553-2-3-2.jpg","twitter_misc":{"Est. reading time":"8 minutes"},"schema":{"@context":"https:\/\/schema.org","@graph":[{"@type":"WebPage","@id":"https:\/\/atthrea.com\/it\/statuto-di-atthrea\/","url":"https:\/\/atthrea.com\/it\/statuto-di-atthrea\/","name":"Statuto di atthrea | Informazioni legali | atthrea.com","isPartOf":{"@id":"https:\/\/atthrea.com\/#website"},"primaryImageOfPage":{"@id":"https:\/\/atthrea.com\/it\/statuto-di-atthrea\/#primaryimage"},"image":{"@id":"https:\/\/atthrea.com\/it\/statuto-di-atthrea\/#primaryimage"},"thumbnailUrl":"https:\/\/atthrea.com\/app\/uploads\/2023\/12\/230401_Atthrea122553-2-3-2.jpg","datePublished":"2023-08-03T14:07:48+00:00","dateModified":"2024-10-21T15:28:34+00:00","description":"Scopri le normative e le offerte di abbigliamento femminile esclusivo su atthrea. Acquista ora con fiducia per un'eleganza senza tempo!","breadcrumb":{"@id":"https:\/\/atthrea.com\/it\/statuto-di-atthrea\/#breadcrumb"},"inLanguage":"it-IT","potentialAction":[{"@type":"ReadAction","target":["https:\/\/atthrea.com\/it\/statuto-di-atthrea\/"]}]},{"@type":"ImageObject","inLanguage":"it-IT","@id":"https:\/\/atthrea.com\/it\/statuto-di-atthrea\/#primaryimage","url":"https:\/\/atthrea.com\/app\/uploads\/2023\/12\/230401_Atthrea122553-2-3-2.jpg","contentUrl":"https:\/\/atthrea.com\/app\/uploads\/2023\/12\/230401_Atthrea122553-2-3-2.jpg","width":955,"height":674,"caption":"Modella con un maglione a collo alto in seta lussuosa di atthrea. La texture elegante e la leggera lucentezza del maglione evidenziano la qualit\u00e0 dell'artigianato."},{"@type":"BreadcrumbList","@id":"https:\/\/atthrea.com\/it\/statuto-di-atthrea\/#breadcrumb","itemListElement":[{"@type":"ListItem","position":1,"name":"Home","item":"https:\/\/atthrea.com\/it\/"},{"@type":"ListItem","position":2,"name":"Statuto di Atthrea"}]},{"@type":"WebSite","@id":"https:\/\/atthrea.com\/#website","url":"https:\/\/atthrea.com\/","name":"atthrea","description":"ready-to-wear classic elegance","potentialAction":[{"@type":"SearchAction","target":{"@type":"EntryPoint","urlTemplate":"https:\/\/atthrea.com\/?s={search_term_string}"},"query-input":"required name=search_term_string"}],"inLanguage":"it-IT"}]}},"_links":{"self":[{"href":"https:\/\/atthrea.com\/it\/wp-json\/wp\/v2\/pages\/1112"}],"collection":[{"href":"https:\/\/atthrea.com\/it\/wp-json\/wp\/v2\/pages"}],"about":[{"href":"https:\/\/atthrea.com\/it\/wp-json\/wp\/v2\/types\/page"}],"author":[{"embeddable":true,"href":"https:\/\/atthrea.com\/it\/wp-json\/wp\/v2\/users\/1"}],"replies":[{"embeddable":true,"href":"https:\/\/atthrea.com\/it\/wp-json\/wp\/v2\/comments?post=1112"}],"version-history":[{"count":8,"href":"https:\/\/atthrea.com\/it\/wp-json\/wp\/v2\/pages\/1112\/revisions"}],"predecessor-version":[{"id":4257,"href":"https:\/\/atthrea.com\/it\/wp-json\/wp\/v2\/pages\/1112\/revisions\/4257"}],"wp:featuredmedia":[{"embeddable":true,"href":"https:\/\/atthrea.com\/it\/wp-json\/wp\/v2\/media\/2433"}],"wp:attachment":[{"href":"https:\/\/atthrea.com\/it\/wp-json\/wp\/v2\/media?parent=1112"}],"curies":[{"name":"wp","href":"https:\/\/api.w.org\/{rel}","templated":true}]}}