{"id":1487,"date":"2023-06-28T10:56:46","date_gmt":"2023-06-28T10:56:46","guid":{"rendered":"https:\/\/atthrea.com\/?post_type=product&#038;p=1487"},"modified":"2024-12-19T14:24:24","modified_gmt":"2024-12-19T14:24:24","slug":"silk-pillowcase-80x80","status":"publish","type":"product","link":"https:\/\/atthrea.com\/fr\/product\/silk-pillowcase-80x80\/","title":{"rendered":"Silk pillowcase 80&#215;80"},"content":{"rendered":"<p>Taies d\u2019oreiller, 100% soie satin, 80x80cm<\/p>\n","protected":false},"excerpt":{"rendered":"<p>Taies d\u2019oreiller, 100% soie satin, 80x80cm<\/p>\n","protected":false},"featured_media":2025,"comment_status":"open","ping_status":"closed","template":"","meta":[],"product_cat":[124,131],"product_tag":[],"acf":[],"yoast_head":"<!-- This site is optimized with the Yoast SEO plugin v22.9 - https:\/\/yoast.com\/wordpress\/plugins\/seo\/ -->\n<title>Taie d&#039;Oreiller de Luxe en Soie 80x80 | atthrea<\/title>\n<meta name=\"description\" content=\"Am\u00e9liorez votre exp\u00e9rience de sommeil avec notre Taie d&#039;Oreiller de Luxe en Soie 80x80. Con\u00e7ue pour le confort et le style. Achetez maintenant chez atthrea pour une qualit\u00e9 premium\" \/>\n<meta name=\"robots\" content=\"index, follow, max-snippet:-1, max-image-preview:large, max-video-preview:-1\" \/>\n<link rel=\"canonical\" href=\"https:\/\/atthrea.com\/fr\/product\/silk-pillowcase-80x80\/\" \/>\n<meta property=\"og:locale\" content=\"fr_FR\" \/>\n<meta property=\"og:type\" content=\"article\" \/>\n<meta property=\"og:title\" content=\"Taie d&#039;Oreiller de Luxe en Soie 80x80 | atthrea\" \/>\n<meta property=\"og:description\" content=\"Am\u00e9liorez votre exp\u00e9rience de sommeil avec notre Taie d&#039;Oreiller de Luxe en Soie 80x80. Con\u00e7ue pour le confort et le style. Achetez maintenant chez atthrea pour une qualit\u00e9 premium\" \/>\n<meta property=\"og:url\" content=\"https:\/\/atthrea.com\/fr\/product\/silk-pillowcase-80x80\/\" \/>\n<meta property=\"og:site_name\" content=\"atthrea\" \/>\n<meta property=\"article:modified_time\" content=\"2024-12-19T14:24:24+00:00\" \/>\n<meta property=\"og:image\" content=\"https:\/\/atthrea.com\/app\/uploads\/2023\/06\/130000000001.jpg\" \/>\n\t<meta property=\"og:image:width\" content=\"900\" \/>\n\t<meta property=\"og:image:height\" content=\"1350\" \/>\n\t<meta property=\"og:image:type\" content=\"image\/jpeg\" \/>\n<meta name=\"twitter:card\" content=\"summary_large_image\" \/>\n<meta name=\"twitter:label1\" content=\"Est. reading time\" \/>\n\t<meta name=\"twitter:data1\" content=\"1 minute\" \/>\n<script type=\"application\/ld+json\" class=\"yoast-schema-graph\">{\"@context\":\"https:\/\/schema.org\",\"@graph\":[{\"@type\":\"WebPage\",\"@id\":\"https:\/\/atthrea.com\/fr\/product\/silk-pillowcase-80x80\/\",\"url\":\"https:\/\/atthrea.com\/fr\/product\/silk-pillowcase-80x80\/\",\"name\":\"Taie d'Oreiller de Luxe en Soie 80x80 | atthrea\",\"isPartOf\":{\"@id\":\"https:\/\/atthrea.com\/#website\"},\"primaryImageOfPage\":{\"@id\":\"https:\/\/atthrea.com\/fr\/product\/silk-pillowcase-80x80\/#primaryimage\"},\"image\":{\"@id\":\"https:\/\/atthrea.com\/fr\/product\/silk-pillowcase-80x80\/#primaryimage\"},\"thumbnailUrl\":\"https:\/\/atthrea.com\/app\/uploads\/2023\/06\/130000000001.jpg\",\"datePublished\":\"2023-06-28T10:56:46+00:00\",\"dateModified\":\"2024-12-19T14:24:24+00:00\",\"description\":\"Am\u00e9liorez votre exp\u00e9rience de sommeil avec notre Taie d'Oreiller de Luxe en Soie 80x80. Con\u00e7ue pour le confort et le style. Achetez maintenant chez atthrea pour une qualit\u00e9 premium\",\"breadcrumb\":{\"@id\":\"https:\/\/atthrea.com\/fr\/product\/silk-pillowcase-80x80\/#breadcrumb\"},\"inLanguage\":\"fr-FR\",\"potentialAction\":[{\"@type\":\"ReadAction\",\"target\":[\"https:\/\/atthrea.com\/fr\/product\/silk-pillowcase-80x80\/\"]}]},{\"@type\":\"ImageObject\",\"inLanguage\":\"fr-FR\",\"@id\":\"https:\/\/atthrea.com\/fr\/product\/silk-pillowcase-80x80\/#primaryimage\",\"url\":\"https:\/\/atthrea.com\/app\/uploads\/2023\/06\/130000000001.jpg\",\"contentUrl\":\"https:\/\/atthrea.com\/app\/uploads\/2023\/06\/130000000001.jpg\",\"width\":900,\"height\":1350,\"caption\":\"Une taie d'oreiller en soie luxueuse de 80x80 cm, parfaite pour les cheveux et la peau, cr\u00e9\u00e9e par Atthrea\"},{\"@type\":\"BreadcrumbList\",\"@id\":\"https:\/\/atthrea.com\/fr\/product\/silk-pillowcase-80x80\/#breadcrumb\",\"itemListElement\":[{\"@type\":\"ListItem\",\"position\":1,\"name\":\"Home\",\"item\":\"https:\/\/atthrea.com\/fr\/\"},{\"@type\":\"ListItem\",\"position\":2,\"name\":\"Boutique\",\"item\":\"https:\/\/atthrea.com\/boutique\/?lang=fr\"},{\"@type\":\"ListItem\",\"position\":3,\"name\":\"Silk pillowcase 80&#215;80\"}]},{\"@type\":\"WebSite\",\"@id\":\"https:\/\/atthrea.com\/#website\",\"url\":\"https:\/\/atthrea.com\/\",\"name\":\"atthrea\",\"description\":\"ready-to-wear classic elegance\",\"potentialAction\":[{\"@type\":\"SearchAction\",\"target\":{\"@type\":\"EntryPoint\",\"urlTemplate\":\"https:\/\/atthrea.com\/?s={search_term_string}\"},\"query-input\":\"required name=search_term_string\"}],\"inLanguage\":\"fr-FR\"}]}<\/script>\n<!-- \/ Yoast SEO plugin. -->","yoast_head_json":{"title":"Taie d'Oreiller de Luxe en Soie 80x80 | atthrea","description":"Am\u00e9liorez votre exp\u00e9rience de sommeil avec notre Taie d'Oreiller de Luxe en Soie 80x80. Con\u00e7ue pour le confort et le style. Achetez maintenant chez atthrea pour une qualit\u00e9 premium","robots":{"index":"index","follow":"follow","max-snippet":"max-snippet:-1","max-image-preview":"max-image-preview:large","max-video-preview":"max-video-preview:-1"},"canonical":"https:\/\/atthrea.com\/fr\/product\/silk-pillowcase-80x80\/","og_locale":"fr_FR","og_type":"article","og_title":"Taie d'Oreiller de Luxe en Soie 80x80 | atthrea","og_description":"Am\u00e9liorez votre exp\u00e9rience de sommeil avec notre Taie d'Oreiller de Luxe en Soie 80x80. Con\u00e7ue pour le confort et le style. Achetez maintenant chez atthrea pour une qualit\u00e9 premium","og_url":"https:\/\/atthrea.com\/fr\/product\/silk-pillowcase-80x80\/","og_site_name":"atthrea","article_modified_time":"2024-12-19T14:24:24+00:00","og_image":[{"width":900,"height":1350,"url":"https:\/\/atthrea.com\/app\/uploads\/2023\/06\/130000000001.jpg","type":"image\/jpeg"}],"twitter_card":"summary_large_image","twitter_misc":{"Est. reading time":"1 minute"},"schema":{"@context":"https:\/\/schema.org","@graph":[{"@type":"WebPage","@id":"https:\/\/atthrea.com\/fr\/product\/silk-pillowcase-80x80\/","url":"https:\/\/atthrea.com\/fr\/product\/silk-pillowcase-80x80\/","name":"Taie d'Oreiller de Luxe en Soie 80x80 | atthrea","isPartOf":{"@id":"https:\/\/atthrea.com\/#website"},"primaryImageOfPage":{"@id":"https:\/\/atthrea.com\/fr\/product\/silk-pillowcase-80x80\/#primaryimage"},"image":{"@id":"https:\/\/atthrea.com\/fr\/product\/silk-pillowcase-80x80\/#primaryimage"},"thumbnailUrl":"https:\/\/atthrea.com\/app\/uploads\/2023\/06\/130000000001.jpg","datePublished":"2023-06-28T10:56:46+00:00","dateModified":"2024-12-19T14:24:24+00:00","description":"Am\u00e9liorez votre exp\u00e9rience de sommeil avec notre Taie d'Oreiller de Luxe en Soie 80x80. Con\u00e7ue pour le confort et le style. Achetez maintenant chez atthrea pour une qualit\u00e9 premium","breadcrumb":{"@id":"https:\/\/atthrea.com\/fr\/product\/silk-pillowcase-80x80\/#breadcrumb"},"inLanguage":"fr-FR","potentialAction":[{"@type":"ReadAction","target":["https:\/\/atthrea.com\/fr\/product\/silk-pillowcase-80x80\/"]}]},{"@type":"ImageObject","inLanguage":"fr-FR","@id":"https:\/\/atthrea.com\/fr\/product\/silk-pillowcase-80x80\/#primaryimage","url":"https:\/\/atthrea.com\/app\/uploads\/2023\/06\/130000000001.jpg","contentUrl":"https:\/\/atthrea.com\/app\/uploads\/2023\/06\/130000000001.jpg","width":900,"height":1350,"caption":"Une taie d'oreiller en soie luxueuse de 80x80 cm, parfaite pour les cheveux et la peau, cr\u00e9\u00e9e par Atthrea"},{"@type":"BreadcrumbList","@id":"https:\/\/atthrea.com\/fr\/product\/silk-pillowcase-80x80\/#breadcrumb","itemListElement":[{"@type":"ListItem","position":1,"name":"Home","item":"https:\/\/atthrea.com\/fr\/"},{"@type":"ListItem","position":2,"name":"Boutique","item":"https:\/\/atthrea.com\/boutique\/?lang=fr"},{"@type":"ListItem","position":3,"name":"Silk pillowcase 80&#215;80"}]},{"@type":"WebSite","@id":"https:\/\/atthrea.com\/#website","url":"https:\/\/atthrea.com\/","name":"atthrea","description":"ready-to-wear classic elegance","potentialAction":[{"@type":"SearchAction","target":{"@type":"EntryPoint","urlTemplate":"https:\/\/atthrea.com\/?s={search_term_string}"},"query-input":"required name=search_term_string"}],"inLanguage":"fr-FR"}]}},"_links":{"self":[{"href":"https:\/\/atthrea.com\/fr\/wp-json\/wp\/v2\/product\/1487"}],"collection":[{"href":"https:\/\/atthrea.com\/fr\/wp-json\/wp\/v2\/product"}],"about":[{"href":"https:\/\/atthrea.com\/fr\/wp-json\/wp\/v2\/types\/product"}],"replies":[{"embeddable":true,"href":"https:\/\/atthrea.com\/fr\/wp-json\/wp\/v2\/comments?post=1487"}],"wp:featuredmedia":[{"embeddable":true,"href":"https:\/\/atthrea.com\/fr\/wp-json\/wp\/v2\/media\/2025"}],"wp:attachment":[{"href":"https:\/\/atthrea.com\/fr\/wp-json\/wp\/v2\/media?parent=1487"}],"wp:term":[{"taxonomy":"product_cat","embeddable":true,"href":"https:\/\/atthrea.com\/fr\/wp-json\/wp\/v2\/product_cat?post=1487"},{"taxonomy":"product_tag","embeddable":true,"href":"https:\/\/atthrea.com\/fr\/wp-json\/wp\/v2\/product_tag?post=1487"}],"curies":[{"name":"wp","href":"https:\/\/api.w.org\/{rel}","templated":true}]}}