{"id":1393,"date":"2023-06-28T12:09:20","date_gmt":"2023-06-28T12:09:20","guid":{"rendered":"https:\/\/atthrea.com\/?post_type=product&#038;p=1393"},"modified":"2024-12-19T14:23:28","modified_gmt":"2024-12-19T14:23:28","slug":"silk-maxi-wrap-skirt-black","status":"publish","type":"product","link":"https:\/\/atthrea.com\/fr\/product\/silk-maxi-wrap-skirt-black\/","title":{"rendered":"Silk maxi wrap skirt in black"},"content":{"rendered":"<p>Jupe, 100% soie satin<\/p>\n","protected":false},"excerpt":{"rendered":"<p>Jupe portefeuille lisse de jour comme de nuit \u00e0 taille haute, longueur cheville avec une fente sensuelle au niveau de la jambe. Une coupe \u00e9vas\u00e9e romantique avec forme l\u00e9g\u00e8rement allong\u00e9e derri\u00e8re faite en satin 100% soie.<\/p>\n","protected":false},"featured_media":1697,"comment_status":"open","ping_status":"closed","template":"","meta":[],"product_cat":[127,131],"product_tag":[],"acf":[],"yoast_head":"<!-- This site is optimized with the Yoast SEO plugin v22.9 - https:\/\/yoast.com\/wordpress\/plugins\/seo\/ -->\n<title>Jupe Maxi Portefeuille \u00c9l\u00e9gante en Soie Noire | atthrea<\/title>\n<meta name=\"description\" content=\"Am\u00e9liorez votre style avec notre Jupe Maxi Portefeuille \u00c9l\u00e9gante en Soie Noire. Con\u00e7ue pour l&#039;\u00e9l\u00e9gance et le confort. Achetez maintenant chez atthrea pour une qualit\u00e9 premium.\" \/>\n<meta name=\"robots\" content=\"index, follow, max-snippet:-1, max-image-preview:large, max-video-preview:-1\" \/>\n<link rel=\"canonical\" href=\"https:\/\/atthrea.com\/fr\/product\/silk-maxi-wrap-skirt-black\/\" \/>\n<meta property=\"og:locale\" content=\"fr_FR\" \/>\n<meta property=\"og:type\" content=\"article\" \/>\n<meta property=\"og:title\" content=\"Jupe Maxi Portefeuille \u00c9l\u00e9gante en Soie Noire | atthrea\" \/>\n<meta property=\"og:description\" content=\"Am\u00e9liorez votre style avec notre Jupe Maxi Portefeuille \u00c9l\u00e9gante en Soie Noire. Con\u00e7ue pour l&#039;\u00e9l\u00e9gance et le confort. Achetez maintenant chez atthrea pour une qualit\u00e9 premium.\" \/>\n<meta property=\"og:url\" content=\"https:\/\/atthrea.com\/fr\/product\/silk-maxi-wrap-skirt-black\/\" \/>\n<meta property=\"og:site_name\" content=\"atthrea\" \/>\n<meta property=\"article:modified_time\" content=\"2024-12-19T14:23:28+00:00\" \/>\n<meta property=\"og:image\" content=\"https:\/\/atthrea.com\/app\/uploads\/2023\/06\/117000000001_-1.jpg\" \/>\n\t<meta property=\"og:image:width\" content=\"900\" \/>\n\t<meta property=\"og:image:height\" content=\"1350\" \/>\n\t<meta property=\"og:image:type\" content=\"image\/jpeg\" \/>\n<meta name=\"twitter:card\" content=\"summary_large_image\" \/>\n<meta name=\"twitter:label1\" content=\"Est. reading time\" \/>\n\t<meta name=\"twitter:data1\" content=\"1 minute\" \/>\n<script type=\"application\/ld+json\" class=\"yoast-schema-graph\">{\"@context\":\"https:\/\/schema.org\",\"@graph\":[{\"@type\":\"WebPage\",\"@id\":\"https:\/\/atthrea.com\/fr\/product\/silk-maxi-wrap-skirt-black\/\",\"url\":\"https:\/\/atthrea.com\/fr\/product\/silk-maxi-wrap-skirt-black\/\",\"name\":\"Jupe Maxi Portefeuille \u00c9l\u00e9gante en Soie Noire | atthrea\",\"isPartOf\":{\"@id\":\"https:\/\/atthrea.com\/#website\"},\"primaryImageOfPage\":{\"@id\":\"https:\/\/atthrea.com\/fr\/product\/silk-maxi-wrap-skirt-black\/#primaryimage\"},\"image\":{\"@id\":\"https:\/\/atthrea.com\/fr\/product\/silk-maxi-wrap-skirt-black\/#primaryimage\"},\"thumbnailUrl\":\"https:\/\/atthrea.com\/app\/uploads\/2023\/06\/117000000001_-1.jpg\",\"datePublished\":\"2023-06-28T12:09:20+00:00\",\"dateModified\":\"2024-12-19T14:23:28+00:00\",\"description\":\"Am\u00e9liorez votre style avec notre Jupe Maxi Portefeuille \u00c9l\u00e9gante en Soie Noire. Con\u00e7ue pour l'\u00e9l\u00e9gance et le confort. Achetez maintenant chez atthrea pour une qualit\u00e9 premium.\",\"breadcrumb\":{\"@id\":\"https:\/\/atthrea.com\/fr\/product\/silk-maxi-wrap-skirt-black\/#breadcrumb\"},\"inLanguage\":\"fr-FR\",\"potentialAction\":[{\"@type\":\"ReadAction\",\"target\":[\"https:\/\/atthrea.com\/fr\/product\/silk-maxi-wrap-skirt-black\/\"]}]},{\"@type\":\"ImageObject\",\"inLanguage\":\"fr-FR\",\"@id\":\"https:\/\/atthrea.com\/fr\/product\/silk-maxi-wrap-skirt-black\/#primaryimage\",\"url\":\"https:\/\/atthrea.com\/app\/uploads\/2023\/06\/117000000001_-1.jpg\",\"contentUrl\":\"https:\/\/atthrea.com\/app\/uploads\/2023\/06\/117000000001_-1.jpg\",\"width\":900,\"height\":1350,\"caption\":\"Atthrea's elegant black silk maxi wrap skirt with high waist and sensual leg slit\"},{\"@type\":\"BreadcrumbList\",\"@id\":\"https:\/\/atthrea.com\/fr\/product\/silk-maxi-wrap-skirt-black\/#breadcrumb\",\"itemListElement\":[{\"@type\":\"ListItem\",\"position\":1,\"name\":\"Home\",\"item\":\"https:\/\/atthrea.com\/fr\/\"},{\"@type\":\"ListItem\",\"position\":2,\"name\":\"Boutique\",\"item\":\"https:\/\/atthrea.com\/boutique\/?lang=fr\"},{\"@type\":\"ListItem\",\"position\":3,\"name\":\"Silk maxi wrap skirt in black\"}]},{\"@type\":\"WebSite\",\"@id\":\"https:\/\/atthrea.com\/#website\",\"url\":\"https:\/\/atthrea.com\/\",\"name\":\"atthrea\",\"description\":\"ready-to-wear classic elegance\",\"potentialAction\":[{\"@type\":\"SearchAction\",\"target\":{\"@type\":\"EntryPoint\",\"urlTemplate\":\"https:\/\/atthrea.com\/?s={search_term_string}\"},\"query-input\":\"required name=search_term_string\"}],\"inLanguage\":\"fr-FR\"}]}<\/script>\n<!-- \/ Yoast SEO plugin. -->","yoast_head_json":{"title":"Jupe Maxi Portefeuille \u00c9l\u00e9gante en Soie Noire | atthrea","description":"Am\u00e9liorez votre style avec notre Jupe Maxi Portefeuille \u00c9l\u00e9gante en Soie Noire. Con\u00e7ue pour l'\u00e9l\u00e9gance et le confort. Achetez maintenant chez atthrea pour une qualit\u00e9 premium.","robots":{"index":"index","follow":"follow","max-snippet":"max-snippet:-1","max-image-preview":"max-image-preview:large","max-video-preview":"max-video-preview:-1"},"canonical":"https:\/\/atthrea.com\/fr\/product\/silk-maxi-wrap-skirt-black\/","og_locale":"fr_FR","og_type":"article","og_title":"Jupe Maxi Portefeuille \u00c9l\u00e9gante en Soie Noire | atthrea","og_description":"Am\u00e9liorez votre style avec notre Jupe Maxi Portefeuille \u00c9l\u00e9gante en Soie Noire. Con\u00e7ue pour l'\u00e9l\u00e9gance et le confort. Achetez maintenant chez atthrea pour une qualit\u00e9 premium.","og_url":"https:\/\/atthrea.com\/fr\/product\/silk-maxi-wrap-skirt-black\/","og_site_name":"atthrea","article_modified_time":"2024-12-19T14:23:28+00:00","og_image":[{"width":900,"height":1350,"url":"https:\/\/atthrea.com\/app\/uploads\/2023\/06\/117000000001_-1.jpg","type":"image\/jpeg"}],"twitter_card":"summary_large_image","twitter_misc":{"Est. reading time":"1 minute"},"schema":{"@context":"https:\/\/schema.org","@graph":[{"@type":"WebPage","@id":"https:\/\/atthrea.com\/fr\/product\/silk-maxi-wrap-skirt-black\/","url":"https:\/\/atthrea.com\/fr\/product\/silk-maxi-wrap-skirt-black\/","name":"Jupe Maxi Portefeuille \u00c9l\u00e9gante en Soie Noire | atthrea","isPartOf":{"@id":"https:\/\/atthrea.com\/#website"},"primaryImageOfPage":{"@id":"https:\/\/atthrea.com\/fr\/product\/silk-maxi-wrap-skirt-black\/#primaryimage"},"image":{"@id":"https:\/\/atthrea.com\/fr\/product\/silk-maxi-wrap-skirt-black\/#primaryimage"},"thumbnailUrl":"https:\/\/atthrea.com\/app\/uploads\/2023\/06\/117000000001_-1.jpg","datePublished":"2023-06-28T12:09:20+00:00","dateModified":"2024-12-19T14:23:28+00:00","description":"Am\u00e9liorez votre style avec notre Jupe Maxi Portefeuille \u00c9l\u00e9gante en Soie Noire. Con\u00e7ue pour l'\u00e9l\u00e9gance et le confort. Achetez maintenant chez atthrea pour une qualit\u00e9 premium.","breadcrumb":{"@id":"https:\/\/atthrea.com\/fr\/product\/silk-maxi-wrap-skirt-black\/#breadcrumb"},"inLanguage":"fr-FR","potentialAction":[{"@type":"ReadAction","target":["https:\/\/atthrea.com\/fr\/product\/silk-maxi-wrap-skirt-black\/"]}]},{"@type":"ImageObject","inLanguage":"fr-FR","@id":"https:\/\/atthrea.com\/fr\/product\/silk-maxi-wrap-skirt-black\/#primaryimage","url":"https:\/\/atthrea.com\/app\/uploads\/2023\/06\/117000000001_-1.jpg","contentUrl":"https:\/\/atthrea.com\/app\/uploads\/2023\/06\/117000000001_-1.jpg","width":900,"height":1350,"caption":"Atthrea's elegant black silk maxi wrap skirt with high waist and sensual leg slit"},{"@type":"BreadcrumbList","@id":"https:\/\/atthrea.com\/fr\/product\/silk-maxi-wrap-skirt-black\/#breadcrumb","itemListElement":[{"@type":"ListItem","position":1,"name":"Home","item":"https:\/\/atthrea.com\/fr\/"},{"@type":"ListItem","position":2,"name":"Boutique","item":"https:\/\/atthrea.com\/boutique\/?lang=fr"},{"@type":"ListItem","position":3,"name":"Silk maxi wrap skirt in black"}]},{"@type":"WebSite","@id":"https:\/\/atthrea.com\/#website","url":"https:\/\/atthrea.com\/","name":"atthrea","description":"ready-to-wear classic elegance","potentialAction":[{"@type":"SearchAction","target":{"@type":"EntryPoint","urlTemplate":"https:\/\/atthrea.com\/?s={search_term_string}"},"query-input":"required name=search_term_string"}],"inLanguage":"fr-FR"}]}},"_links":{"self":[{"href":"https:\/\/atthrea.com\/fr\/wp-json\/wp\/v2\/product\/1393"}],"collection":[{"href":"https:\/\/atthrea.com\/fr\/wp-json\/wp\/v2\/product"}],"about":[{"href":"https:\/\/atthrea.com\/fr\/wp-json\/wp\/v2\/types\/product"}],"replies":[{"embeddable":true,"href":"https:\/\/atthrea.com\/fr\/wp-json\/wp\/v2\/comments?post=1393"}],"wp:featuredmedia":[{"embeddable":true,"href":"https:\/\/atthrea.com\/fr\/wp-json\/wp\/v2\/media\/1697"}],"wp:attachment":[{"href":"https:\/\/atthrea.com\/fr\/wp-json\/wp\/v2\/media?parent=1393"}],"wp:term":[{"taxonomy":"product_cat","embeddable":true,"href":"https:\/\/atthrea.com\/fr\/wp-json\/wp\/v2\/product_cat?post=1393"},{"taxonomy":"product_tag","embeddable":true,"href":"https:\/\/atthrea.com\/fr\/wp-json\/wp\/v2\/product_tag?post=1393"}],"curies":[{"name":"wp","href":"https:\/\/api.w.org\/{rel}","templated":true}]}}