{"id":1344,"date":"2023-06-28T09:45:38","date_gmt":"2023-06-28T09:45:38","guid":{"rendered":"https:\/\/atthrea.com\/?post_type=product&#038;p=1344"},"modified":"2024-12-19T14:21:18","modified_gmt":"2024-12-19T14:21:18","slug":"lace-silk-top-black","status":"publish","type":"product","link":"https:\/\/atthrea.com\/fr\/product\/lace-silk-top-black\/","title":{"rendered":"Lace silk top in black"},"content":{"rendered":"<p>Top \u00e0 dentelle, 100% soie satin<\/p>\n","protected":false},"excerpt":{"rendered":"<p>Top \u00e0 dentelle, 100% soie satin<\/p>\n","protected":false},"featured_media":1917,"comment_status":"open","ping_status":"closed","template":"","meta":[],"product_cat":[130,131],"product_tag":[],"acf":[],"yoast_head":"<!-- This site is optimized with the Yoast SEO plugin v22.9 - https:\/\/yoast.com\/wordpress\/plugins\/seo\/ -->\n<title>Top \u00c9l\u00e9gant avec Dentelle en Soie Noir | atthrea<\/title>\n<meta name=\"description\" content=\"Ajoutez de la sophistication \u00e0 votre tenue avec notre Top \u00c9l\u00e9gant avec Dentelle en Soie Noir. Con\u00e7u pour le style et le confort. Achetez maintenant chez atthrea pour une qualit\u00e9 premium.\" \/>\n<meta name=\"robots\" content=\"index, follow, max-snippet:-1, max-image-preview:large, max-video-preview:-1\" \/>\n<link rel=\"canonical\" href=\"https:\/\/atthrea.com\/fr\/product\/lace-silk-top-black\/\" \/>\n<meta property=\"og:locale\" content=\"fr_FR\" \/>\n<meta property=\"og:type\" content=\"article\" \/>\n<meta property=\"og:title\" content=\"Top \u00c9l\u00e9gant avec Dentelle en Soie Noir | atthrea\" \/>\n<meta property=\"og:description\" content=\"Ajoutez de la sophistication \u00e0 votre tenue avec notre Top \u00c9l\u00e9gant avec Dentelle en Soie Noir. Con\u00e7u pour le style et le confort. Achetez maintenant chez atthrea pour une qualit\u00e9 premium.\" \/>\n<meta property=\"og:url\" content=\"https:\/\/atthrea.com\/fr\/product\/lace-silk-top-black\/\" \/>\n<meta property=\"og:site_name\" content=\"atthrea\" \/>\n<meta property=\"article:modified_time\" content=\"2024-12-19T14:21:18+00:00\" \/>\n<meta property=\"og:image\" content=\"https:\/\/atthrea.com\/app\/uploads\/2023\/06\/111000000001_-1.jpg\" \/>\n\t<meta property=\"og:image:width\" content=\"900\" \/>\n\t<meta property=\"og:image:height\" content=\"1350\" \/>\n\t<meta property=\"og:image:type\" content=\"image\/jpeg\" \/>\n<meta name=\"twitter:card\" content=\"summary_large_image\" \/>\n<meta name=\"twitter:label1\" content=\"Est. reading time\" \/>\n\t<meta name=\"twitter:data1\" content=\"1 minute\" \/>\n<script type=\"application\/ld+json\" class=\"yoast-schema-graph\">{\"@context\":\"https:\/\/schema.org\",\"@graph\":[{\"@type\":\"WebPage\",\"@id\":\"https:\/\/atthrea.com\/fr\/product\/lace-silk-top-black\/\",\"url\":\"https:\/\/atthrea.com\/fr\/product\/lace-silk-top-black\/\",\"name\":\"Top \u00c9l\u00e9gant avec Dentelle en Soie Noir | atthrea\",\"isPartOf\":{\"@id\":\"https:\/\/atthrea.com\/#website\"},\"primaryImageOfPage\":{\"@id\":\"https:\/\/atthrea.com\/fr\/product\/lace-silk-top-black\/#primaryimage\"},\"image\":{\"@id\":\"https:\/\/atthrea.com\/fr\/product\/lace-silk-top-black\/#primaryimage\"},\"thumbnailUrl\":\"https:\/\/atthrea.com\/app\/uploads\/2023\/06\/111000000001_-1.jpg\",\"datePublished\":\"2023-06-28T09:45:38+00:00\",\"dateModified\":\"2024-12-19T14:21:18+00:00\",\"description\":\"Ajoutez de la sophistication \u00e0 votre tenue avec notre Top \u00c9l\u00e9gant avec Dentelle en Soie Noir. Con\u00e7u pour le style et le confort. Achetez maintenant chez atthrea pour une qualit\u00e9 premium.\",\"breadcrumb\":{\"@id\":\"https:\/\/atthrea.com\/fr\/product\/lace-silk-top-black\/#breadcrumb\"},\"inLanguage\":\"fr-FR\",\"potentialAction\":[{\"@type\":\"ReadAction\",\"target\":[\"https:\/\/atthrea.com\/fr\/product\/lace-silk-top-black\/\"]}]},{\"@type\":\"ImageObject\",\"inLanguage\":\"fr-FR\",\"@id\":\"https:\/\/atthrea.com\/fr\/product\/lace-silk-top-black\/#primaryimage\",\"url\":\"https:\/\/atthrea.com\/app\/uploads\/2023\/06\/111000000001_-1.jpg\",\"contentUrl\":\"https:\/\/atthrea.com\/app\/uploads\/2023\/06\/111000000001_-1.jpg\",\"width\":900,\"height\":1350,\"caption\":\"Mannequin portant le top en soie noire \u00e0 dentelle d'atthrea et la mini-jupe en soie assortie.\"},{\"@type\":\"BreadcrumbList\",\"@id\":\"https:\/\/atthrea.com\/fr\/product\/lace-silk-top-black\/#breadcrumb\",\"itemListElement\":[{\"@type\":\"ListItem\",\"position\":1,\"name\":\"Home\",\"item\":\"https:\/\/atthrea.com\/fr\/\"},{\"@type\":\"ListItem\",\"position\":2,\"name\":\"Boutique\",\"item\":\"https:\/\/atthrea.com\/boutique\/?lang=fr\"},{\"@type\":\"ListItem\",\"position\":3,\"name\":\"Lace silk top in black\"}]},{\"@type\":\"WebSite\",\"@id\":\"https:\/\/atthrea.com\/#website\",\"url\":\"https:\/\/atthrea.com\/\",\"name\":\"atthrea\",\"description\":\"ready-to-wear classic elegance\",\"potentialAction\":[{\"@type\":\"SearchAction\",\"target\":{\"@type\":\"EntryPoint\",\"urlTemplate\":\"https:\/\/atthrea.com\/?s={search_term_string}\"},\"query-input\":\"required name=search_term_string\"}],\"inLanguage\":\"fr-FR\"}]}<\/script>\n<!-- \/ Yoast SEO plugin. -->","yoast_head_json":{"title":"Top \u00c9l\u00e9gant avec Dentelle en Soie Noir | atthrea","description":"Ajoutez de la sophistication \u00e0 votre tenue avec notre Top \u00c9l\u00e9gant avec Dentelle en Soie Noir. Con\u00e7u pour le style et le confort. Achetez maintenant chez atthrea pour une qualit\u00e9 premium.","robots":{"index":"index","follow":"follow","max-snippet":"max-snippet:-1","max-image-preview":"max-image-preview:large","max-video-preview":"max-video-preview:-1"},"canonical":"https:\/\/atthrea.com\/fr\/product\/lace-silk-top-black\/","og_locale":"fr_FR","og_type":"article","og_title":"Top \u00c9l\u00e9gant avec Dentelle en Soie Noir | atthrea","og_description":"Ajoutez de la sophistication \u00e0 votre tenue avec notre Top \u00c9l\u00e9gant avec Dentelle en Soie Noir. Con\u00e7u pour le style et le confort. Achetez maintenant chez atthrea pour une qualit\u00e9 premium.","og_url":"https:\/\/atthrea.com\/fr\/product\/lace-silk-top-black\/","og_site_name":"atthrea","article_modified_time":"2024-12-19T14:21:18+00:00","og_image":[{"width":900,"height":1350,"url":"https:\/\/atthrea.com\/app\/uploads\/2023\/06\/111000000001_-1.jpg","type":"image\/jpeg"}],"twitter_card":"summary_large_image","twitter_misc":{"Est. reading time":"1 minute"},"schema":{"@context":"https:\/\/schema.org","@graph":[{"@type":"WebPage","@id":"https:\/\/atthrea.com\/fr\/product\/lace-silk-top-black\/","url":"https:\/\/atthrea.com\/fr\/product\/lace-silk-top-black\/","name":"Top \u00c9l\u00e9gant avec Dentelle en Soie Noir | atthrea","isPartOf":{"@id":"https:\/\/atthrea.com\/#website"},"primaryImageOfPage":{"@id":"https:\/\/atthrea.com\/fr\/product\/lace-silk-top-black\/#primaryimage"},"image":{"@id":"https:\/\/atthrea.com\/fr\/product\/lace-silk-top-black\/#primaryimage"},"thumbnailUrl":"https:\/\/atthrea.com\/app\/uploads\/2023\/06\/111000000001_-1.jpg","datePublished":"2023-06-28T09:45:38+00:00","dateModified":"2024-12-19T14:21:18+00:00","description":"Ajoutez de la sophistication \u00e0 votre tenue avec notre Top \u00c9l\u00e9gant avec Dentelle en Soie Noir. Con\u00e7u pour le style et le confort. Achetez maintenant chez atthrea pour une qualit\u00e9 premium.","breadcrumb":{"@id":"https:\/\/atthrea.com\/fr\/product\/lace-silk-top-black\/#breadcrumb"},"inLanguage":"fr-FR","potentialAction":[{"@type":"ReadAction","target":["https:\/\/atthrea.com\/fr\/product\/lace-silk-top-black\/"]}]},{"@type":"ImageObject","inLanguage":"fr-FR","@id":"https:\/\/atthrea.com\/fr\/product\/lace-silk-top-black\/#primaryimage","url":"https:\/\/atthrea.com\/app\/uploads\/2023\/06\/111000000001_-1.jpg","contentUrl":"https:\/\/atthrea.com\/app\/uploads\/2023\/06\/111000000001_-1.jpg","width":900,"height":1350,"caption":"Mannequin portant le top en soie noire \u00e0 dentelle d'atthrea et la mini-jupe en soie assortie."},{"@type":"BreadcrumbList","@id":"https:\/\/atthrea.com\/fr\/product\/lace-silk-top-black\/#breadcrumb","itemListElement":[{"@type":"ListItem","position":1,"name":"Home","item":"https:\/\/atthrea.com\/fr\/"},{"@type":"ListItem","position":2,"name":"Boutique","item":"https:\/\/atthrea.com\/boutique\/?lang=fr"},{"@type":"ListItem","position":3,"name":"Lace silk top in black"}]},{"@type":"WebSite","@id":"https:\/\/atthrea.com\/#website","url":"https:\/\/atthrea.com\/","name":"atthrea","description":"ready-to-wear classic elegance","potentialAction":[{"@type":"SearchAction","target":{"@type":"EntryPoint","urlTemplate":"https:\/\/atthrea.com\/?s={search_term_string}"},"query-input":"required name=search_term_string"}],"inLanguage":"fr-FR"}]}},"_links":{"self":[{"href":"https:\/\/atthrea.com\/fr\/wp-json\/wp\/v2\/product\/1344"}],"collection":[{"href":"https:\/\/atthrea.com\/fr\/wp-json\/wp\/v2\/product"}],"about":[{"href":"https:\/\/atthrea.com\/fr\/wp-json\/wp\/v2\/types\/product"}],"replies":[{"embeddable":true,"href":"https:\/\/atthrea.com\/fr\/wp-json\/wp\/v2\/comments?post=1344"}],"wp:featuredmedia":[{"embeddable":true,"href":"https:\/\/atthrea.com\/fr\/wp-json\/wp\/v2\/media\/1917"}],"wp:attachment":[{"href":"https:\/\/atthrea.com\/fr\/wp-json\/wp\/v2\/media?parent=1344"}],"wp:term":[{"taxonomy":"product_cat","embeddable":true,"href":"https:\/\/atthrea.com\/fr\/wp-json\/wp\/v2\/product_cat?post=1344"},{"taxonomy":"product_tag","embeddable":true,"href":"https:\/\/atthrea.com\/fr\/wp-json\/wp\/v2\/product_tag?post=1344"}],"curies":[{"name":"wp","href":"https:\/\/api.w.org\/{rel}","templated":true}]}}