{"id":3493,"date":"2024-05-29T09:41:09","date_gmt":"2024-05-29T09:41:09","guid":{"rendered":"https:\/\/atthrea.com\/?page_id=3493"},"modified":"2024-05-29T12:44:20","modified_gmt":"2024-05-29T12:44:20","slug":"mentions-legales","status":"publish","type":"page","link":"https:\/\/atthrea.com\/fr\/mentions-legales\/","title":{"rendered":"Mentions L\u00e9gales"},"content":{"rendered":"\n<h2 class=\"wp-block-heading\"><strong>Mentions L\u00e9gales<\/strong><\/h2>\n\n\n\n<p><strong>Informations sur l&#8217;entreprise:<\/strong><\/p>\n\n\n\n<ul>\n<li><strong>Nom de l&#8217;entreprise:<\/strong> atthrea GmbH<\/li>\n\n\n\n<li><strong>Adresse:<\/strong> Kurf\u00fcrstenstr. 114, 10787 Berlin, Allemagne<\/li>\n\n\n\n<li><strong>Num\u00e9ro d&#8217;enregistrement:<\/strong> HRB 248478<\/li>\n\n\n\n<li><strong>ID TVA:<\/strong> DE359262571<\/li>\n\n\n\n<li><strong>Capital social:<\/strong> 25.000 EUR, enti\u00e8rement lib\u00e9r\u00e9<\/li>\n<\/ul>\n\n\n\n<p><strong>Informations de contact:<\/strong><\/p>\n\n\n\n<ul>\n<li><strong>Email:<\/strong> <a>wecare@atthrea.com<\/a><\/li>\n\n\n\n<li><strong>T\u00e9l\u00e9phone:<\/strong> [Ins\u00e9rer le num\u00e9ro de t\u00e9l\u00e9phone]<\/li>\n<\/ul>\n\n\n\n<p><strong>Directeur G\u00e9n\u00e9ral:<\/strong><\/p>\n\n\n\n<ul>\n<li>Michal \u015awita\u0142a<\/li>\n<\/ul>\n\n\n\n<p><strong>R\u00e9solution des litiges en ligne:<\/strong><\/p>\n\n\n\n<ul>\n<li>La Commission europ\u00e9enne fournit une plateforme de r\u00e9solution des litiges en ligne (ODR), accessible \u00e0 l&#8217;adresse suivante: <a href=\"https:\/\/ec.europa.eu\/consumers\/odr\">https:\/\/ec.europa.eu\/consumers\/odr<\/a>.<\/li>\n<\/ul>\n\n\n\n<p><strong>Clause de non-responsabilit\u00e9:<\/strong><\/p>\n\n\n\n<ul>\n<li><strong>Responsabilit\u00e9 du contenu:<\/strong> Le contenu de notre site web a \u00e9t\u00e9 cr\u00e9\u00e9 avec le plus grand soin. Cependant, nous ne pouvons garantir l&#8217;exactitude, l&#8217;exhaustivit\u00e9 ou l&#8217;actualit\u00e9 du contenu. En tant que prestataires de services, nous sommes responsables de nos propres contenus sur ces pages conform\u00e9ment aux lois g\u00e9n\u00e9rales.<\/li>\n\n\n\n<li><strong>Liens externes:<\/strong> Notre site contient des liens vers des sites externes sur lesquels nous n&#8217;avons aucun contr\u00f4le. Par cons\u00e9quent, nous ne pouvons accepter aucune responsabilit\u00e9 pour leur contenu. Le fournisseur ou l&#8217;op\u00e9rateur respectif des sites li\u00e9s est toujours responsable de leur contenu.<\/li>\n<\/ul>\n\n\n\n<p><strong>Avis juridique:<\/strong><\/p>\n\n\n\n<ul>\n<li>atthrea GmbH se r\u00e9serve le droit d&#8217;apporter des modifications ou des ajouts aux informations fournies sur ce site web \u00e0 tout moment sans pr\u00e9avis.<\/li>\n<\/ul>\n\n\n\n<p>Pour plus de d\u00e9tails, veuillez consulter notre <a href=\"https:\/\/atthrea.com\/privacy-policy\/\">Politique de confidentialit\u00e9<\/a> et <a href=\"https:\/\/atthrea.com\/statute\/\">Statuts<\/a>.<\/p>\n","protected":false},"excerpt":{"rendered":"<p>Mentions L\u00e9gales Informations sur l&#8217;entreprise: Informations de contact: Directeur G\u00e9n\u00e9ral: R\u00e9solution des litiges en ligne: Clause de non-responsabilit\u00e9: Avis juridique: Pour plus de d\u00e9tails, veuillez consulter notre Politique de confidentialit\u00e9 et Statuts.<\/p>\n","protected":false},"author":7,"featured_media":0,"parent":0,"menu_order":0,"comment_status":"closed","ping_status":"closed","template":"template-regulations.blade.php","meta":{"footnotes":""},"acf":[],"yoast_head":"<!-- This site is optimized with the Yoast SEO plugin v22.9 - https:\/\/yoast.com\/wordpress\/plugins\/seo\/ -->\n<title>Mentions L\u00e9gales - atthrea<\/title>\n<meta name=\"robots\" content=\"index, follow, max-snippet:-1, max-image-preview:large, max-video-preview:-1\" \/>\n<link rel=\"canonical\" href=\"https:\/\/atthrea.com\/fr\/mentions-legales\/\" \/>\n<meta property=\"og:locale\" content=\"fr_FR\" \/>\n<meta property=\"og:type\" content=\"article\" \/>\n<meta property=\"og:title\" content=\"Mentions L\u00e9gales - atthrea\" \/>\n<meta property=\"og:description\" content=\"Mentions L\u00e9gales Informations sur l&#8217;entreprise: Informations de contact: Directeur G\u00e9n\u00e9ral: R\u00e9solution des litiges en ligne: Clause de non-responsabilit\u00e9: Avis juridique: Pour plus de d\u00e9tails, veuillez consulter notre Politique de confidentialit\u00e9 et Statuts.\" \/>\n<meta property=\"og:url\" content=\"https:\/\/atthrea.com\/fr\/mentions-legales\/\" \/>\n<meta property=\"og:site_name\" content=\"atthrea\" \/>\n<meta property=\"article:modified_time\" content=\"2024-05-29T12:44:20+00:00\" \/>\n<meta name=\"twitter:card\" content=\"summary_large_image\" \/>\n<meta name=\"twitter:label1\" content=\"Est. reading time\" \/>\n\t<meta name=\"twitter:data1\" content=\"1 minute\" \/>\n<script type=\"application\/ld+json\" class=\"yoast-schema-graph\">{\"@context\":\"https:\/\/schema.org\",\"@graph\":[{\"@type\":\"WebPage\",\"@id\":\"https:\/\/atthrea.com\/fr\/mentions-legales\/\",\"url\":\"https:\/\/atthrea.com\/fr\/mentions-legales\/\",\"name\":\"Mentions L\u00e9gales - atthrea\",\"isPartOf\":{\"@id\":\"https:\/\/atthrea.com\/#website\"},\"datePublished\":\"2024-05-29T09:41:09+00:00\",\"dateModified\":\"2024-05-29T12:44:20+00:00\",\"breadcrumb\":{\"@id\":\"https:\/\/atthrea.com\/fr\/mentions-legales\/#breadcrumb\"},\"inLanguage\":\"fr-FR\",\"potentialAction\":[{\"@type\":\"ReadAction\",\"target\":[\"https:\/\/atthrea.com\/fr\/mentions-legales\/\"]}]},{\"@type\":\"BreadcrumbList\",\"@id\":\"https:\/\/atthrea.com\/fr\/mentions-legales\/#breadcrumb\",\"itemListElement\":[{\"@type\":\"ListItem\",\"position\":1,\"name\":\"Home\",\"item\":\"https:\/\/atthrea.com\/fr\/\"},{\"@type\":\"ListItem\",\"position\":2,\"name\":\"Mentions L\u00e9gales\"}]},{\"@type\":\"WebSite\",\"@id\":\"https:\/\/atthrea.com\/#website\",\"url\":\"https:\/\/atthrea.com\/\",\"name\":\"atthrea\",\"description\":\"ready-to-wear classic elegance\",\"potentialAction\":[{\"@type\":\"SearchAction\",\"target\":{\"@type\":\"EntryPoint\",\"urlTemplate\":\"https:\/\/atthrea.com\/?s={search_term_string}\"},\"query-input\":\"required name=search_term_string\"}],\"inLanguage\":\"fr-FR\"}]}<\/script>\n<!-- \/ Yoast SEO plugin. -->","yoast_head_json":{"title":"Mentions L\u00e9gales - atthrea","robots":{"index":"index","follow":"follow","max-snippet":"max-snippet:-1","max-image-preview":"max-image-preview:large","max-video-preview":"max-video-preview:-1"},"canonical":"https:\/\/atthrea.com\/fr\/mentions-legales\/","og_locale":"fr_FR","og_type":"article","og_title":"Mentions L\u00e9gales - atthrea","og_description":"Mentions L\u00e9gales Informations sur l&#8217;entreprise: Informations de contact: Directeur G\u00e9n\u00e9ral: R\u00e9solution des litiges en ligne: Clause de non-responsabilit\u00e9: Avis juridique: Pour plus de d\u00e9tails, veuillez consulter notre Politique de confidentialit\u00e9 et Statuts.","og_url":"https:\/\/atthrea.com\/fr\/mentions-legales\/","og_site_name":"atthrea","article_modified_time":"2024-05-29T12:44:20+00:00","twitter_card":"summary_large_image","twitter_misc":{"Est. reading time":"1 minute"},"schema":{"@context":"https:\/\/schema.org","@graph":[{"@type":"WebPage","@id":"https:\/\/atthrea.com\/fr\/mentions-legales\/","url":"https:\/\/atthrea.com\/fr\/mentions-legales\/","name":"Mentions L\u00e9gales - atthrea","isPartOf":{"@id":"https:\/\/atthrea.com\/#website"},"datePublished":"2024-05-29T09:41:09+00:00","dateModified":"2024-05-29T12:44:20+00:00","breadcrumb":{"@id":"https:\/\/atthrea.com\/fr\/mentions-legales\/#breadcrumb"},"inLanguage":"fr-FR","potentialAction":[{"@type":"ReadAction","target":["https:\/\/atthrea.com\/fr\/mentions-legales\/"]}]},{"@type":"BreadcrumbList","@id":"https:\/\/atthrea.com\/fr\/mentions-legales\/#breadcrumb","itemListElement":[{"@type":"ListItem","position":1,"name":"Home","item":"https:\/\/atthrea.com\/fr\/"},{"@type":"ListItem","position":2,"name":"Mentions L\u00e9gales"}]},{"@type":"WebSite","@id":"https:\/\/atthrea.com\/#website","url":"https:\/\/atthrea.com\/","name":"atthrea","description":"ready-to-wear classic elegance","potentialAction":[{"@type":"SearchAction","target":{"@type":"EntryPoint","urlTemplate":"https:\/\/atthrea.com\/?s={search_term_string}"},"query-input":"required name=search_term_string"}],"inLanguage":"fr-FR"}]}},"_links":{"self":[{"href":"https:\/\/atthrea.com\/fr\/wp-json\/wp\/v2\/pages\/3493"}],"collection":[{"href":"https:\/\/atthrea.com\/fr\/wp-json\/wp\/v2\/pages"}],"about":[{"href":"https:\/\/atthrea.com\/fr\/wp-json\/wp\/v2\/types\/page"}],"author":[{"embeddable":true,"href":"https:\/\/atthrea.com\/fr\/wp-json\/wp\/v2\/users\/7"}],"replies":[{"embeddable":true,"href":"https:\/\/atthrea.com\/fr\/wp-json\/wp\/v2\/comments?post=3493"}],"version-history":[{"count":4,"href":"https:\/\/atthrea.com\/fr\/wp-json\/wp\/v2\/pages\/3493\/revisions"}],"predecessor-version":[{"id":3506,"href":"https:\/\/atthrea.com\/fr\/wp-json\/wp\/v2\/pages\/3493\/revisions\/3506"}],"wp:attachment":[{"href":"https:\/\/atthrea.com\/fr\/wp-json\/wp\/v2\/media?parent=3493"}],"curies":[{"name":"wp","href":"https:\/\/api.w.org\/{rel}","templated":true}]}}