{"id":3293,"date":"2024-04-02T08:46:33","date_gmt":"2024-04-02T08:46:33","guid":{"rendered":"https:\/\/atthrea.com\/impact\/"},"modified":"2024-11-29T08:11:04","modified_gmt":"2024-11-29T08:11:04","slug":"impact","status":"publish","type":"page","link":"https:\/\/atthrea.com\/fr\/impact\/","title":{"rendered":"Impact"},"content":{"rendered":"\n<div class=\"wp-block-cover\"><span aria-hidden=\"true\" class=\"wp-block-cover__background has-background-dim\"><\/span><img loading=\"lazy\" decoding=\"async\" width=\"1920\" height=\"1080\" class=\"wp-block-cover__image-background wp-image-2998\" alt=\"atthrea - impact\" src=\"https:\/\/atthrea.com\/app\/uploads\/2024\/04\/atthrea_impact_cover.jpg\" style=\"object-position:42% 0%\" data-object-fit=\"cover\" data-object-position=\"42% 0%\" srcset=\"https:\/\/atthrea.com\/app\/uploads\/2024\/04\/atthrea_impact_cover.jpg 1920w, https:\/\/atthrea.com\/app\/uploads\/2024\/04\/atthrea_impact_cover-300x169.jpg 300w, https:\/\/atthrea.com\/app\/uploads\/2024\/04\/atthrea_impact_cover-1024x576.jpg 1024w, https:\/\/atthrea.com\/app\/uploads\/2024\/04\/atthrea_impact_cover-768x432.jpg 768w, https:\/\/atthrea.com\/app\/uploads\/2024\/04\/atthrea_impact_cover-1536x864.jpg 1536w, https:\/\/atthrea.com\/app\/uploads\/2024\/04\/atthrea_impact_cover-600x338.jpg 600w\" sizes=\"(max-width: 1920px) 100vw, 1920px\" \/><div class=\"wp-block-cover__inner-container is-layout-flow wp-block-cover-is-layout-flow\">\n<p class=\"has-text-align-center has-large-font-size\">atthrea: Portez le Changement que Vous Souhaitez Voir<\/p>\n<\/div><\/div>\n\n\n\n<div style=\"height:100px\" aria-hidden=\"true\" class=\"wp-block-spacer\"><\/div>\n\n\n\n<div class=\"wp-block-columns is-layout-flex wp-container-core-columns-is-layout-1 wp-block-columns-is-layout-flex\">\n<div class=\"wp-block-column d-flex flex-column justify-content-center is-layout-flow wp-block-column-is-layout-flow\">\n<div class=\"wp-block-group is-layout-constrained wp-block-group-is-layout-constrained\">\n<p class=\"has-text-align-center has-lg-font-size\" style=\"padding-top:var(--wp--preset--spacing--40);padding-right:var(--wp--preset--spacing--40);padding-bottom:var(--wp--preset--spacing--40);padding-left:var(--wp--preset--spacing--40)\"><strong>NOTRE IMPACT<\/strong><\/p>\n\n\n\n<p style=\"padding-top:0;padding-right:var(--wp--preset--spacing--50);padding-bottom:0;padding-left:var(--wp--preset--spacing--50)\">Chez atthrea, nous nous engageons \u00e0 faire plus que du style. Nous sommes d\u00e9termin\u00e9s \u00e0 cr\u00e9er un cadre enti\u00e8rement durable et respectueux de l&#8217;environnement. <\/p>\n\n\n\n<p style=\"padding-right:var(--wp--preset--spacing--50);padding-left:var(--wp--preset--spacing--50)\">En mettant l&#8217;accent sur l&#8217;adoption de pratiques \u00e9cologiques, la r\u00e9duction des d\u00e9chets et la promotion de normes \u00e9thiques tout au long de notre cha\u00eene d&#8217;approvisionnement, nous red\u00e9finissons l&#8217;approche de l&#8217;industrie de la mode en mati\u00e8re de d\u00e9veloppement durable.&nbsp;<\/p>\n\n\n\n<p style=\"padding-right:var(--wp--preset--spacing--50);padding-left:var(--wp--preset--spacing--50)\">Qu&#8217;il s&#8217;agisse de s&#8217;approvisionner uniquement en mati\u00e8res naturelles, de garantir les meilleures conditions de travail ou de mettre en \u0153uvre des techniques de production innovantes, chacune de nos d\u00e9cisions est motiv\u00e9e par notre engagement \u00e0 pr\u00e9server la plan\u00e8te pour les g\u00e9n\u00e9rations futures. <\/p>\n\n\n\n<p style=\"padding-right:var(--wp--preset--spacing--50);padding-left:var(--wp--preset--spacing--50)\">En donnant la priorit\u00e9 \u00e0 la durabilit\u00e9 sans compromettre le style, nous souhaitons inspirer une consommation consciente et avoir un impact positif \u00e0 la fois sur la mode et sur l\u2019environnement.&nbsp;<\/p>\n<\/div>\n<\/div>\n\n\n\n<div class=\"wp-block-column is-layout-flow wp-block-column-is-layout-flow\">\n<figure class=\"wp-block-image size-full\"><a href=\"https:\/\/atthrea.com\/product\/silk-midi-dress-black\/?lang=fr\" target=\"_blank\" rel=\"noreferrer noopener\"><img loading=\"lazy\" decoding=\"async\" width=\"819\" height=\"1024\" src=\"https:\/\/atthrea.com\/app\/uploads\/2023\/09\/atthrea_collection_-13.jpg\" alt=\"Model in a chic black silk maxi dress with a subtle sheen.\" class=\"wp-image-2114\" srcset=\"https:\/\/atthrea.com\/app\/uploads\/2023\/09\/atthrea_collection_-13.jpg 819w, https:\/\/atthrea.com\/app\/uploads\/2023\/09\/atthrea_collection_-13-240x300.jpg 240w, https:\/\/atthrea.com\/app\/uploads\/2023\/09\/atthrea_collection_-13-768x960.jpg 768w, https:\/\/atthrea.com\/app\/uploads\/2023\/09\/atthrea_collection_-13-600x750.jpg 600w\" sizes=\"(max-width: 819px) 100vw, 819px\" \/><\/a><\/figure>\n<\/div>\n<\/div>\n\n\n\n<div class=\"wp-block-columns is-layout-flex wp-container-core-columns-is-layout-2 wp-block-columns-is-layout-flex\">\n<div class=\"wp-block-column is-layout-flow wp-block-column-is-layout-flow\">\n<figure class=\"wp-block-image size-full\"><a href=\"https:\/\/atthrea.com\/product\/lace-silk-top-black\/?lang=fr\" target=\"_blank\" rel=\"noreferrer noopener\"><img loading=\"lazy\" decoding=\"async\" width=\"819\" height=\"1024\" src=\"https:\/\/atthrea.com\/app\/uploads\/2023\/09\/atthrea_collection_-20.jpg\" alt=\"Lace silk top in black details such as delicate silk lace v neckline\" class=\"wp-image-2142\" srcset=\"https:\/\/atthrea.com\/app\/uploads\/2023\/09\/atthrea_collection_-20.jpg 819w, https:\/\/atthrea.com\/app\/uploads\/2023\/09\/atthrea_collection_-20-240x300.jpg 240w, https:\/\/atthrea.com\/app\/uploads\/2023\/09\/atthrea_collection_-20-768x960.jpg 768w, https:\/\/atthrea.com\/app\/uploads\/2023\/09\/atthrea_collection_-20-600x750.jpg 600w\" sizes=\"(max-width: 819px) 100vw, 819px\" \/><\/a><\/figure>\n<\/div>\n\n\n\n<div class=\"wp-block-column d-flex flex-column justify-content-center is-layout-flow wp-block-column-is-layout-flow\">\n<p class=\"has-text-align-center has-lg-font-size\" style=\"padding-top:var(--wp--preset--spacing--40);padding-right:var(--wp--preset--spacing--40);padding-bottom:var(--wp--preset--spacing--40);padding-left:var(--wp--preset--spacing--40)\"><strong>NOTRE MISSION<\/strong><\/p>\n\n\n\n<p style=\"padding-right:var(--wp--preset--spacing--50);padding-left:var(--wp--preset--spacing--50)\">atthrea est inspir\u00e9 par les femmes et les perles. Nous croyons vraiment que les meilleures choses valent toujours la peine d&#8217;\u00eatre attendues. Comme la perle met des ann\u00e9es \u00e0 se former, nous \u00e9voluons \u00e9galement en tant qu&#8217;\u00eatres humains pour devenir les meilleures versions de nous-m\u00eames.&nbsp;<\/p>\n\n\n\n<p style=\"padding-right:var(--wp--preset--spacing--50);padding-left:var(--wp--preset--spacing--50)\">En raison de notre inspiration &#8211; la perle &#8211; nous sommes d\u00e9termin\u00e9s \u00e0 faire une diff\u00e9rence importante dans la lutte contre la pollution plastique des oc\u00e9ans. C&#8217;est pourquoi nous sommes fiers de collaborer avec une organisation de renom qui s&#8217;est engag\u00e9e \u00e0 d\u00e9barrasser les oc\u00e9ans du plastique. Gr\u00e2ce \u00e0 ce partenariat, nous soutiendrons activement leurs efforts pour financer des mesures innovantes de pr\u00e9servation de la nature. Nous sommes impatients de vous en dire plus sur cette collaboration. Ensemble, nous cr\u00e9ons un avenir meilleur et plus propre pour notre plan\u00e8te et ses pr\u00e9cieux oc\u00e9ans.&nbsp;<\/p>\n<\/div>\n<\/div>\n\n\n\n<div class=\"wp-block-columns is-layout-flex wp-container-core-columns-is-layout-3 wp-block-columns-is-layout-flex\">\n<div class=\"wp-block-column d-flex flex-column justify-content-center is-layout-flow wp-block-column-is-layout-flow\">\n<p class=\"has-text-align-center has-lg-font-size\" style=\"padding-top:var(--wp--preset--spacing--40);padding-right:var(--wp--preset--spacing--40);padding-bottom:var(--wp--preset--spacing--40);padding-left:var(--wp--preset--spacing--40)\"><strong>NOS PRODUITS<\/strong><\/p>\n\n\n\n<p style=\"padding-right:var(--wp--preset--spacing--50);padding-left:var(--wp--preset--spacing--50)\">Nos produits sont soigneusement fabriqu\u00e9s en petites s\u00e9ries, un choix d\u00e9lib\u00e9r\u00e9 visant \u00e0 \u00e9viter la surproduction et \u00e0 minimiser les d\u00e9chets. Cette approche nous permet de maintenir les normes de qualit\u00e9 les plus \u00e9lev\u00e9es et de pr\u00eater attention aux d\u00e9tails de chaque v\u00eatement atthrea que nous produisons. <\/p>\n\n\n\n<p style=\"padding-right:var(--wp--preset--spacing--50);padding-left:var(--wp--preset--spacing--50)\">Nos mod\u00e8les intemporels transcendent les tendances \u00e9ph\u00e9m\u00e8res, garantissant que chaque pi\u00e8ce reste pertinente et \u00e9l\u00e9gante pour les ann\u00e9es \u00e0 venir. Associ\u00e9s \u00e0 notre engagement \u00e0 n&#8217;utiliser que les meilleurs tissus durables, tels que la soie, le lin, le cachemire ou la laine m\u00e9rinos, les habillements atthrea ne sont pas de simples v\u00eatements &#8211; ce sont des investissements durables con\u00e7us pour les ann\u00e9es \u00e0 venir. En donnant la priorit\u00e9 \u00e0 la durabilit\u00e9 et \u00e0 la long\u00e9vit\u00e9, nous permettons \u00e0 nos clients d&#8217;adopter une consommation consciente tout en r\u00e9duisant l&#8217;impact environnemental de la fast fashion.&nbsp;<\/p>\n<\/div>\n\n\n\n<div class=\"wp-block-column is-layout-flow wp-block-column-is-layout-flow\">\n<figure class=\"wp-block-image size-full\"><a href=\"https:\/\/atthrea.com\/product\/robe-maxi-tricotee-beige-dore-confort-luxueux-atthrea\/?lang=fr\" target=\"_blank\" rel=\"noreferrer noopener\"><img loading=\"lazy\" decoding=\"async\" width=\"819\" height=\"1024\" src=\"https:\/\/atthrea.com\/app\/uploads\/2023\/09\/atthrea_collection_-1.jpg\" alt=\"Elegant atthrea golden beige knitwear maxi dress modeled with finesse.\" class=\"wp-image-2066\" srcset=\"https:\/\/atthrea.com\/app\/uploads\/2023\/09\/atthrea_collection_-1.jpg 819w, https:\/\/atthrea.com\/app\/uploads\/2023\/09\/atthrea_collection_-1-240x300.jpg 240w, https:\/\/atthrea.com\/app\/uploads\/2023\/09\/atthrea_collection_-1-768x960.jpg 768w, https:\/\/atthrea.com\/app\/uploads\/2023\/09\/atthrea_collection_-1-600x750.jpg 600w\" sizes=\"(max-width: 819px) 100vw, 819px\" \/><\/a><\/figure>\n<\/div>\n<\/div>\n\n\n\n<div class=\"wp-block-columns is-layout-flex wp-container-core-columns-is-layout-4 wp-block-columns-is-layout-flex\">\n<div class=\"wp-block-column is-layout-flow wp-block-column-is-layout-flow\">\n<figure class=\"wp-block-image size-large\"><img loading=\"lazy\" decoding=\"async\" width=\"819\" height=\"1024\" src=\"https:\/\/atthrea.com\/app\/uploads\/2024\/03\/230401_Atthrea0235-819x1024.jpg\" alt=\"\" class=\"wp-image-2978\" srcset=\"https:\/\/atthrea.com\/app\/uploads\/2024\/03\/230401_Atthrea0235-819x1024.jpg 819w, https:\/\/atthrea.com\/app\/uploads\/2024\/03\/230401_Atthrea0235-240x300.jpg 240w, https:\/\/atthrea.com\/app\/uploads\/2024\/03\/230401_Atthrea0235-768x960.jpg 768w, https:\/\/atthrea.com\/app\/uploads\/2024\/03\/230401_Atthrea0235-600x750.jpg 600w, https:\/\/atthrea.com\/app\/uploads\/2024\/03\/230401_Atthrea0235.jpg 1024w\" sizes=\"(max-width: 819px) 100vw, 819px\" \/><\/figure>\n<\/div>\n\n\n\n<div class=\"wp-block-column is-vertically-aligned-center is-layout-flow wp-block-column-is-layout-flow\">\n<p class=\"has-text-align-center\" style=\"padding-top:var(--wp--preset--spacing--40);padding-right:var(--wp--preset--spacing--40);padding-bottom:var(--wp--preset--spacing--40);padding-left:var(--wp--preset--spacing--40)\"><strong>NOS MAT\u00c9RIAUX<\/strong><\/p>\n\n\n\n<p style=\"padding-top:var(--wp--preset--spacing--40);padding-right:var(--wp--preset--spacing--40);padding-bottom:var(--wp--preset--spacing--40);padding-left:var(--wp--preset--spacing--40)\">Chez atthrea, nous nous approvisionnons en fibres naturelles de mani\u00e8re responsable:<\/p>\n\n\n\n<p style=\"padding-top:var(--wp--preset--spacing--40);padding-right:var(--wp--preset--spacing--40);padding-bottom:var(--wp--preset--spacing--40);padding-left:var(--wp--preset--spacing--40)\"><strong>Laine<\/strong> \u2013 nous obtenons de la laine de ratons laveurs, de ch\u00e8vres cachemire, d&#8217;alpagas, de moutons m\u00e9rinos et de vigognes en utilisant des m\u00e9thodes humaines et durables, garantissant le bien-\u00eatre des animaux.<\/p>\n\n\n\n<p style=\"padding-top:var(--wp--preset--spacing--40);padding-right:var(--wp--preset--spacing--40);padding-bottom:var(--wp--preset--spacing--40);padding-left:var(--wp--preset--spacing--40)\"><strong>Soie<\/strong> \u2013 notre soie est produite gr\u00e2ce \u00e0 des pratiques de commerce \u00e9quitable en collaboration avec des usines \u00e9thiques qui privil\u00e9gient la conservation de l&#8217;eau et des salaires \u00e9quitables.<\/p>\n\n\n\n<p style=\"padding-top:var(--wp--preset--spacing--40);padding-right:var(--wp--preset--spacing--40);padding-bottom:var(--wp--preset--spacing--40);padding-left:var(--wp--preset--spacing--40)\"><strong>Linge<\/strong> \u2013 otre lin est issu de plantes de lin, \u00e9cologique et transform\u00e9 dans des installations respectueuses de l&#8217;environnement.<\/p>\n\n\n\n<p style=\"padding-top:var(--wp--preset--spacing--40);padding-right:var(--wp--preset--spacing--40);padding-bottom:var(--wp--preset--spacing--40);padding-left:var(--wp--preset--spacing--40)\">Nous allions luxe et durabilit\u00e9 pour cr\u00e9er des v\u00eatements beaux, durables et produits de mani\u00e8re \u00e9thique.<\/p>\n<\/div>\n<\/div>\n\n\n\n<div class=\"wp-block-columns is-layout-flex wp-container-core-columns-is-layout-5 wp-block-columns-is-layout-flex\">\n<div class=\"wp-block-column d-flex flex-column justify-content-center is-layout-flow wp-block-column-is-layout-flow\">\n<p class=\"has-text-align-center has-lg-font-size\" style=\"padding-top:var(--wp--preset--spacing--40);padding-right:var(--wp--preset--spacing--40);padding-bottom:var(--wp--preset--spacing--40);padding-left:var(--wp--preset--spacing--40)\"><strong>NOS EMBALLAGES&nbsp;<\/strong><\/p>\n\n\n\n<p style=\"padding-right:var(--wp--preset--spacing--50);padding-left:var(--wp--preset--spacing--50)\">L&#8217;engagement d&#8217;atthrea en faveur du d\u00e9veloppement durable va au-del\u00e0 de nos produits. Nous veillons \u00e0 ce que les emballages que nous utilisons soient respectueux de l&#8217;environnement, en optant pour des mat\u00e9riaux recycl\u00e9s, r\u00e9utilisables ou fabriqu\u00e9s de mani\u00e8re durable. En faisant des choix r\u00e9fl\u00e9chis pour nos emballages, nous minimisons notre empreinte \u00e9cologique et contribuons \u00e0 la r\u00e9duction des d\u00e9chets. <\/p>\n\n\n\n<p style=\"padding-right:var(--wp--preset--spacing--50);padding-left:var(--wp--preset--spacing--50)\">Qu&#8217;il s&#8217;agisse d&#8217;utiliser des mat\u00e9riaux recycl\u00e9s, de concevoir des emballages r\u00e9utilisables ou de s\u00e9lectionner des options provenant de sources durables, nous donnons la priorit\u00e9 aux pratiques respectueuses de l&#8217;environnement \u00e0 chaque \u00e9tape de notre processus.&nbsp;<\/p>\n<\/div>\n\n\n\n<div class=\"wp-block-column is-layout-flow wp-block-column-is-layout-flow\">\n<figure class=\"wp-block-image size-full\"><img loading=\"lazy\" decoding=\"async\" width=\"1024\" height=\"819\" src=\"https:\/\/atthrea.com\/app\/uploads\/2023\/09\/atthrea_collection_-9.jpg\" alt=\"Femme en haut en soie et dentelle noir. Fabriqu\u00e9 en satin de soie 100%. Se concentrant sur le d\u00e9licat col en V en dentelle de soie, avec des boutons recouverts de soie \u00e0 l'avant et des bretelles fines et ajustables.\" class=\"wp-image-2099\" srcset=\"https:\/\/atthrea.com\/app\/uploads\/2023\/09\/atthrea_collection_-9.jpg 1024w, https:\/\/atthrea.com\/app\/uploads\/2023\/09\/atthrea_collection_-9-300x240.jpg 300w, https:\/\/atthrea.com\/app\/uploads\/2023\/09\/atthrea_collection_-9-768x614.jpg 768w, https:\/\/atthrea.com\/app\/uploads\/2023\/09\/atthrea_collection_-9-600x480.jpg 600w\" sizes=\"(max-width: 1024px) 100vw, 1024px\" \/><\/figure>\n<\/div>\n<\/div>\n\n\n\n<div class=\"wp-block-columns is-layout-flex wp-container-core-columns-is-layout-6 wp-block-columns-is-layout-flex\">\n<div class=\"wp-block-column is-layout-flow wp-block-column-is-layout-flow\">\n<figure class=\"wp-block-image size-full\"><a href=\"https:\/\/atthrea.com\/product\/silk-crop-top-off-white\/?lang=fr\" target=\"_blank\" rel=\"noreferrer noopener\"><img loading=\"lazy\" decoding=\"async\" width=\"819\" height=\"1024\" src=\"https:\/\/atthrea.com\/app\/uploads\/2023\/09\/atthrea_collection_-7.jpg\" alt=\"Model sports an off-white atthrea silk crop top - side photo\" class=\"wp-image-2090\" srcset=\"https:\/\/atthrea.com\/app\/uploads\/2023\/09\/atthrea_collection_-7.jpg 819w, https:\/\/atthrea.com\/app\/uploads\/2023\/09\/atthrea_collection_-7-240x300.jpg 240w, https:\/\/atthrea.com\/app\/uploads\/2023\/09\/atthrea_collection_-7-768x960.jpg 768w, https:\/\/atthrea.com\/app\/uploads\/2023\/09\/atthrea_collection_-7-600x750.jpg 600w\" sizes=\"(max-width: 819px) 100vw, 819px\" \/><\/a><\/figure>\n<\/div>\n\n\n\n<div class=\"wp-block-column d-flex flex-column justify-content-center is-layout-flow wp-block-column-is-layout-flow\">\n<p class=\"has-text-align-center has-lg-font-size\" style=\"padding-top:var(--wp--preset--spacing--40);padding-right:var(--wp--preset--spacing--40);padding-bottom:var(--wp--preset--spacing--40);padding-left:var(--wp--preset--spacing--40)\"><strong>NOTRE PERSONNEL<\/strong><\/p>\n\n\n\n<p style=\"padding-right:var(--wp--preset--spacing--50);padding-left:var(--wp--preset--spacing--50)\">Assurer la s\u00e9curit\u00e9 et le bien-\u00eatre des personnes qui contribuent \u00e0 la cr\u00e9ation de nos produits est un principe fondamental d&#8217;atthrea. Nous garantissons et surveillons des conditions de travail s\u00fbres et des salaires \u00e9quitables pour toutes les personnes impliqu\u00e9es dans notre cha\u00eene d&#8217;approvisionnement. <\/p>\n\n\n\n<p style=\"padding-right:var(--wp--preset--spacing--50);padding-left:var(--wp--preset--spacing--50)\">Nous appliquons des normes de travail strictes, \u00e9valuons r\u00e9guli\u00e8rement les installations et assurons une r\u00e9mun\u00e9ration \u00e9quitable. Nous croyons qu&#8217;il faut donner un exemple positif dans l&#8217;industrie de la mode en donnant la priorit\u00e9 au bien-\u00eatre de nos travailleurs, dans l&#8217;optique d&#8217;un avenir plus \u00e9quitable et durable.&nbsp;<\/p>\n<\/div>\n<\/div>\n","protected":false},"excerpt":{"rendered":"<p>NOTRE IMPACT Chez atthrea, nous nous engageons \u00e0 faire plus que du style. Nous sommes d\u00e9termin\u00e9s \u00e0 cr\u00e9er un cadre enti\u00e8rement durable et respectueux de l&#8217;environnement. En mettant l&#8217;accent sur l&#8217;adoption de pratiques \u00e9cologiques, la r\u00e9duction des d\u00e9chets et la promotion de normes \u00e9thiques tout au long de notre cha\u00eene d&#8217;approvisionnement, nous red\u00e9finissons l&#8217;approche de &hellip; <a href=\"https:\/\/atthrea.com\/fr\/impact\/\">\u00c0 continuer<\/a><\/p>\n","protected":false},"author":7,"featured_media":0,"parent":0,"menu_order":0,"comment_status":"closed","ping_status":"closed","template":"","meta":{"footnotes":""},"acf":[],"yoast_head":"<!-- This site is optimized with the Yoast SEO plugin v22.9 - https:\/\/yoast.com\/wordpress\/plugins\/seo\/ -->\n<title>Impact - atthrea<\/title>\n<meta name=\"robots\" content=\"index, follow, max-snippet:-1, max-image-preview:large, max-video-preview:-1\" \/>\n<link rel=\"canonical\" href=\"https:\/\/atthrea.com\/fr\/impact\/\" \/>\n<meta property=\"og:locale\" content=\"fr_FR\" \/>\n<meta property=\"og:type\" content=\"article\" \/>\n<meta property=\"og:title\" content=\"Impact - atthrea\" \/>\n<meta property=\"og:description\" content=\"NOTRE IMPACT Chez atthrea, nous nous engageons \u00e0 faire plus que du style. Nous sommes d\u00e9termin\u00e9s \u00e0 cr\u00e9er un cadre enti\u00e8rement durable et respectueux de l&#8217;environnement. En mettant l&#8217;accent sur l&#8217;adoption de pratiques \u00e9cologiques, la r\u00e9duction des d\u00e9chets et la promotion de normes \u00e9thiques tout au long de notre cha\u00eene d&#8217;approvisionnement, nous red\u00e9finissons l&#8217;approche de &hellip; \u00c0 continuer\" \/>\n<meta property=\"og:url\" content=\"https:\/\/atthrea.com\/fr\/impact\/\" \/>\n<meta property=\"og:site_name\" content=\"atthrea\" \/>\n<meta property=\"article:modified_time\" content=\"2024-11-29T08:11:04+00:00\" \/>\n<meta property=\"og:image\" content=\"https:\/\/atthrea.com\/app\/uploads\/2024\/04\/atthrea_impact_cover.jpg\" \/>\n<meta name=\"twitter:card\" content=\"summary_large_image\" \/>\n<meta name=\"twitter:label1\" content=\"Est. reading time\" \/>\n\t<meta name=\"twitter:data1\" content=\"5 minutes\" \/>\n<script type=\"application\/ld+json\" class=\"yoast-schema-graph\">{\"@context\":\"https:\/\/schema.org\",\"@graph\":[{\"@type\":\"WebPage\",\"@id\":\"https:\/\/atthrea.com\/fr\/impact\/\",\"url\":\"https:\/\/atthrea.com\/fr\/impact\/\",\"name\":\"Impact - atthrea\",\"isPartOf\":{\"@id\":\"https:\/\/atthrea.com\/#website\"},\"primaryImageOfPage\":{\"@id\":\"https:\/\/atthrea.com\/fr\/impact\/#primaryimage\"},\"image\":{\"@id\":\"https:\/\/atthrea.com\/fr\/impact\/#primaryimage\"},\"thumbnailUrl\":\"https:\/\/atthrea.com\/app\/uploads\/2024\/04\/atthrea_impact_cover.jpg\",\"datePublished\":\"2024-04-02T08:46:33+00:00\",\"dateModified\":\"2024-11-29T08:11:04+00:00\",\"breadcrumb\":{\"@id\":\"https:\/\/atthrea.com\/fr\/impact\/#breadcrumb\"},\"inLanguage\":\"fr-FR\",\"potentialAction\":[{\"@type\":\"ReadAction\",\"target\":[\"https:\/\/atthrea.com\/fr\/impact\/\"]}]},{\"@type\":\"ImageObject\",\"inLanguage\":\"fr-FR\",\"@id\":\"https:\/\/atthrea.com\/fr\/impact\/#primaryimage\",\"url\":\"https:\/\/atthrea.com\/app\/uploads\/2024\/04\/atthrea_impact_cover.jpg\",\"contentUrl\":\"https:\/\/atthrea.com\/app\/uploads\/2024\/04\/atthrea_impact_cover.jpg\"},{\"@type\":\"BreadcrumbList\",\"@id\":\"https:\/\/atthrea.com\/fr\/impact\/#breadcrumb\",\"itemListElement\":[{\"@type\":\"ListItem\",\"position\":1,\"name\":\"Home\",\"item\":\"https:\/\/atthrea.com\/fr\/\"},{\"@type\":\"ListItem\",\"position\":2,\"name\":\"Impact\"}]},{\"@type\":\"WebSite\",\"@id\":\"https:\/\/atthrea.com\/#website\",\"url\":\"https:\/\/atthrea.com\/\",\"name\":\"atthrea\",\"description\":\"ready-to-wear classic elegance\",\"potentialAction\":[{\"@type\":\"SearchAction\",\"target\":{\"@type\":\"EntryPoint\",\"urlTemplate\":\"https:\/\/atthrea.com\/?s={search_term_string}\"},\"query-input\":\"required name=search_term_string\"}],\"inLanguage\":\"fr-FR\"}]}<\/script>\n<!-- \/ Yoast SEO plugin. -->","yoast_head_json":{"title":"Impact - atthrea","robots":{"index":"index","follow":"follow","max-snippet":"max-snippet:-1","max-image-preview":"max-image-preview:large","max-video-preview":"max-video-preview:-1"},"canonical":"https:\/\/atthrea.com\/fr\/impact\/","og_locale":"fr_FR","og_type":"article","og_title":"Impact - atthrea","og_description":"NOTRE IMPACT Chez atthrea, nous nous engageons \u00e0 faire plus que du style. Nous sommes d\u00e9termin\u00e9s \u00e0 cr\u00e9er un cadre enti\u00e8rement durable et respectueux de l&#8217;environnement. En mettant l&#8217;accent sur l&#8217;adoption de pratiques \u00e9cologiques, la r\u00e9duction des d\u00e9chets et la promotion de normes \u00e9thiques tout au long de notre cha\u00eene d&#8217;approvisionnement, nous red\u00e9finissons l&#8217;approche de &hellip; \u00c0 continuer","og_url":"https:\/\/atthrea.com\/fr\/impact\/","og_site_name":"atthrea","article_modified_time":"2024-11-29T08:11:04+00:00","og_image":[{"url":"https:\/\/atthrea.com\/app\/uploads\/2024\/04\/atthrea_impact_cover.jpg"}],"twitter_card":"summary_large_image","twitter_misc":{"Est. reading time":"5 minutes"},"schema":{"@context":"https:\/\/schema.org","@graph":[{"@type":"WebPage","@id":"https:\/\/atthrea.com\/fr\/impact\/","url":"https:\/\/atthrea.com\/fr\/impact\/","name":"Impact - atthrea","isPartOf":{"@id":"https:\/\/atthrea.com\/#website"},"primaryImageOfPage":{"@id":"https:\/\/atthrea.com\/fr\/impact\/#primaryimage"},"image":{"@id":"https:\/\/atthrea.com\/fr\/impact\/#primaryimage"},"thumbnailUrl":"https:\/\/atthrea.com\/app\/uploads\/2024\/04\/atthrea_impact_cover.jpg","datePublished":"2024-04-02T08:46:33+00:00","dateModified":"2024-11-29T08:11:04+00:00","breadcrumb":{"@id":"https:\/\/atthrea.com\/fr\/impact\/#breadcrumb"},"inLanguage":"fr-FR","potentialAction":[{"@type":"ReadAction","target":["https:\/\/atthrea.com\/fr\/impact\/"]}]},{"@type":"ImageObject","inLanguage":"fr-FR","@id":"https:\/\/atthrea.com\/fr\/impact\/#primaryimage","url":"https:\/\/atthrea.com\/app\/uploads\/2024\/04\/atthrea_impact_cover.jpg","contentUrl":"https:\/\/atthrea.com\/app\/uploads\/2024\/04\/atthrea_impact_cover.jpg"},{"@type":"BreadcrumbList","@id":"https:\/\/atthrea.com\/fr\/impact\/#breadcrumb","itemListElement":[{"@type":"ListItem","position":1,"name":"Home","item":"https:\/\/atthrea.com\/fr\/"},{"@type":"ListItem","position":2,"name":"Impact"}]},{"@type":"WebSite","@id":"https:\/\/atthrea.com\/#website","url":"https:\/\/atthrea.com\/","name":"atthrea","description":"ready-to-wear classic elegance","potentialAction":[{"@type":"SearchAction","target":{"@type":"EntryPoint","urlTemplate":"https:\/\/atthrea.com\/?s={search_term_string}"},"query-input":"required name=search_term_string"}],"inLanguage":"fr-FR"}]}},"_links":{"self":[{"href":"https:\/\/atthrea.com\/fr\/wp-json\/wp\/v2\/pages\/3293"}],"collection":[{"href":"https:\/\/atthrea.com\/fr\/wp-json\/wp\/v2\/pages"}],"about":[{"href":"https:\/\/atthrea.com\/fr\/wp-json\/wp\/v2\/types\/page"}],"author":[{"embeddable":true,"href":"https:\/\/atthrea.com\/fr\/wp-json\/wp\/v2\/users\/7"}],"replies":[{"embeddable":true,"href":"https:\/\/atthrea.com\/fr\/wp-json\/wp\/v2\/comments?post=3293"}],"version-history":[{"count":5,"href":"https:\/\/atthrea.com\/fr\/wp-json\/wp\/v2\/pages\/3293\/revisions"}],"predecessor-version":[{"id":4421,"href":"https:\/\/atthrea.com\/fr\/wp-json\/wp\/v2\/pages\/3293\/revisions\/4421"}],"wp:attachment":[{"href":"https:\/\/atthrea.com\/fr\/wp-json\/wp\/v2\/media?parent=3293"}],"curies":[{"name":"wp","href":"https:\/\/api.w.org\/{rel}","templated":true}]}}