{"id":3276,"date":"2024-03-24T08:16:15","date_gmt":"2024-03-24T08:16:15","guid":{"rendered":"https:\/\/atthrea.com\/about\/"},"modified":"2024-05-29T11:26:47","modified_gmt":"2024-05-29T11:26:47","slug":"about","status":"publish","type":"page","link":"https:\/\/atthrea.com\/fr\/about\/","title":{"rendered":"A propos d&#8217;atthrea"},"content":{"rendered":"\n<div class=\"wp-block-cover\" style=\"padding-top:0;padding-right:0;padding-bottom:0;padding-left:0\"><span aria-hidden=\"true\" class=\"wp-block-cover__background has-background-dim\"><\/span><img loading=\"lazy\" decoding=\"async\" width=\"1920\" height=\"762\" class=\"wp-block-cover__image-background wp-image-2762\" alt=\"atthrea: elegance, empowerment, empathy\" src=\"https:\/\/atthrea.com\/app\/uploads\/2024\/03\/atthrea-environmental-impact.jpg\" style=\"object-position:0% 50%\" data-object-fit=\"cover\" data-object-position=\"0% 50%\" srcset=\"https:\/\/atthrea.com\/app\/uploads\/2024\/03\/atthrea-environmental-impact.jpg 1920w, https:\/\/atthrea.com\/app\/uploads\/2024\/03\/atthrea-environmental-impact-300x119.jpg 300w, https:\/\/atthrea.com\/app\/uploads\/2024\/03\/atthrea-environmental-impact-1024x406.jpg 1024w, https:\/\/atthrea.com\/app\/uploads\/2024\/03\/atthrea-environmental-impact-768x305.jpg 768w, https:\/\/atthrea.com\/app\/uploads\/2024\/03\/atthrea-environmental-impact-1536x610.jpg 1536w, https:\/\/atthrea.com\/app\/uploads\/2024\/03\/atthrea-environmental-impact-600x238.jpg 600w\" sizes=\"(max-width: 1920px) 100vw, 1920px\" \/><div class=\"wp-block-cover__inner-container is-layout-flow wp-block-cover-is-layout-flow\">\n<p class=\"has-text-align-center has-large-font-size\">atthrea: \u00c9l\u00e9gance, Valorisation, Empathie<\/p>\n<\/div><\/div>\n\n\n\n<div style=\"height:64px\" aria-hidden=\"true\" class=\"wp-block-spacer\"><\/div>\n\n\n\n<div class=\"wp-block-columns is-layout-flex wp-container-core-columns-is-layout-1 wp-block-columns-is-layout-flex\">\n<div class=\"wp-block-column is-layout-flow wp-block-column-is-layout-flow\">\n<figure class=\"wp-block-image size-full\"><a href=\"https:\/\/atthrea.com\/product\/silk-pants-black\/?lang=fr\" target=\"_blank\" rel=\"noreferrer noopener\"><img loading=\"lazy\" decoding=\"async\" width=\"819\" height=\"1024\" src=\"https:\/\/atthrea.com\/app\/uploads\/2023\/09\/atthrea_collection_-15.jpg\" alt=\"Modell zeigt Seiden-Outfit-Inspiration. Schwarzes Seiden-Crop-Top kombiniert mit eleganten Seidenhosen.\" class=\"wp-image-2731\" srcset=\"https:\/\/atthrea.com\/app\/uploads\/2023\/09\/atthrea_collection_-15.jpg 819w, https:\/\/atthrea.com\/app\/uploads\/2023\/09\/atthrea_collection_-15-240x300.jpg 240w, https:\/\/atthrea.com\/app\/uploads\/2023\/09\/atthrea_collection_-15-768x960.jpg 768w, https:\/\/atthrea.com\/app\/uploads\/2023\/09\/atthrea_collection_-15-600x750.jpg 600w\" sizes=\"(max-width: 819px) 100vw, 819px\" \/><\/a><\/figure>\n<\/div>\n\n\n\n<div class=\"wp-block-column d-flex flex-column justify-content-center is-layout-flow wp-block-column-is-layout-flow\" style=\"padding-top:var(--wp--preset--spacing--30);padding-right:var(--wp--preset--spacing--30);padding-bottom:var(--wp--preset--spacing--30);padding-left:var(--wp--preset--spacing--30)\">\n<p>Fond\u00e9e en 2020 \u00e0 Berlin, atthrea est n\u00e9e d&#8217;une vision d\u2019allier chic et conscience dans la mode. Avec notre \u00e9quipe internationale r\u00e9partie en Allemagne, France et Italie, nous avons combin\u00e9 cr\u00e9ativit\u00e9 et innovation, aspirant \u00e0 \u00e9tablir de nouveaux standards pour un luxe \u00e9thique.<\/p>\n\n\n\n<p>atthrea se distingue par le choix des meilleurs tissus naturels comme la soie, le lin, le cachemire, la laine m\u00e9rinos, la laine d&#8217;alpaga et de vigogne, en d\u00e9montrant ainsi notre engagement pour le confort de nos clients et l&#8217;avenir de la plan\u00e8te. Notre offre de tissus n&#8217;est pas seulement une question de luxe ; c&#8217;est aussi un engagement en faveur d&#8217;une conscience \u00e9thique et environnementale qui nous met en relation avec des partenaires du monde entier partageant les m\u00eames id\u00e9es.<\/p>\n\n\n\n<p>Notre mission est beaucoup plus que la cr\u00e9ation de v\u00eatements, il s&#8217;agit d\u2019entretenir une communaut\u00e9 de femmes qui osent porter leurs valeurs. Nous cr\u00e9ons les exp\u00e9riences qui permettent aux femmes de se sentir au mieux dans tous les aspects de leur vie.<\/p>\n<\/div>\n<\/div>\n\n\n\n<h2 class=\"has-text-align-center text-center has-2-xl-font-size wp-block-heading\" style=\"padding-top:var(--wp--preset--spacing--30);padding-right:var(--wp--preset--spacing--60);padding-bottom:var(--wp--preset--spacing--60);padding-left:var(--wp--preset--spacing--60);font-style:normal;font-weight:500\">Rejoignez-nous sur ce chemin d\u2019\u00e9l\u00e9gance, de valorisation et d&#8217;empathie.<\/h2>\n\n\n\n<h2 class=\"has-text-align-center text-center has-2-xl-font-size wp-block-heading\" style=\"padding-top:var(--wp--preset--spacing--30);padding-right:var(--wp--preset--spacing--60);padding-bottom:var(--wp--preset--spacing--60);padding-left:var(--wp--preset--spacing--60);font-style:normal;font-weight:500\">Ensemble, nous pouvons faire la diff\u00e9rence &#8211; un v\u00eatement \u00e0 la fois.<\/h2>\n\n\n\n<h2 class=\"has-text-align-center has-sm-font-size wp-block-heading\"> <\/h2>\n\n\n\n<div class=\"wp-block-columns is-layout-flex wp-container-core-columns-is-layout-4 wp-block-columns-is-layout-flex\">\n<div class=\"wp-block-column is-layout-flow wp-block-column-is-layout-flow\">\n<div class=\"wp-block-columns is-layout-flex wp-container-core-columns-is-layout-2 wp-block-columns-is-layout-flex\">\n<div class=\"wp-block-column is-layout-flow wp-block-column-is-layout-flow\">\n<figure class=\"wp-block-image size-full\"><a href=\"https:\/\/atthrea.com\/product\/silk-crop-top-off-white\/?lang=fr\" target=\"_blank\" rel=\"noreferrer noopener\"><img loading=\"lazy\" decoding=\"async\" width=\"819\" height=\"1024\" src=\"https:\/\/atthrea.com\/app\/uploads\/2023\/09\/atthrea_collection_-8.jpg\" alt=\"Model sports an off-white atthrea silk crop top\" class=\"wp-image-2094\" srcset=\"https:\/\/atthrea.com\/app\/uploads\/2023\/09\/atthrea_collection_-8.jpg 819w, https:\/\/atthrea.com\/app\/uploads\/2023\/09\/atthrea_collection_-8-240x300.jpg 240w, https:\/\/atthrea.com\/app\/uploads\/2023\/09\/atthrea_collection_-8-768x960.jpg 768w, https:\/\/atthrea.com\/app\/uploads\/2023\/09\/atthrea_collection_-8-600x750.jpg 600w\" sizes=\"(max-width: 819px) 100vw, 819px\" \/><\/a><\/figure>\n<\/div>\n\n\n\n<div class=\"wp-block-column is-layout-flow wp-block-column-is-layout-flow\">\n<figure class=\"wp-block-image size-full\"><a href=\"https:\/\/atthrea.com\/product\/silk-pants-brown\/?lang=fr\" target=\"_blank\" rel=\"noreferrer noopener\"><img loading=\"lazy\" decoding=\"async\" width=\"819\" height=\"1024\" src=\"https:\/\/atthrea.com\/app\/uploads\/2023\/09\/atthrea_collection_-11.jpg\" alt=\"Model in a black atthrea silk shirt and brown silk trousers.\" class=\"wp-image-2106\" srcset=\"https:\/\/atthrea.com\/app\/uploads\/2023\/09\/atthrea_collection_-11.jpg 819w, https:\/\/atthrea.com\/app\/uploads\/2023\/09\/atthrea_collection_-11-240x300.jpg 240w, https:\/\/atthrea.com\/app\/uploads\/2023\/09\/atthrea_collection_-11-768x960.jpg 768w, https:\/\/atthrea.com\/app\/uploads\/2023\/09\/atthrea_collection_-11-600x750.jpg 600w\" sizes=\"(max-width: 819px) 100vw, 819px\" \/><\/a><\/figure>\n<\/div>\n<\/div>\n<\/div>\n\n\n\n<div class=\"wp-block-column is-layout-flow wp-block-column-is-layout-flow\">\n<div class=\"wp-block-columns is-layout-flex wp-container-core-columns-is-layout-3 wp-block-columns-is-layout-flex\">\n<div class=\"wp-block-column is-layout-flow wp-block-column-is-layout-flow\">\n<figure class=\"wp-block-image size-large\"><a href=\"https:\/\/atthrea.com\/product\/silk-t-shirt-black\/?lang=fr\" target=\"_blank\" rel=\"noreferrer noopener\"><img loading=\"lazy\" decoding=\"async\" width=\"819\" height=\"1024\" src=\"https:\/\/atthrea.com\/app\/uploads\/2024\/03\/230401_Atthrea0235-819x1024.jpg\" alt=\"\" class=\"wp-image-2977\" srcset=\"https:\/\/atthrea.com\/app\/uploads\/2024\/03\/230401_Atthrea0235-819x1024.jpg 819w, https:\/\/atthrea.com\/app\/uploads\/2024\/03\/230401_Atthrea0235-240x300.jpg 240w, https:\/\/atthrea.com\/app\/uploads\/2024\/03\/230401_Atthrea0235-768x960.jpg 768w, https:\/\/atthrea.com\/app\/uploads\/2024\/03\/230401_Atthrea0235-600x750.jpg 600w, https:\/\/atthrea.com\/app\/uploads\/2024\/03\/230401_Atthrea0235.jpg 1024w\" sizes=\"(max-width: 819px) 100vw, 819px\" \/><\/a><\/figure>\n<\/div>\n\n\n\n<div class=\"wp-block-column is-layout-flow wp-block-column-is-layout-flow\">\n<figure class=\"wp-block-image size-full\"><a href=\"https:\/\/atthrea.com\/product\/silk-t-shirt-off-white\/?lang=fr\" target=\"_blank\" rel=\"noreferrer noopener\"><img loading=\"lazy\" decoding=\"async\" width=\"819\" height=\"1024\" src=\"https:\/\/atthrea.com\/app\/uploads\/2023\/09\/atthrea_collection_-6.jpg\" alt=\"Model in an off-white silk T-shirt exuding simplicity and style.\" class=\"wp-image-2086\" srcset=\"https:\/\/atthrea.com\/app\/uploads\/2023\/09\/atthrea_collection_-6.jpg 819w, https:\/\/atthrea.com\/app\/uploads\/2023\/09\/atthrea_collection_-6-240x300.jpg 240w, https:\/\/atthrea.com\/app\/uploads\/2023\/09\/atthrea_collection_-6-768x960.jpg 768w, https:\/\/atthrea.com\/app\/uploads\/2023\/09\/atthrea_collection_-6-600x750.jpg 600w\" sizes=\"(max-width: 819px) 100vw, 819px\" \/><\/a><\/figure>\n<\/div>\n<\/div>\n<\/div>\n<\/div>\n","protected":false},"excerpt":{"rendered":"<p>Fond\u00e9e en 2020 \u00e0 Berlin, atthrea est n\u00e9e d&#8217;une vision d\u2019allier chic et conscience dans la mode. Avec notre \u00e9quipe internationale r\u00e9partie en Allemagne, France et Italie, nous avons combin\u00e9 cr\u00e9ativit\u00e9 et innovation, aspirant \u00e0 \u00e9tablir de nouveaux standards pour un luxe \u00e9thique. atthrea se distingue par le choix des meilleurs tissus naturels comme la &hellip; <a href=\"https:\/\/atthrea.com\/fr\/about\/\">\u00c0 continuer<\/a><\/p>\n","protected":false},"author":7,"featured_media":0,"parent":0,"menu_order":0,"comment_status":"closed","ping_status":"closed","template":"","meta":{"footnotes":""},"acf":[],"yoast_head":"<!-- This site is optimized with the Yoast SEO plugin v22.9 - https:\/\/yoast.com\/wordpress\/plugins\/seo\/ -->\n<title>A propos d&#039;atthrea - atthrea<\/title>\n<meta name=\"robots\" content=\"index, follow, max-snippet:-1, max-image-preview:large, max-video-preview:-1\" \/>\n<link rel=\"canonical\" href=\"https:\/\/atthrea.com\/fr\/about\/\" \/>\n<meta property=\"og:locale\" content=\"fr_FR\" \/>\n<meta property=\"og:type\" content=\"article\" \/>\n<meta property=\"og:title\" content=\"A propos d&#039;atthrea - atthrea\" \/>\n<meta property=\"og:description\" content=\"Fond\u00e9e en 2020 \u00e0 Berlin, atthrea est n\u00e9e d&#8217;une vision d\u2019allier chic et conscience dans la mode. Avec notre \u00e9quipe internationale r\u00e9partie en Allemagne, France et Italie, nous avons combin\u00e9 cr\u00e9ativit\u00e9 et innovation, aspirant \u00e0 \u00e9tablir de nouveaux standards pour un luxe \u00e9thique. atthrea se distingue par le choix des meilleurs tissus naturels comme la &hellip; \u00c0 continuer\" \/>\n<meta property=\"og:url\" content=\"https:\/\/atthrea.com\/fr\/about\/\" \/>\n<meta property=\"og:site_name\" content=\"atthrea\" \/>\n<meta property=\"article:modified_time\" content=\"2024-05-29T11:26:47+00:00\" \/>\n<meta property=\"og:image\" content=\"https:\/\/atthrea.com\/app\/uploads\/2024\/03\/atthrea-environmental-impact.jpg\" \/>\n<meta name=\"twitter:card\" content=\"summary_large_image\" \/>\n<meta name=\"twitter:label1\" content=\"Est. reading time\" \/>\n\t<meta name=\"twitter:data1\" content=\"3 minutes\" \/>\n<script type=\"application\/ld+json\" class=\"yoast-schema-graph\">{\"@context\":\"https:\/\/schema.org\",\"@graph\":[{\"@type\":\"WebPage\",\"@id\":\"https:\/\/atthrea.com\/fr\/about\/\",\"url\":\"https:\/\/atthrea.com\/fr\/about\/\",\"name\":\"A propos d'atthrea - atthrea\",\"isPartOf\":{\"@id\":\"https:\/\/atthrea.com\/#website\"},\"primaryImageOfPage\":{\"@id\":\"https:\/\/atthrea.com\/fr\/about\/#primaryimage\"},\"image\":{\"@id\":\"https:\/\/atthrea.com\/fr\/about\/#primaryimage\"},\"thumbnailUrl\":\"https:\/\/atthrea.com\/app\/uploads\/2024\/03\/atthrea-environmental-impact.jpg\",\"datePublished\":\"2024-03-24T08:16:15+00:00\",\"dateModified\":\"2024-05-29T11:26:47+00:00\",\"breadcrumb\":{\"@id\":\"https:\/\/atthrea.com\/fr\/about\/#breadcrumb\"},\"inLanguage\":\"fr-FR\",\"potentialAction\":[{\"@type\":\"ReadAction\",\"target\":[\"https:\/\/atthrea.com\/fr\/about\/\"]}]},{\"@type\":\"ImageObject\",\"inLanguage\":\"fr-FR\",\"@id\":\"https:\/\/atthrea.com\/fr\/about\/#primaryimage\",\"url\":\"https:\/\/atthrea.com\/app\/uploads\/2024\/03\/atthrea-environmental-impact.jpg\",\"contentUrl\":\"https:\/\/atthrea.com\/app\/uploads\/2024\/03\/atthrea-environmental-impact.jpg\"},{\"@type\":\"BreadcrumbList\",\"@id\":\"https:\/\/atthrea.com\/fr\/about\/#breadcrumb\",\"itemListElement\":[{\"@type\":\"ListItem\",\"position\":1,\"name\":\"Home\",\"item\":\"https:\/\/atthrea.com\/fr\/\"},{\"@type\":\"ListItem\",\"position\":2,\"name\":\"A propos d&#8217;atthrea\"}]},{\"@type\":\"WebSite\",\"@id\":\"https:\/\/atthrea.com\/#website\",\"url\":\"https:\/\/atthrea.com\/\",\"name\":\"atthrea\",\"description\":\"ready-to-wear classic elegance\",\"potentialAction\":[{\"@type\":\"SearchAction\",\"target\":{\"@type\":\"EntryPoint\",\"urlTemplate\":\"https:\/\/atthrea.com\/?s={search_term_string}\"},\"query-input\":\"required name=search_term_string\"}],\"inLanguage\":\"fr-FR\"}]}<\/script>\n<!-- \/ Yoast SEO plugin. -->","yoast_head_json":{"title":"A propos d'atthrea - atthrea","robots":{"index":"index","follow":"follow","max-snippet":"max-snippet:-1","max-image-preview":"max-image-preview:large","max-video-preview":"max-video-preview:-1"},"canonical":"https:\/\/atthrea.com\/fr\/about\/","og_locale":"fr_FR","og_type":"article","og_title":"A propos d'atthrea - atthrea","og_description":"Fond\u00e9e en 2020 \u00e0 Berlin, atthrea est n\u00e9e d&#8217;une vision d\u2019allier chic et conscience dans la mode. Avec notre \u00e9quipe internationale r\u00e9partie en Allemagne, France et Italie, nous avons combin\u00e9 cr\u00e9ativit\u00e9 et innovation, aspirant \u00e0 \u00e9tablir de nouveaux standards pour un luxe \u00e9thique. atthrea se distingue par le choix des meilleurs tissus naturels comme la &hellip; \u00c0 continuer","og_url":"https:\/\/atthrea.com\/fr\/about\/","og_site_name":"atthrea","article_modified_time":"2024-05-29T11:26:47+00:00","og_image":[{"url":"https:\/\/atthrea.com\/app\/uploads\/2024\/03\/atthrea-environmental-impact.jpg"}],"twitter_card":"summary_large_image","twitter_misc":{"Est. reading time":"3 minutes"},"schema":{"@context":"https:\/\/schema.org","@graph":[{"@type":"WebPage","@id":"https:\/\/atthrea.com\/fr\/about\/","url":"https:\/\/atthrea.com\/fr\/about\/","name":"A propos d'atthrea - atthrea","isPartOf":{"@id":"https:\/\/atthrea.com\/#website"},"primaryImageOfPage":{"@id":"https:\/\/atthrea.com\/fr\/about\/#primaryimage"},"image":{"@id":"https:\/\/atthrea.com\/fr\/about\/#primaryimage"},"thumbnailUrl":"https:\/\/atthrea.com\/app\/uploads\/2024\/03\/atthrea-environmental-impact.jpg","datePublished":"2024-03-24T08:16:15+00:00","dateModified":"2024-05-29T11:26:47+00:00","breadcrumb":{"@id":"https:\/\/atthrea.com\/fr\/about\/#breadcrumb"},"inLanguage":"fr-FR","potentialAction":[{"@type":"ReadAction","target":["https:\/\/atthrea.com\/fr\/about\/"]}]},{"@type":"ImageObject","inLanguage":"fr-FR","@id":"https:\/\/atthrea.com\/fr\/about\/#primaryimage","url":"https:\/\/atthrea.com\/app\/uploads\/2024\/03\/atthrea-environmental-impact.jpg","contentUrl":"https:\/\/atthrea.com\/app\/uploads\/2024\/03\/atthrea-environmental-impact.jpg"},{"@type":"BreadcrumbList","@id":"https:\/\/atthrea.com\/fr\/about\/#breadcrumb","itemListElement":[{"@type":"ListItem","position":1,"name":"Home","item":"https:\/\/atthrea.com\/fr\/"},{"@type":"ListItem","position":2,"name":"A propos d&#8217;atthrea"}]},{"@type":"WebSite","@id":"https:\/\/atthrea.com\/#website","url":"https:\/\/atthrea.com\/","name":"atthrea","description":"ready-to-wear classic elegance","potentialAction":[{"@type":"SearchAction","target":{"@type":"EntryPoint","urlTemplate":"https:\/\/atthrea.com\/?s={search_term_string}"},"query-input":"required name=search_term_string"}],"inLanguage":"fr-FR"}]}},"_links":{"self":[{"href":"https:\/\/atthrea.com\/fr\/wp-json\/wp\/v2\/pages\/3276"}],"collection":[{"href":"https:\/\/atthrea.com\/fr\/wp-json\/wp\/v2\/pages"}],"about":[{"href":"https:\/\/atthrea.com\/fr\/wp-json\/wp\/v2\/types\/page"}],"author":[{"embeddable":true,"href":"https:\/\/atthrea.com\/fr\/wp-json\/wp\/v2\/users\/7"}],"replies":[{"embeddable":true,"href":"https:\/\/atthrea.com\/fr\/wp-json\/wp\/v2\/comments?post=3276"}],"version-history":[{"count":2,"href":"https:\/\/atthrea.com\/fr\/wp-json\/wp\/v2\/pages\/3276\/revisions"}],"predecessor-version":[{"id":3482,"href":"https:\/\/atthrea.com\/fr\/wp-json\/wp\/v2\/pages\/3276\/revisions\/3482"}],"wp:attachment":[{"href":"https:\/\/atthrea.com\/fr\/wp-json\/wp\/v2\/media?parent=3276"}],"curies":[{"name":"wp","href":"https:\/\/api.w.org\/{rel}","templated":true}]}}