{"id":1326,"date":"2023-08-22T00:01:25","date_gmt":"2023-08-22T00:01:25","guid":{"rendered":"https:\/\/atthrea.com\/returns-and-complaints\/"},"modified":"2024-05-29T09:35:37","modified_gmt":"2024-05-29T09:35:37","slug":"retours-et-reclamations","status":"publish","type":"page","link":"https:\/\/atthrea.com\/fr\/retours-et-reclamations\/","title":{"rendered":"Retours et R\u00e9clamations"},"content":{"rendered":"\n<p><strong>Retours et R\u00e9clamations<\/strong><\/p>\n\n\n\n<p>Les Clients ont le droit de r\u00e9tracter le contrat conclu sans indication de motif dans un d\u00e9lai de 14 jours \u00e0 compter du jour o\u00f9 le Client ou un tiers d\u00e9sign\u00e9 par celui-ci (qui n&#8217;est pas le transporteur) prend possession des biens.<\/p>\n\n\n\n<p>Pour exercer son droit de r\u00e9tractation, le Client est tenu d&#8217;informer la soci\u00e9t\u00e9 atthrea GmbH, Kurf\u00fcrstenstr. 114, 10787 Berlin, Allemagne, <a href=\"mailto:wecare@atthrea.com\">wecare@atthrea.com<\/a> (ci-apr\u00e8s d\u00e9nomm\u00e9e &#8220;atthrea&#8221;), de sa d\u00e9cision de se r\u00e9tracter du contrat conclu au moyen d&#8217;une d\u00e9claration d\u00e9nu\u00e9e d&#8217;ambigu\u00eft\u00e9, par exemple, en envoyant une lettre par voie postale ou par courrier \u00e9lectronique. Le Client peut \u00e9galement utiliser le mod\u00e8le de formulaire de r\u00e9tractation fourni ci-dessous, mais ce n&#8217;est pas obligatoire.<\/p>\n\n\n\n<p>Le d\u00e9lai de r\u00e9tractation est r\u00e9put\u00e9 respect\u00e9 si la d\u00e9claration de r\u00e9tractation est envoy\u00e9e avant la fin du d\u00e9lai de 14 jours.<\/p>\n\n\n\n<p>Cons\u00e9quences de la r\u00e9tractation de l&#8217;accord<\/p>\n\n\n\n<p>En cas de r\u00e9tractation du pr\u00e9sent accord, tous les paiements re\u00e7us du Client, y compris les frais de livraison des biens (\u00e0 l&#8217;exception des frais suppl\u00e9mentaires r\u00e9sultant du choix par le Consommateur d&#8217;un mode de livraison autre que la livraison standard la moins ch\u00e8re propos\u00e9e par nous), seront rembours\u00e9s sans retard injustifi\u00e9, mais au plus tard 14 jours \u00e0 compter du jour o\u00f9 nous avons \u00e9t\u00e9 inform\u00e9s de la d\u00e9cision du Consommateur de se r\u00e9tracter du pr\u00e9sent accord. Le remboursement sera effectu\u00e9 en utilisant le m\u00eame moyen de paiement que celui utilis\u00e9 lors de la transaction initiale, sauf s\u2019il a \u00e9t\u00e9 express\u00e9ment convenu autrement, et cela n\u2019entra\u00eenera aucuns frais pour le Consommateur. Nous informons par la pr\u00e9sente qu&#8217;atthrea est en droit de retenir le remboursement jusqu&#8217;\u00e0 ce que nous ayons re\u00e7u les marchandises retourn\u00e9es ou jusqu&#8217;\u00e0 ce que le client ait fourni la preuve du retour des marchandises &#8211; selon la premi\u00e8re \u00e9ventualit\u00e9.<\/p>\n\n\n\n<p>En cas de r\u00e9tractation du pr\u00e9sent accord,\u00a0 les articles doivent \u00eatre retourn\u00e9s imm\u00e9diatement, pas plus tard que 14 jours \u00e0 compter du jour o\u00f9 le contrat a \u00e9t\u00e9 r\u00e9tract\u00e9, \u00e0 l\u2019adresse suivante\u00a0: atthrea GmbH, Kurf\u00fcrstenstr. 114, 10787 Berlin, Allemagne.<\/p>\n\n\n\n<p>Le d\u00e9lai de retour des biens sera consid\u00e9r\u00e9 respect\u00e9, si le Consommateur renvoie les articles avant l\u2019expiration du d\u00e9lai de 14 jours \u00e0 compter du jour de r\u00e9tractation du contrat.<\/p>\n\n\n\n<p>En cas de r\u00e9tractation, le Consommateur est oblig\u00e9 de supporter les frais directs de renvoi des biens. Le Consommateur sera tenu de couvrir les frais de la d\u00e9pr\u00e9ciation des biens r\u00e9sultant de manipulations autres que celles n\u00e9cessaires pour \u00e9tablir la nature, les caract\u00e9ristiques et le fonctionnement des biens.<\/p>\n\n\n\n<p>En cas de r\u00e9tractation, le Client est tenu de supporter les co\u00fbts directs de retour de la marchandise. Le Client sera tenu de couvrir les co\u00fbts de toute perte de valeur des marchandises, uniquement dans les cas o\u00f9 cette perte r\u00e9sulte d&#8217;une manipulation des marchandises d&#8217;une mani\u00e8re non n\u00e9cessaire pour s&#8217;assurer de leur qualit\u00e9, de leurs propri\u00e9t\u00e9s ou de leur fonctionnement.<\/p>\n\n\n\n<p>En outre, le droit de se retirer de l&#8217;accord ne s&#8217;applique pas dans le cas des accords suivants&nbsp;:<\/p>\n\n\n\n<ol>\n<li>Pour la livraison de marchandises scell\u00e9es qui ne peuvent pas \u00eatre retourn\u00e9es pour des raisons de sant\u00e9 ou d&#8217;hygi\u00e8ne si leur scell\u00e9 a \u00e9t\u00e9 retir\u00e9 apr\u00e8s la livraison.<\/li>\n\n\n\n<li>Dans le cas des produits num\u00e9riques.<\/li>\n<\/ol>\n\n\n\n<p>Fin du droit de r\u00e9tractation de l&#8217;accord.<\/p>\n\n\n\n<p>Mod\u00e8le de lettre de r\u00e9tractation&nbsp;:<\/p>\n\n\n\n<p>Si le Client souhaite r\u00e9silier le contrat, il est pri\u00e9 de remplir et d&#8217;envoyer le formulaire suivant :<\/p>\n\n\n\n<p>\u00c0 : atthrea GmbH, Kurf\u00fcrstenstr. 114, 10787 Berlin, Allemagne, courriel : <a href=\"mailto:wecare@atthrea.com\">wecare@atthrea.com<\/a>.\u00a0<\/p>\n\n\n\n<p><em>Par la pr\u00e9sente, <\/em>je <em>r\u00e9silie\/nous r\u00e9silions le contrat de vente des biens suivants (<\/em>) \/ le contrat de prestation des services suivants (<em>),&nbsp;<\/em><\/p>\n\n\n\n<ul>\n<li><em>Command\u00e9 le (<\/em>)\/re\u00e7u le (*) Nom du\/des consommateur(s),&nbsp;<\/li>\n\n\n\n<li>Adresse du\/des consommateur(s),&nbsp;<\/li>\n\n\n\n<li>Signature du\/des consommateur(s) (uniquement, si le pr\u00e9sent formulaire est notifi\u00e9 sur papier),&nbsp;<\/li>\n\n\n\n<li>Date<\/li>\n<\/ul>\n\n\n\n<p>(*) Rayer l\u2019inutile.<\/p>\n\n\n\n<p>Exceptions au droit de r\u00e9tractation de l&#8217;accord&nbsp;:<\/p>\n\n\n\n<p>Le droit de r\u00e9tractation du contrat ne s&#8217;applique pas aux contrats de fourniture de marchandises scell\u00e9es qui ne peuvent pas \u00eatre renvoy\u00e9es pour des raisons de sant\u00e9 ou d&#8217;hygi\u00e8ne si le scell\u00e9 a \u00e9t\u00e9 retir\u00e9 apr\u00e8s la livraison au Client.<\/p>\n\n\n\n<p>Le droit de r\u00e9tractation ne s&#8217;applique pas non plus dans le cas d&#8217;un accord portant sur la fourniture d&#8217;un contenu num\u00e9rique qui n&#8217;est pas stock\u00e9 sur un support physique si Atthrea a commenc\u00e9 l&#8217;ex\u00e9cution de cet accord apr\u00e8s que le Client a donn\u00e9 son consentement explicite pour commencer l&#8217;ex\u00e9cution de l&#8217;accord et a reconnu qu&#8217;en donnant son consentement, il perd le droit de se r\u00e9tracter \u00e0 partir du moment o\u00f9 il a commenc\u00e9 l&#8217;ex\u00e9cution de l&#8217;accord.<\/p>\n\n\n\n<p>Cadeaux gratuits&nbsp;:<\/p>\n\n\n\n<p>Nous vous informons que, dans le cadre des promotions marketing, atthrea offre des cadeaux qui sont soit group\u00e9s avec l&#8217;article achet\u00e9, soit inclus dans le prix total de la commande. La commande group\u00e9e consiste \u00e0 choisir un cadeau gratuit \u00e0 c\u00f4t\u00e9 de l&#8217;article que le Client a l&#8217;intention d&#8217;acheter dans le cadre de la commande. En cas de retour de l&#8217;article ou de r\u00e9tractation du contrat, le Client est \u00e9galement tenu de renvoyer les cadeaux associ\u00e9s conform\u00e9ment \u00e0 l&#8217;avis de r\u00e9siliation du contrat susmentionn\u00e9 ou de renvoyer \u00e0 atthrea la diff\u00e9rence de valeur du cadeau.<\/p>\n\n\n\n<p>Coupons de r\u00e9duction&nbsp;:<\/p>\n\n\n\n<p>Si un bon de r\u00e9duction est li\u00e9 \u00e0 une valeur de commande minimale et le Client fait une d\u00e9claration de se r\u00e9tracter de l&#8217;accord qui r\u00e9duit l&#8217;obligation de paiement du Client en dessous de la valeur de commande minimale, le bon de r\u00e9duction perd sa validit\u00e9 pour cette commande et ne sera pas pris en compte dans le r\u00e8glement. Cela signifie que le Client devra payer le prix normal pour la partie restante de la commande apr\u00e8s la r\u00e9tractation du contrat, sans tenir compte du coupon de r\u00e9duction.<\/p>\n\n\n\n<p>Si les conditions minimales (par exemple, la valeur minimale d&#8217;achat) pour recevoir un cadeau gratuit ne sont plus remplies en raison d&#8217;un retour, le Client est \u00e9galement tenu de renvoyer le cadeau gratuit \u00e0 Atthrea dans un \u00e9tat intact. Si le Client choisit de conserver le cadeau gratuit, la valeur du cadeau sera d\u00e9duite du montant de remboursement.<\/p>\n\n\n\n<p>Retour des marchandises par voie postale&nbsp;:<\/p>\n\n\n\n<p>Le Client est pri\u00e9 de remplir le formulaire de retour et de l&#8217;inclure dans le colis avec les articles qu&#8217;il souhaite retourner. Le num\u00e9ro de l&#8217;article doit correspondre au num\u00e9ro indiqu\u00e9 sur l&#8217;\u00e9tiquette du code-barres de l&#8217;article. L&#8217;article doit \u00eatre solidement emball\u00e9 pour le retour.<\/p>\n\n\n\n<p>Si le Client souhaite retourner plusieurs commandes, il est pri\u00e9 d&#8217;envoyer chaque commande s\u00e9par\u00e9ment. Cela permet au service logistique d&#8217;associer correctement les commandes et de traiter les retours de mani\u00e8re pr\u00e9cise et efficace.<\/p>\n\n\n\n<p>L&#8217;adresse de retour d&#8217;atthrea est la suivante :&nbsp;<\/p>\n\n\n\n<p>atthrea GmbH&nbsp;<\/p>\n\n\n\n<p>Kurf\u00fcrstenstr. 114, <\/p>\n\n\n\n<p>10787 Berlin, Allemagne<\/p>\n\n\n\n<p>Lors du retour des articles, il est conseill\u00e9 au client de demander un re\u00e7u ou une preuve d&#8217;exp\u00e9dition. Il est recommand\u00e9 de conserver le re\u00e7u jusqu&#8217;\u00e0 la r\u00e9ception du remboursement.<\/p>\n\n\n\n<p>Nous informons qu&#8217;atthrea ne rembourse aucuns frais pour les produits obtenus \u00e0 partir d&#8217;autres sources que le site web de notre boutique.<\/p>\n","protected":false},"excerpt":{"rendered":"<p>Retours et R\u00e9clamations Les Clients ont le droit de r\u00e9tracter le contrat conclu sans indication de motif dans un d\u00e9lai de 14 jours \u00e0 compter du jour o\u00f9 le Client ou un tiers d\u00e9sign\u00e9 par celui-ci (qui n&#8217;est pas le transporteur) prend possession des biens. Pour exercer son droit de r\u00e9tractation, le Client est tenu &hellip; <a href=\"https:\/\/atthrea.com\/fr\/retours-et-reclamations\/\">\u00c0 continuer<\/a><\/p>\n","protected":false},"author":1,"featured_media":2431,"parent":0,"menu_order":0,"comment_status":"closed","ping_status":"closed","template":"template-regulations.blade.php","meta":{"footnotes":""},"acf":[],"yoast_head":"<!-- This site is optimized with the Yoast SEO plugin v22.9 - https:\/\/yoast.com\/wordpress\/plugins\/seo\/ -->\n<title>atthrea - Retours &amp; R\u00e9clamations | Solutions Simples | atthrea.com<\/title>\n<meta name=\"description\" content=\"Explorez notre politique de retours et r\u00e9clamations. Engagement pour des solutions rapides et un service client exceptionnel.\" \/>\n<meta name=\"robots\" content=\"index, follow, max-snippet:-1, max-image-preview:large, max-video-preview:-1\" \/>\n<link rel=\"canonical\" href=\"https:\/\/atthrea.com\/fr\/retours-et-reclamations\/\" \/>\n<meta property=\"og:locale\" content=\"fr_FR\" \/>\n<meta property=\"og:type\" content=\"article\" \/>\n<meta property=\"og:title\" content=\"atthrea - Retours &amp; R\u00e9clamations | Solutions Simples | atthrea.com\" \/>\n<meta property=\"og:description\" content=\"Explorez notre politique de retours et r\u00e9clamations. Engagement pour des solutions rapides et un service client exceptionnel.\" \/>\n<meta property=\"og:url\" content=\"https:\/\/atthrea.com\/fr\/retours-et-reclamations\/\" \/>\n<meta property=\"og:site_name\" content=\"atthrea\" \/>\n<meta property=\"article:modified_time\" content=\"2024-05-29T09:35:37+00:00\" \/>\n<meta property=\"og:image\" content=\"https:\/\/atthrea.com\/app\/uploads\/2023\/12\/230401_Atthrea122553-2-3-2.jpg\" \/>\n\t<meta property=\"og:image:width\" content=\"955\" \/>\n\t<meta property=\"og:image:height\" content=\"674\" \/>\n\t<meta property=\"og:image:type\" content=\"image\/jpeg\" \/>\n<meta name=\"twitter:card\" content=\"summary_large_image\" \/>\n<meta name=\"twitter:title\" content=\"atthrea - Retours &amp; R\u00e9clamations | Solutions Simples | atthrea.com\" \/>\n<meta name=\"twitter:description\" content=\"Explorez notre politique de retours et r\u00e9clamations. Engagement pour des solutions rapides et un service client exceptionnel.\" \/>\n<meta name=\"twitter:image\" content=\"https:\/\/atthrea.com\/app\/uploads\/2023\/12\/230401_Atthrea122553-2-3-2.jpg\" \/>\n<meta name=\"twitter:label1\" content=\"Est. reading time\" \/>\n\t<meta name=\"twitter:data1\" content=\"5 minutes\" \/>\n<script type=\"application\/ld+json\" class=\"yoast-schema-graph\">{\"@context\":\"https:\/\/schema.org\",\"@graph\":[{\"@type\":\"WebPage\",\"@id\":\"https:\/\/atthrea.com\/fr\/retours-et-reclamations\/\",\"url\":\"https:\/\/atthrea.com\/fr\/retours-et-reclamations\/\",\"name\":\"atthrea - Retours & R\u00e9clamations | Solutions Simples | atthrea.com\",\"isPartOf\":{\"@id\":\"https:\/\/atthrea.com\/#website\"},\"primaryImageOfPage\":{\"@id\":\"https:\/\/atthrea.com\/fr\/retours-et-reclamations\/#primaryimage\"},\"image\":{\"@id\":\"https:\/\/atthrea.com\/fr\/retours-et-reclamations\/#primaryimage\"},\"thumbnailUrl\":\"https:\/\/atthrea.com\/app\/uploads\/2023\/12\/230401_Atthrea122553-2-3-2.jpg\",\"datePublished\":\"2023-08-22T00:01:25+00:00\",\"dateModified\":\"2024-05-29T09:35:37+00:00\",\"description\":\"Explorez notre politique de retours et r\u00e9clamations. Engagement pour des solutions rapides et un service client exceptionnel.\",\"breadcrumb\":{\"@id\":\"https:\/\/atthrea.com\/fr\/retours-et-reclamations\/#breadcrumb\"},\"inLanguage\":\"fr-FR\",\"potentialAction\":[{\"@type\":\"ReadAction\",\"target\":[\"https:\/\/atthrea.com\/fr\/retours-et-reclamations\/\"]}]},{\"@type\":\"ImageObject\",\"inLanguage\":\"fr-FR\",\"@id\":\"https:\/\/atthrea.com\/fr\/retours-et-reclamations\/#primaryimage\",\"url\":\"https:\/\/atthrea.com\/app\/uploads\/2023\/12\/230401_Atthrea122553-2-3-2.jpg\",\"contentUrl\":\"https:\/\/atthrea.com\/app\/uploads\/2023\/12\/230401_Atthrea122553-2-3-2.jpg\",\"width\":955,\"height\":674,\"caption\":\"Mannequin portant un pull en soie luxueux d'atthrea. La texture \u00e9l\u00e9gante et le subtil \u00e9clat du pull mettent en lumi\u00e8re la qualit\u00e9 de l'artisanat.\"},{\"@type\":\"BreadcrumbList\",\"@id\":\"https:\/\/atthrea.com\/fr\/retours-et-reclamations\/#breadcrumb\",\"itemListElement\":[{\"@type\":\"ListItem\",\"position\":1,\"name\":\"Home\",\"item\":\"https:\/\/atthrea.com\/fr\/\"},{\"@type\":\"ListItem\",\"position\":2,\"name\":\"Retours et R\u00e9clamations\"}]},{\"@type\":\"WebSite\",\"@id\":\"https:\/\/atthrea.com\/#website\",\"url\":\"https:\/\/atthrea.com\/\",\"name\":\"atthrea\",\"description\":\"ready-to-wear classic elegance\",\"potentialAction\":[{\"@type\":\"SearchAction\",\"target\":{\"@type\":\"EntryPoint\",\"urlTemplate\":\"https:\/\/atthrea.com\/?s={search_term_string}\"},\"query-input\":\"required name=search_term_string\"}],\"inLanguage\":\"fr-FR\"}]}<\/script>\n<!-- \/ Yoast SEO plugin. -->","yoast_head_json":{"title":"atthrea - Retours & R\u00e9clamations | Solutions Simples | atthrea.com","description":"Explorez notre politique de retours et r\u00e9clamations. Engagement pour des solutions rapides et un service client exceptionnel.","robots":{"index":"index","follow":"follow","max-snippet":"max-snippet:-1","max-image-preview":"max-image-preview:large","max-video-preview":"max-video-preview:-1"},"canonical":"https:\/\/atthrea.com\/fr\/retours-et-reclamations\/","og_locale":"fr_FR","og_type":"article","og_title":"atthrea - Retours & R\u00e9clamations | Solutions Simples | atthrea.com","og_description":"Explorez notre politique de retours et r\u00e9clamations. Engagement pour des solutions rapides et un service client exceptionnel.","og_url":"https:\/\/atthrea.com\/fr\/retours-et-reclamations\/","og_site_name":"atthrea","article_modified_time":"2024-05-29T09:35:37+00:00","og_image":[{"width":955,"height":674,"url":"https:\/\/atthrea.com\/app\/uploads\/2023\/12\/230401_Atthrea122553-2-3-2.jpg","type":"image\/jpeg"}],"twitter_card":"summary_large_image","twitter_title":"atthrea - Retours & R\u00e9clamations | Solutions Simples | atthrea.com","twitter_description":"Explorez notre politique de retours et r\u00e9clamations. Engagement pour des solutions rapides et un service client exceptionnel.","twitter_image":"https:\/\/atthrea.com\/app\/uploads\/2023\/12\/230401_Atthrea122553-2-3-2.jpg","twitter_misc":{"Est. reading time":"5 minutes"},"schema":{"@context":"https:\/\/schema.org","@graph":[{"@type":"WebPage","@id":"https:\/\/atthrea.com\/fr\/retours-et-reclamations\/","url":"https:\/\/atthrea.com\/fr\/retours-et-reclamations\/","name":"atthrea - Retours & R\u00e9clamations | Solutions Simples | atthrea.com","isPartOf":{"@id":"https:\/\/atthrea.com\/#website"},"primaryImageOfPage":{"@id":"https:\/\/atthrea.com\/fr\/retours-et-reclamations\/#primaryimage"},"image":{"@id":"https:\/\/atthrea.com\/fr\/retours-et-reclamations\/#primaryimage"},"thumbnailUrl":"https:\/\/atthrea.com\/app\/uploads\/2023\/12\/230401_Atthrea122553-2-3-2.jpg","datePublished":"2023-08-22T00:01:25+00:00","dateModified":"2024-05-29T09:35:37+00:00","description":"Explorez notre politique de retours et r\u00e9clamations. Engagement pour des solutions rapides et un service client exceptionnel.","breadcrumb":{"@id":"https:\/\/atthrea.com\/fr\/retours-et-reclamations\/#breadcrumb"},"inLanguage":"fr-FR","potentialAction":[{"@type":"ReadAction","target":["https:\/\/atthrea.com\/fr\/retours-et-reclamations\/"]}]},{"@type":"ImageObject","inLanguage":"fr-FR","@id":"https:\/\/atthrea.com\/fr\/retours-et-reclamations\/#primaryimage","url":"https:\/\/atthrea.com\/app\/uploads\/2023\/12\/230401_Atthrea122553-2-3-2.jpg","contentUrl":"https:\/\/atthrea.com\/app\/uploads\/2023\/12\/230401_Atthrea122553-2-3-2.jpg","width":955,"height":674,"caption":"Mannequin portant un pull en soie luxueux d'atthrea. La texture \u00e9l\u00e9gante et le subtil \u00e9clat du pull mettent en lumi\u00e8re la qualit\u00e9 de l'artisanat."},{"@type":"BreadcrumbList","@id":"https:\/\/atthrea.com\/fr\/retours-et-reclamations\/#breadcrumb","itemListElement":[{"@type":"ListItem","position":1,"name":"Home","item":"https:\/\/atthrea.com\/fr\/"},{"@type":"ListItem","position":2,"name":"Retours et R\u00e9clamations"}]},{"@type":"WebSite","@id":"https:\/\/atthrea.com\/#website","url":"https:\/\/atthrea.com\/","name":"atthrea","description":"ready-to-wear classic elegance","potentialAction":[{"@type":"SearchAction","target":{"@type":"EntryPoint","urlTemplate":"https:\/\/atthrea.com\/?s={search_term_string}"},"query-input":"required name=search_term_string"}],"inLanguage":"fr-FR"}]}},"_links":{"self":[{"href":"https:\/\/atthrea.com\/fr\/wp-json\/wp\/v2\/pages\/1326"}],"collection":[{"href":"https:\/\/atthrea.com\/fr\/wp-json\/wp\/v2\/pages"}],"about":[{"href":"https:\/\/atthrea.com\/fr\/wp-json\/wp\/v2\/types\/page"}],"author":[{"embeddable":true,"href":"https:\/\/atthrea.com\/fr\/wp-json\/wp\/v2\/users\/1"}],"replies":[{"embeddable":true,"href":"https:\/\/atthrea.com\/fr\/wp-json\/wp\/v2\/comments?post=1326"}],"version-history":[{"count":3,"href":"https:\/\/atthrea.com\/fr\/wp-json\/wp\/v2\/pages\/1326\/revisions"}],"predecessor-version":[{"id":3470,"href":"https:\/\/atthrea.com\/fr\/wp-json\/wp\/v2\/pages\/1326\/revisions\/3470"}],"wp:featuredmedia":[{"embeddable":true,"href":"https:\/\/atthrea.com\/fr\/wp-json\/wp\/v2\/media\/2431"}],"wp:attachment":[{"href":"https:\/\/atthrea.com\/fr\/wp-json\/wp\/v2\/media?parent=1326"}],"curies":[{"name":"wp","href":"https:\/\/api.w.org\/{rel}","templated":true}]}}