{"id":1320,"date":"2023-02-08T10:37:20","date_gmt":"2023-02-08T10:37:20","guid":{"rendered":"https:\/\/atthrea.com\/my-account\/"},"modified":"2023-08-24T23:50:26","modified_gmt":"2023-08-24T23:50:26","slug":"mon-compte","status":"publish","type":"page","link":"https:\/\/atthrea.com\/fr\/mon-compte\/","title":{"rendered":"Mon Compte"},"content":{"rendered":"<div class=\"woocommerce\"><\/div>\n","protected":false},"excerpt":{"rendered":"","protected":false},"author":1,"featured_media":2431,"parent":0,"menu_order":0,"comment_status":"closed","ping_status":"closed","template":"template-my-account.blade.php","meta":{"footnotes":""},"acf":[],"yoast_head":"<!-- This site is optimized with the Yoast SEO plugin v22.9 - https:\/\/yoast.com\/wordpress\/plugins\/seo\/ -->\n<title>Mon Compte - atthrea<\/title>\n<meta name=\"robots\" content=\"index, follow, max-snippet:-1, max-image-preview:large, max-video-preview:-1\" \/>\n<link rel=\"canonical\" href=\"https:\/\/atthrea.com\/my-account\/\" \/>\n<meta property=\"og:locale\" content=\"fr_FR\" \/>\n<meta property=\"og:type\" content=\"article\" \/>\n<meta property=\"og:title\" content=\"Mon Compte - atthrea\" \/>\n<meta property=\"og:url\" content=\"https:\/\/atthrea.com\/my-account\/\" \/>\n<meta property=\"og:site_name\" content=\"atthrea\" \/>\n<meta property=\"article:modified_time\" content=\"2023-08-24T23:50:26+00:00\" \/>\n<meta name=\"twitter:card\" content=\"summary_large_image\" \/>\n<script type=\"application\/ld+json\" class=\"yoast-schema-graph\">{\"@context\":\"https:\/\/schema.org\",\"@graph\":[{\"@type\":\"WebPage\",\"@id\":\"https:\/\/atthrea.com\/my-account\/\",\"url\":\"https:\/\/atthrea.com\/my-account\/\",\"name\":\"Mon Compte - atthrea\",\"isPartOf\":{\"@id\":\"https:\/\/atthrea.com\/#website\"},\"primaryImageOfPage\":{\"@id\":\"https:\/\/atthrea.com\/my-account\/#primaryimage\"},\"image\":{\"@id\":\"https:\/\/atthrea.com\/my-account\/#primaryimage\"},\"thumbnailUrl\":\"https:\/\/atthrea.com\/app\/uploads\/2023\/12\/230401_Atthrea122553-2-3-2.jpg\",\"datePublished\":\"2023-02-08T10:37:20+00:00\",\"dateModified\":\"2023-08-24T23:50:26+00:00\",\"breadcrumb\":{\"@id\":\"https:\/\/atthrea.com\/my-account\/#breadcrumb\"},\"inLanguage\":\"fr-FR\",\"potentialAction\":[{\"@type\":\"ReadAction\",\"target\":[\"https:\/\/atthrea.com\/my-account\/\"]}]},{\"@type\":\"ImageObject\",\"inLanguage\":\"fr-FR\",\"@id\":\"https:\/\/atthrea.com\/my-account\/#primaryimage\",\"url\":\"https:\/\/atthrea.com\/app\/uploads\/2023\/12\/230401_Atthrea122553-2-3-2.jpg\",\"contentUrl\":\"https:\/\/atthrea.com\/app\/uploads\/2023\/12\/230401_Atthrea122553-2-3-2.jpg\",\"width\":955,\"height\":674,\"caption\":\"Mannequin portant un pull en soie luxueux d'atthrea. La texture \u00e9l\u00e9gante et le subtil \u00e9clat du pull mettent en lumi\u00e8re la qualit\u00e9 de l'artisanat.\"},{\"@type\":\"BreadcrumbList\",\"@id\":\"https:\/\/atthrea.com\/my-account\/#breadcrumb\",\"itemListElement\":[{\"@type\":\"ListItem\",\"position\":1,\"name\":\"Home\",\"item\":\"https:\/\/atthrea.com\/fr\/\"},{\"@type\":\"ListItem\",\"position\":2,\"name\":\"Mon Compte\"}]},{\"@type\":\"WebSite\",\"@id\":\"https:\/\/atthrea.com\/#website\",\"url\":\"https:\/\/atthrea.com\/\",\"name\":\"atthrea\",\"description\":\"ready-to-wear classic elegance\",\"potentialAction\":[{\"@type\":\"SearchAction\",\"target\":{\"@type\":\"EntryPoint\",\"urlTemplate\":\"https:\/\/atthrea.com\/?s={search_term_string}\"},\"query-input\":\"required name=search_term_string\"}],\"inLanguage\":\"fr-FR\"}]}<\/script>\n<!-- \/ Yoast SEO plugin. -->","yoast_head_json":{"title":"Mon Compte - atthrea","robots":{"index":"index","follow":"follow","max-snippet":"max-snippet:-1","max-image-preview":"max-image-preview:large","max-video-preview":"max-video-preview:-1"},"canonical":"https:\/\/atthrea.com\/my-account\/","og_locale":"fr_FR","og_type":"article","og_title":"Mon Compte - atthrea","og_url":"https:\/\/atthrea.com\/my-account\/","og_site_name":"atthrea","article_modified_time":"2023-08-24T23:50:26+00:00","twitter_card":"summary_large_image","schema":{"@context":"https:\/\/schema.org","@graph":[{"@type":"WebPage","@id":"https:\/\/atthrea.com\/my-account\/","url":"https:\/\/atthrea.com\/my-account\/","name":"Mon Compte - atthrea","isPartOf":{"@id":"https:\/\/atthrea.com\/#website"},"primaryImageOfPage":{"@id":"https:\/\/atthrea.com\/my-account\/#primaryimage"},"image":{"@id":"https:\/\/atthrea.com\/my-account\/#primaryimage"},"thumbnailUrl":"https:\/\/atthrea.com\/app\/uploads\/2023\/12\/230401_Atthrea122553-2-3-2.jpg","datePublished":"2023-02-08T10:37:20+00:00","dateModified":"2023-08-24T23:50:26+00:00","breadcrumb":{"@id":"https:\/\/atthrea.com\/my-account\/#breadcrumb"},"inLanguage":"fr-FR","potentialAction":[{"@type":"ReadAction","target":["https:\/\/atthrea.com\/my-account\/"]}]},{"@type":"ImageObject","inLanguage":"fr-FR","@id":"https:\/\/atthrea.com\/my-account\/#primaryimage","url":"https:\/\/atthrea.com\/app\/uploads\/2023\/12\/230401_Atthrea122553-2-3-2.jpg","contentUrl":"https:\/\/atthrea.com\/app\/uploads\/2023\/12\/230401_Atthrea122553-2-3-2.jpg","width":955,"height":674,"caption":"Mannequin portant un pull en soie luxueux d'atthrea. La texture \u00e9l\u00e9gante et le subtil \u00e9clat du pull mettent en lumi\u00e8re la qualit\u00e9 de l'artisanat."},{"@type":"BreadcrumbList","@id":"https:\/\/atthrea.com\/my-account\/#breadcrumb","itemListElement":[{"@type":"ListItem","position":1,"name":"Home","item":"https:\/\/atthrea.com\/fr\/"},{"@type":"ListItem","position":2,"name":"Mon Compte"}]},{"@type":"WebSite","@id":"https:\/\/atthrea.com\/#website","url":"https:\/\/atthrea.com\/","name":"atthrea","description":"ready-to-wear classic elegance","potentialAction":[{"@type":"SearchAction","target":{"@type":"EntryPoint","urlTemplate":"https:\/\/atthrea.com\/?s={search_term_string}"},"query-input":"required name=search_term_string"}],"inLanguage":"fr-FR"}]}},"_links":{"self":[{"href":"https:\/\/atthrea.com\/fr\/wp-json\/wp\/v2\/pages\/1320"}],"collection":[{"href":"https:\/\/atthrea.com\/fr\/wp-json\/wp\/v2\/pages"}],"about":[{"href":"https:\/\/atthrea.com\/fr\/wp-json\/wp\/v2\/types\/page"}],"author":[{"embeddable":true,"href":"https:\/\/atthrea.com\/fr\/wp-json\/wp\/v2\/users\/1"}],"replies":[{"embeddable":true,"href":"https:\/\/atthrea.com\/fr\/wp-json\/wp\/v2\/comments?post=1320"}],"version-history":[{"count":1,"href":"https:\/\/atthrea.com\/fr\/wp-json\/wp\/v2\/pages\/1320\/revisions"}],"predecessor-version":[{"id":1322,"href":"https:\/\/atthrea.com\/fr\/wp-json\/wp\/v2\/pages\/1320\/revisions\/1322"}],"wp:featuredmedia":[{"embeddable":true,"href":"https:\/\/atthrea.com\/fr\/wp-json\/wp\/v2\/media\/2431"}],"wp:attachment":[{"href":"https:\/\/atthrea.com\/fr\/wp-json\/wp\/v2\/media?parent=1320"}],"curies":[{"name":"wp","href":"https:\/\/api.w.org\/{rel}","templated":true}]}}