{"id":1317,"date":"2023-02-08T12:23:05","date_gmt":"2023-02-08T12:23:05","guid":{"rendered":"https:\/\/atthrea.com\/customer-service\/"},"modified":"2024-02-19T14:56:53","modified_gmt":"2024-02-19T14:56:53","slug":"service-client","status":"publish","type":"page","link":"https:\/\/atthrea.com\/fr\/service-client\/","title":{"rendered":"Service Client"},"content":{"rendered":"\n<h2 class=\"wp-block-heading\">AVEZ-VOUS DES QUESTIONS?<\/h2>\n\n\n\n<p>\u00c9crivez-nous et nous vous r\u00e9pondrons dans les 24 heures.<\/p>\n\n\n\n<div class=\"wp-block-contact-form-7-contact-form-selector\">\n<div class=\"wpcf7 no-js\" id=\"wpcf7-f1307-o1\" lang=\"en-US\" dir=\"ltr\">\n<div class=\"screen-reader-response\"><p role=\"status\" aria-live=\"polite\" aria-atomic=\"true\"><\/p> <ul><\/ul><\/div>\n<form action=\"\/fr\/wp-json\/wp\/v2\/pages\/1317#wpcf7-f1307-o1\" method=\"post\" class=\"wpcf7-form init\" aria-label=\"Contact form\" novalidate=\"novalidate\" data-status=\"init\">\n<div style=\"display: none;\">\n<input type=\"hidden\" name=\"_wpcf7\" value=\"1307\" \/>\n<input type=\"hidden\" name=\"_wpcf7_version\" value=\"5.9.6\" \/>\n<input type=\"hidden\" name=\"_wpcf7_locale\" value=\"en_US\" \/>\n<input type=\"hidden\" name=\"_wpcf7_unit_tag\" value=\"wpcf7-f1307-o1\" \/>\n<input type=\"hidden\" name=\"_wpcf7_container_post\" value=\"0\" \/>\n<input type=\"hidden\" name=\"_wpcf7_posted_data_hash\" value=\"\" \/>\n<input type=\"hidden\" name=\"_wpcf7_recaptcha_response\" value=\"\" \/>\n<\/div>\n<p><span class=\"wpcf7-form-control-wrap\" data-name=\"your-name\"><input size=\"40\" maxlength=\"80\" class=\"wpcf7-form-control wpcf7-text wpcf7-validates-as-required\" aria-required=\"true\" aria-invalid=\"false\" placeholder=\"Nom\" value=\"\" type=\"text\" name=\"your-name\" \/><\/span><br \/>\n<span class=\"wpcf7-form-control-wrap\" data-name=\"your-email\"><input size=\"40\" maxlength=\"80\" class=\"wpcf7-form-control wpcf7-email wpcf7-validates-as-required wpcf7-text wpcf7-validates-as-email\" aria-required=\"true\" aria-invalid=\"false\" placeholder=\"Adresse E-mail\" value=\"\" type=\"email\" name=\"your-email\" \/><\/span><br \/>\n<span class=\"wpcf7-form-control-wrap\" data-name=\"your-subject\"><input size=\"40\" maxlength=\"80\" class=\"wpcf7-form-control wpcf7-text wpcf7-validates-as-required\" aria-required=\"true\" aria-invalid=\"false\" placeholder=\"Sujet\" value=\"\" type=\"text\" name=\"your-subject\" \/><\/span><br \/>\n<span class=\"wpcf7-form-control-wrap\" data-name=\"your-message\"><textarea cols=\"40\" rows=\"10\" maxlength=\"400\" class=\"wpcf7-form-control wpcf7-textarea\" aria-invalid=\"false\" placeholder=\"Message\" name=\"your-message\"><\/textarea><\/span><br \/>\n<input class=\"wpcf7-form-control wpcf7-submit has-spinner\" id=\"about-us__submit-button\" type=\"submit\" value=\"Envoyer\" \/>\n<\/p><div class=\"wpcf7-response-output\" aria-hidden=\"true\"><\/div>\n<\/form>\n<\/div>\n<\/div>\n","protected":false},"excerpt":{"rendered":"<p>AVEZ-VOUS DES QUESTIONS? \u00c9crivez-nous et nous vous r\u00e9pondrons dans les 24 heures.<\/p>\n","protected":false},"author":1,"featured_media":2431,"parent":0,"menu_order":0,"comment_status":"closed","ping_status":"closed","template":"template-contact.blade.php","meta":{"footnotes":""},"acf":[],"yoast_head":"<!-- This site is optimized with the Yoast SEO plugin v22.9 - https:\/\/yoast.com\/wordpress\/plugins\/seo\/ -->\n<title>atthrea - Service Client | Aide &amp; Support | atthrea.com<\/title>\n<meta name=\"description\" content=\"Avez-vous des questions ? Contactez-nous d\u00e8s aujourd&#039;hui ! Votre satisfaction est notre priorit\u00e9. Nous t&#039;invitons!\" \/>\n<meta name=\"robots\" content=\"index, follow, max-snippet:-1, max-image-preview:large, max-video-preview:-1\" \/>\n<link rel=\"canonical\" href=\"https:\/\/atthrea.com\/service-client\/?lang=fr\" \/>\n<meta property=\"og:locale\" content=\"fr_FR\" \/>\n<meta property=\"og:type\" content=\"article\" \/>\n<meta property=\"og:title\" content=\"atthrea - Service Client | Aide &amp; Support | atthrea.com\" \/>\n<meta property=\"og:description\" content=\"Avez-vous des questions ? Contactez-nous d\u00e8s aujourd&#039;hui ! Votre satisfaction est notre priorit\u00e9. Nous t&#039;invitons!\" \/>\n<meta property=\"og:url\" content=\"https:\/\/atthrea.com\/service-client\/?lang=fr\" \/>\n<meta property=\"og:site_name\" content=\"atthrea\" \/>\n<meta property=\"article:modified_time\" content=\"2024-02-19T14:56:53+00:00\" \/>\n<meta property=\"og:image\" content=\"https:\/\/atthrea.com\/app\/uploads\/2023\/12\/230401_Atthrea122553-2-3-2.jpg\" \/>\n\t<meta property=\"og:image:width\" content=\"955\" \/>\n\t<meta property=\"og:image:height\" content=\"674\" \/>\n\t<meta property=\"og:image:type\" content=\"image\/jpeg\" \/>\n<meta name=\"twitter:card\" content=\"summary_large_image\" \/>\n<meta name=\"twitter:title\" content=\"atthrea - Service Client | Aide &amp; Support | atthrea.com\" \/>\n<meta name=\"twitter:description\" content=\"Avez-vous des questions ? Contactez-nous d\u00e8s aujourd&#039;hui ! Votre satisfaction est notre priorit\u00e9. Nous t&#039;invitons!\" \/>\n<meta name=\"twitter:image\" content=\"https:\/\/atthrea.com\/app\/uploads\/2023\/12\/230401_Atthrea122553-2-3-2.jpg\" \/>\n<meta name=\"twitter:label1\" content=\"Est. reading time\" \/>\n\t<meta name=\"twitter:data1\" content=\"1 minute\" \/>\n<script type=\"application\/ld+json\" class=\"yoast-schema-graph\">{\"@context\":\"https:\/\/schema.org\",\"@graph\":[{\"@type\":\"WebPage\",\"@id\":\"https:\/\/atthrea.com\/service-client\/?lang=fr\",\"url\":\"https:\/\/atthrea.com\/service-client\/?lang=fr\",\"name\":\"atthrea - Service Client | Aide & Support | atthrea.com\",\"isPartOf\":{\"@id\":\"https:\/\/atthrea.com\/#website\"},\"primaryImageOfPage\":{\"@id\":\"https:\/\/atthrea.com\/service-client\/?lang=fr#primaryimage\"},\"image\":{\"@id\":\"https:\/\/atthrea.com\/service-client\/?lang=fr#primaryimage\"},\"thumbnailUrl\":\"https:\/\/atthrea.com\/app\/uploads\/2023\/12\/230401_Atthrea122553-2-3-2.jpg\",\"datePublished\":\"2023-02-08T12:23:05+00:00\",\"dateModified\":\"2024-02-19T14:56:53+00:00\",\"description\":\"Avez-vous des questions ? Contactez-nous d\u00e8s aujourd'hui ! Votre satisfaction est notre priorit\u00e9. Nous t'invitons!\",\"breadcrumb\":{\"@id\":\"https:\/\/atthrea.com\/service-client\/?lang=fr#breadcrumb\"},\"inLanguage\":\"fr-FR\",\"potentialAction\":[{\"@type\":\"ReadAction\",\"target\":[\"https:\/\/atthrea.com\/service-client\/?lang=fr\"]}]},{\"@type\":\"ImageObject\",\"inLanguage\":\"fr-FR\",\"@id\":\"https:\/\/atthrea.com\/service-client\/?lang=fr#primaryimage\",\"url\":\"https:\/\/atthrea.com\/app\/uploads\/2023\/12\/230401_Atthrea122553-2-3-2.jpg\",\"contentUrl\":\"https:\/\/atthrea.com\/app\/uploads\/2023\/12\/230401_Atthrea122553-2-3-2.jpg\",\"width\":955,\"height\":674,\"caption\":\"Mannequin portant un pull en soie luxueux d'atthrea. La texture \u00e9l\u00e9gante et le subtil \u00e9clat du pull mettent en lumi\u00e8re la qualit\u00e9 de l'artisanat.\"},{\"@type\":\"BreadcrumbList\",\"@id\":\"https:\/\/atthrea.com\/service-client\/?lang=fr#breadcrumb\",\"itemListElement\":[{\"@type\":\"ListItem\",\"position\":1,\"name\":\"Home\",\"item\":\"https:\/\/atthrea.com\/fr\/\"},{\"@type\":\"ListItem\",\"position\":2,\"name\":\"Service Client\"}]},{\"@type\":\"WebSite\",\"@id\":\"https:\/\/atthrea.com\/#website\",\"url\":\"https:\/\/atthrea.com\/\",\"name\":\"atthrea\",\"description\":\"ready-to-wear classic elegance\",\"potentialAction\":[{\"@type\":\"SearchAction\",\"target\":{\"@type\":\"EntryPoint\",\"urlTemplate\":\"https:\/\/atthrea.com\/?s={search_term_string}\"},\"query-input\":\"required name=search_term_string\"}],\"inLanguage\":\"fr-FR\"}]}<\/script>\n<!-- \/ Yoast SEO plugin. -->","yoast_head_json":{"title":"atthrea - Service Client | Aide & Support | atthrea.com","description":"Avez-vous des questions ? Contactez-nous d\u00e8s aujourd'hui ! Votre satisfaction est notre priorit\u00e9. Nous t'invitons!","robots":{"index":"index","follow":"follow","max-snippet":"max-snippet:-1","max-image-preview":"max-image-preview:large","max-video-preview":"max-video-preview:-1"},"canonical":"https:\/\/atthrea.com\/service-client\/?lang=fr","og_locale":"fr_FR","og_type":"article","og_title":"atthrea - Service Client | Aide & Support | atthrea.com","og_description":"Avez-vous des questions ? Contactez-nous d\u00e8s aujourd'hui ! Votre satisfaction est notre priorit\u00e9. Nous t'invitons!","og_url":"https:\/\/atthrea.com\/service-client\/?lang=fr","og_site_name":"atthrea","article_modified_time":"2024-02-19T14:56:53+00:00","og_image":[{"width":955,"height":674,"url":"https:\/\/atthrea.com\/app\/uploads\/2023\/12\/230401_Atthrea122553-2-3-2.jpg","type":"image\/jpeg"}],"twitter_card":"summary_large_image","twitter_title":"atthrea - Service Client | Aide & Support | atthrea.com","twitter_description":"Avez-vous des questions ? Contactez-nous d\u00e8s aujourd'hui ! Votre satisfaction est notre priorit\u00e9. Nous t'invitons!","twitter_image":"https:\/\/atthrea.com\/app\/uploads\/2023\/12\/230401_Atthrea122553-2-3-2.jpg","twitter_misc":{"Est. reading time":"1 minute"},"schema":{"@context":"https:\/\/schema.org","@graph":[{"@type":"WebPage","@id":"https:\/\/atthrea.com\/service-client\/?lang=fr","url":"https:\/\/atthrea.com\/service-client\/?lang=fr","name":"atthrea - Service Client | Aide & Support | atthrea.com","isPartOf":{"@id":"https:\/\/atthrea.com\/#website"},"primaryImageOfPage":{"@id":"https:\/\/atthrea.com\/service-client\/?lang=fr#primaryimage"},"image":{"@id":"https:\/\/atthrea.com\/service-client\/?lang=fr#primaryimage"},"thumbnailUrl":"https:\/\/atthrea.com\/app\/uploads\/2023\/12\/230401_Atthrea122553-2-3-2.jpg","datePublished":"2023-02-08T12:23:05+00:00","dateModified":"2024-02-19T14:56:53+00:00","description":"Avez-vous des questions ? Contactez-nous d\u00e8s aujourd'hui ! Votre satisfaction est notre priorit\u00e9. Nous t'invitons!","breadcrumb":{"@id":"https:\/\/atthrea.com\/service-client\/?lang=fr#breadcrumb"},"inLanguage":"fr-FR","potentialAction":[{"@type":"ReadAction","target":["https:\/\/atthrea.com\/service-client\/?lang=fr"]}]},{"@type":"ImageObject","inLanguage":"fr-FR","@id":"https:\/\/atthrea.com\/service-client\/?lang=fr#primaryimage","url":"https:\/\/atthrea.com\/app\/uploads\/2023\/12\/230401_Atthrea122553-2-3-2.jpg","contentUrl":"https:\/\/atthrea.com\/app\/uploads\/2023\/12\/230401_Atthrea122553-2-3-2.jpg","width":955,"height":674,"caption":"Mannequin portant un pull en soie luxueux d'atthrea. La texture \u00e9l\u00e9gante et le subtil \u00e9clat du pull mettent en lumi\u00e8re la qualit\u00e9 de l'artisanat."},{"@type":"BreadcrumbList","@id":"https:\/\/atthrea.com\/service-client\/?lang=fr#breadcrumb","itemListElement":[{"@type":"ListItem","position":1,"name":"Home","item":"https:\/\/atthrea.com\/fr\/"},{"@type":"ListItem","position":2,"name":"Service Client"}]},{"@type":"WebSite","@id":"https:\/\/atthrea.com\/#website","url":"https:\/\/atthrea.com\/","name":"atthrea","description":"ready-to-wear classic elegance","potentialAction":[{"@type":"SearchAction","target":{"@type":"EntryPoint","urlTemplate":"https:\/\/atthrea.com\/?s={search_term_string}"},"query-input":"required name=search_term_string"}],"inLanguage":"fr-FR"}]}},"_links":{"self":[{"href":"https:\/\/atthrea.com\/fr\/wp-json\/wp\/v2\/pages\/1317"}],"collection":[{"href":"https:\/\/atthrea.com\/fr\/wp-json\/wp\/v2\/pages"}],"about":[{"href":"https:\/\/atthrea.com\/fr\/wp-json\/wp\/v2\/types\/page"}],"author":[{"embeddable":true,"href":"https:\/\/atthrea.com\/fr\/wp-json\/wp\/v2\/users\/1"}],"replies":[{"embeddable":true,"href":"https:\/\/atthrea.com\/fr\/wp-json\/wp\/v2\/comments?post=1317"}],"version-history":[{"count":1,"href":"https:\/\/atthrea.com\/fr\/wp-json\/wp\/v2\/pages\/1317\/revisions"}],"predecessor-version":[{"id":1319,"href":"https:\/\/atthrea.com\/fr\/wp-json\/wp\/v2\/pages\/1317\/revisions\/1319"}],"wp:featuredmedia":[{"embeddable":true,"href":"https:\/\/atthrea.com\/fr\/wp-json\/wp\/v2\/media\/2431"}],"wp:attachment":[{"href":"https:\/\/atthrea.com\/fr\/wp-json\/wp\/v2\/media?parent=1317"}],"curies":[{"name":"wp","href":"https:\/\/api.w.org\/{rel}","templated":true}]}}