{"id":1314,"date":"2023-02-08T10:37:20","date_gmt":"2023-02-08T10:37:20","guid":{"rendered":"https:\/\/atthrea.com\/cart\/"},"modified":"2024-02-19T14:50:17","modified_gmt":"2024-02-19T14:50:17","slug":"panier","status":"publish","type":"page","link":"https:\/\/atthrea.com\/fr\/panier\/","title":{"rendered":"Panier"},"content":{"rendered":"\n","protected":false},"excerpt":{"rendered":"","protected":false},"author":1,"featured_media":2099,"parent":0,"menu_order":0,"comment_status":"closed","ping_status":"closed","template":"template-cart.blade.php","meta":{"footnotes":""},"acf":[],"yoast_head":"<!-- This site is optimized with the Yoast SEO plugin v22.9 - https:\/\/yoast.com\/wordpress\/plugins\/seo\/ -->\n<title>atthrea - Votre Panier | Finalisez Votre Commande | atthrea.com<\/title>\n<meta name=\"description\" content=\"Finalisez votre commande avec des articles tendance dans votre panier atthrea. Faites vos achats maintenant !\" \/>\n<meta name=\"robots\" content=\"index, follow, max-snippet:-1, max-image-preview:large, max-video-preview:-1\" \/>\n<link rel=\"canonical\" href=\"https:\/\/atthrea.com\/panier\/?lang=fr\" \/>\n<meta property=\"og:locale\" content=\"fr_FR\" \/>\n<meta property=\"og:type\" content=\"article\" \/>\n<meta property=\"og:title\" content=\"atthrea - Votre Panier | Finalisez Votre Commande | atthrea.com\" \/>\n<meta property=\"og:description\" content=\"Finalisez votre commande avec des articles tendance dans votre panier atthrea. Faites vos achats maintenant !\" \/>\n<meta property=\"og:url\" content=\"https:\/\/atthrea.com\/panier\/?lang=fr\" \/>\n<meta property=\"og:site_name\" content=\"atthrea\" \/>\n<meta property=\"article:modified_time\" content=\"2024-02-19T14:50:17+00:00\" \/>\n<meta property=\"og:image\" content=\"https:\/\/atthrea.com\/app\/uploads\/2023\/09\/atthrea_collection_-9.jpg\" \/>\n\t<meta property=\"og:image:width\" content=\"1024\" \/>\n\t<meta property=\"og:image:height\" content=\"819\" \/>\n\t<meta property=\"og:image:type\" content=\"image\/jpeg\" \/>\n<meta name=\"twitter:card\" content=\"summary_large_image\" \/>\n<meta name=\"twitter:title\" content=\"atthrea - Votre Panier | Finalisez Votre Commande | atthrea.com\" \/>\n<meta name=\"twitter:description\" content=\"Finalisez votre commande avec des articles tendance dans votre panier atthrea. Faites vos achats maintenant !\" \/>\n<meta name=\"twitter:image\" content=\"https:\/\/atthrea.com\/app\/uploads\/2023\/09\/atthrea_collection_-9.jpg\" \/>\n<meta name=\"twitter:label1\" content=\"Est. reading time\" \/>\n\t<meta name=\"twitter:data1\" content=\"1 minute\" \/>\n<script type=\"application\/ld+json\" class=\"yoast-schema-graph\">{\"@context\":\"https:\/\/schema.org\",\"@graph\":[{\"@type\":\"WebPage\",\"@id\":\"https:\/\/atthrea.com\/panier\/?lang=fr\",\"url\":\"https:\/\/atthrea.com\/panier\/?lang=fr\",\"name\":\"atthrea - Votre Panier | Finalisez Votre Commande | atthrea.com\",\"isPartOf\":{\"@id\":\"https:\/\/atthrea.com\/#website\"},\"primaryImageOfPage\":{\"@id\":\"https:\/\/atthrea.com\/panier\/?lang=fr#primaryimage\"},\"image\":{\"@id\":\"https:\/\/atthrea.com\/panier\/?lang=fr#primaryimage\"},\"thumbnailUrl\":\"https:\/\/atthrea.com\/app\/uploads\/2023\/09\/atthrea_collection_-9.jpg\",\"datePublished\":\"2023-02-08T10:37:20+00:00\",\"dateModified\":\"2024-02-19T14:50:17+00:00\",\"description\":\"Finalisez votre commande avec des articles tendance dans votre panier atthrea. Faites vos achats maintenant !\",\"breadcrumb\":{\"@id\":\"https:\/\/atthrea.com\/panier\/?lang=fr#breadcrumb\"},\"inLanguage\":\"fr-FR\",\"potentialAction\":[{\"@type\":\"ReadAction\",\"target\":[\"https:\/\/atthrea.com\/panier\/?lang=fr\"]}]},{\"@type\":\"ImageObject\",\"inLanguage\":\"fr-FR\",\"@id\":\"https:\/\/atthrea.com\/panier\/?lang=fr#primaryimage\",\"url\":\"https:\/\/atthrea.com\/app\/uploads\/2023\/09\/atthrea_collection_-9.jpg\",\"contentUrl\":\"https:\/\/atthrea.com\/app\/uploads\/2023\/09\/atthrea_collection_-9.jpg\",\"width\":1024,\"height\":819,\"caption\":\"Femme en haut en soie et dentelle noir. Fabriqu\u00e9 en satin de soie 100%. Se concentrant sur le d\u00e9licat col en V en dentelle de soie, avec des boutons recouverts de soie \u00e0 l'avant et des bretelles fines et ajustables.\"},{\"@type\":\"BreadcrumbList\",\"@id\":\"https:\/\/atthrea.com\/panier\/?lang=fr#breadcrumb\",\"itemListElement\":[{\"@type\":\"ListItem\",\"position\":1,\"name\":\"Home\",\"item\":\"https:\/\/atthrea.com\/fr\/\"},{\"@type\":\"ListItem\",\"position\":2,\"name\":\"Panier\"}]},{\"@type\":\"WebSite\",\"@id\":\"https:\/\/atthrea.com\/#website\",\"url\":\"https:\/\/atthrea.com\/\",\"name\":\"atthrea\",\"description\":\"ready-to-wear classic elegance\",\"potentialAction\":[{\"@type\":\"SearchAction\",\"target\":{\"@type\":\"EntryPoint\",\"urlTemplate\":\"https:\/\/atthrea.com\/?s={search_term_string}\"},\"query-input\":\"required name=search_term_string\"}],\"inLanguage\":\"fr-FR\"}]}<\/script>\n<!-- \/ Yoast SEO plugin. -->","yoast_head_json":{"title":"atthrea - Votre Panier | Finalisez Votre Commande | atthrea.com","description":"Finalisez votre commande avec des articles tendance dans votre panier atthrea. Faites vos achats maintenant !","robots":{"index":"index","follow":"follow","max-snippet":"max-snippet:-1","max-image-preview":"max-image-preview:large","max-video-preview":"max-video-preview:-1"},"canonical":"https:\/\/atthrea.com\/panier\/?lang=fr","og_locale":"fr_FR","og_type":"article","og_title":"atthrea - Votre Panier | Finalisez Votre Commande | atthrea.com","og_description":"Finalisez votre commande avec des articles tendance dans votre panier atthrea. Faites vos achats maintenant !","og_url":"https:\/\/atthrea.com\/panier\/?lang=fr","og_site_name":"atthrea","article_modified_time":"2024-02-19T14:50:17+00:00","og_image":[{"width":1024,"height":819,"url":"https:\/\/atthrea.com\/app\/uploads\/2023\/09\/atthrea_collection_-9.jpg","type":"image\/jpeg"}],"twitter_card":"summary_large_image","twitter_title":"atthrea - Votre Panier | Finalisez Votre Commande | atthrea.com","twitter_description":"Finalisez votre commande avec des articles tendance dans votre panier atthrea. Faites vos achats maintenant !","twitter_image":"https:\/\/atthrea.com\/app\/uploads\/2023\/09\/atthrea_collection_-9.jpg","twitter_misc":{"Est. reading time":"1 minute"},"schema":{"@context":"https:\/\/schema.org","@graph":[{"@type":"WebPage","@id":"https:\/\/atthrea.com\/panier\/?lang=fr","url":"https:\/\/atthrea.com\/panier\/?lang=fr","name":"atthrea - Votre Panier | Finalisez Votre Commande | atthrea.com","isPartOf":{"@id":"https:\/\/atthrea.com\/#website"},"primaryImageOfPage":{"@id":"https:\/\/atthrea.com\/panier\/?lang=fr#primaryimage"},"image":{"@id":"https:\/\/atthrea.com\/panier\/?lang=fr#primaryimage"},"thumbnailUrl":"https:\/\/atthrea.com\/app\/uploads\/2023\/09\/atthrea_collection_-9.jpg","datePublished":"2023-02-08T10:37:20+00:00","dateModified":"2024-02-19T14:50:17+00:00","description":"Finalisez votre commande avec des articles tendance dans votre panier atthrea. Faites vos achats maintenant !","breadcrumb":{"@id":"https:\/\/atthrea.com\/panier\/?lang=fr#breadcrumb"},"inLanguage":"fr-FR","potentialAction":[{"@type":"ReadAction","target":["https:\/\/atthrea.com\/panier\/?lang=fr"]}]},{"@type":"ImageObject","inLanguage":"fr-FR","@id":"https:\/\/atthrea.com\/panier\/?lang=fr#primaryimage","url":"https:\/\/atthrea.com\/app\/uploads\/2023\/09\/atthrea_collection_-9.jpg","contentUrl":"https:\/\/atthrea.com\/app\/uploads\/2023\/09\/atthrea_collection_-9.jpg","width":1024,"height":819,"caption":"Femme en haut en soie et dentelle noir. Fabriqu\u00e9 en satin de soie 100%. Se concentrant sur le d\u00e9licat col en V en dentelle de soie, avec des boutons recouverts de soie \u00e0 l'avant et des bretelles fines et ajustables."},{"@type":"BreadcrumbList","@id":"https:\/\/atthrea.com\/panier\/?lang=fr#breadcrumb","itemListElement":[{"@type":"ListItem","position":1,"name":"Home","item":"https:\/\/atthrea.com\/fr\/"},{"@type":"ListItem","position":2,"name":"Panier"}]},{"@type":"WebSite","@id":"https:\/\/atthrea.com\/#website","url":"https:\/\/atthrea.com\/","name":"atthrea","description":"ready-to-wear classic elegance","potentialAction":[{"@type":"SearchAction","target":{"@type":"EntryPoint","urlTemplate":"https:\/\/atthrea.com\/?s={search_term_string}"},"query-input":"required name=search_term_string"}],"inLanguage":"fr-FR"}]}},"_links":{"self":[{"href":"https:\/\/atthrea.com\/fr\/wp-json\/wp\/v2\/pages\/1314"}],"collection":[{"href":"https:\/\/atthrea.com\/fr\/wp-json\/wp\/v2\/pages"}],"about":[{"href":"https:\/\/atthrea.com\/fr\/wp-json\/wp\/v2\/types\/page"}],"author":[{"embeddable":true,"href":"https:\/\/atthrea.com\/fr\/wp-json\/wp\/v2\/users\/1"}],"replies":[{"embeddable":true,"href":"https:\/\/atthrea.com\/fr\/wp-json\/wp\/v2\/comments?post=1314"}],"version-history":[{"count":1,"href":"https:\/\/atthrea.com\/fr\/wp-json\/wp\/v2\/pages\/1314\/revisions"}],"predecessor-version":[{"id":1315,"href":"https:\/\/atthrea.com\/fr\/wp-json\/wp\/v2\/pages\/1314\/revisions\/1315"}],"wp:featuredmedia":[{"embeddable":true,"href":"https:\/\/atthrea.com\/fr\/wp-json\/wp\/v2\/media\/2099"}],"wp:attachment":[{"href":"https:\/\/atthrea.com\/fr\/wp-json\/wp\/v2\/media?parent=1314"}],"curies":[{"name":"wp","href":"https:\/\/api.w.org\/{rel}","templated":true}]}}