{"id":1304,"date":"2023-01-19T09:27:05","date_gmt":"2023-01-19T08:27:05","guid":{"rendered":"https:\/\/atthrea.com\/sample-page\/"},"modified":"2024-12-28T20:54:14","modified_gmt":"2024-12-28T19:54:14","slug":"sample-page","status":"publish","type":"page","link":"https:\/\/atthrea.com\/fr\/","title":{"rendered":"Page d&#8217;accueil"},"content":{"rendered":"","protected":false},"excerpt":{"rendered":"","protected":false},"author":1,"featured_media":2099,"parent":0,"menu_order":0,"comment_status":"closed","ping_status":"closed","template":"template-homepage.blade.php","meta":{"footnotes":""},"acf":[],"yoast_head":"<!-- This site is optimized with the Yoast SEO plugin v22.9 - https:\/\/yoast.com\/wordpress\/plugins\/seo\/ -->\n<title>Inspiration Mode &amp; Tendances de Style | atthrea.com<\/title>\n<meta name=\"description\" content=\"Atthrea est un magasin de mode pour femmes proposant les derni\u00e8res tendances et les classiques intemporels.\" \/>\n<meta name=\"robots\" content=\"index, follow, max-snippet:-1, max-image-preview:large, max-video-preview:-1\" \/>\n<link rel=\"canonical\" href=\"https:\/\/atthrea.com\/fr\/\" \/>\n<meta property=\"og:locale\" content=\"fr_FR\" \/>\n<meta property=\"og:type\" content=\"article\" \/>\n<meta property=\"og:title\" content=\"Inspiration Mode &amp; Tendances de Style | atthrea.com\" \/>\n<meta property=\"og:description\" content=\"Atthrea est un magasin de mode pour femmes proposant les derni\u00e8res tendances et les classiques intemporels.\" \/>\n<meta property=\"og:url\" content=\"https:\/\/atthrea.com\/fr\/\" \/>\n<meta property=\"og:site_name\" content=\"atthrea\" \/>\n<meta property=\"article:modified_time\" content=\"2024-12-28T19:54:14+00:00\" \/>\n<meta property=\"og:image\" content=\"https:\/\/atthrea.com\/app\/uploads\/2023\/09\/atthrea_collection_-9.jpg\" \/>\n\t<meta property=\"og:image:width\" content=\"1024\" \/>\n\t<meta property=\"og:image:height\" content=\"819\" \/>\n\t<meta property=\"og:image:type\" content=\"image\/jpeg\" \/>\n<meta name=\"twitter:card\" content=\"summary_large_image\" \/>\n<meta name=\"twitter:title\" content=\"Inspiration Mode &amp; Tendances de Style | atthrea.com\" \/>\n<meta name=\"twitter:description\" content=\"Atthrea est un magasin de mode pour femmes proposant les derni\u00e8res tendances et les classiques intemporels.\" \/>\n<meta name=\"twitter:image\" content=\"https:\/\/atthrea.com\/app\/uploads\/2023\/09\/atthrea_collection_-9.jpg\" \/>\n<meta name=\"twitter:label1\" content=\"Est. reading time\" \/>\n\t<meta name=\"twitter:data1\" content=\"1 minute\" \/>\n<script type=\"application\/ld+json\" class=\"yoast-schema-graph\">{\"@context\":\"https:\/\/schema.org\",\"@graph\":[{\"@type\":\"WebPage\",\"@id\":\"https:\/\/atthrea.com\/fr\/\",\"url\":\"https:\/\/atthrea.com\/fr\/\",\"name\":\"Inspiration Mode & Tendances de Style | atthrea.com\",\"isPartOf\":{\"@id\":\"https:\/\/atthrea.com\/#website\"},\"primaryImageOfPage\":{\"@id\":\"https:\/\/atthrea.com\/fr\/#primaryimage\"},\"image\":{\"@id\":\"https:\/\/atthrea.com\/fr\/#primaryimage\"},\"thumbnailUrl\":\"https:\/\/atthrea.com\/app\/uploads\/2023\/09\/atthrea_collection_-9.jpg\",\"datePublished\":\"2023-01-19T08:27:05+00:00\",\"dateModified\":\"2024-12-28T19:54:14+00:00\",\"description\":\"Atthrea est un magasin de mode pour femmes proposant les derni\u00e8res tendances et les classiques intemporels.\",\"breadcrumb\":{\"@id\":\"https:\/\/atthrea.com\/fr\/#breadcrumb\"},\"inLanguage\":\"fr-FR\",\"potentialAction\":[{\"@type\":\"ReadAction\",\"target\":[\"https:\/\/atthrea.com\/fr\/\"]}]},{\"@type\":\"ImageObject\",\"inLanguage\":\"fr-FR\",\"@id\":\"https:\/\/atthrea.com\/fr\/#primaryimage\",\"url\":\"https:\/\/atthrea.com\/app\/uploads\/2023\/09\/atthrea_collection_-9.jpg\",\"contentUrl\":\"https:\/\/atthrea.com\/app\/uploads\/2023\/09\/atthrea_collection_-9.jpg\",\"width\":1024,\"height\":819,\"caption\":\"Femme en haut en soie et dentelle noir. Fabriqu\u00e9 en satin de soie 100%. Se concentrant sur le d\u00e9licat col en V en dentelle de soie, avec des boutons recouverts de soie \u00e0 l'avant et des bretelles fines et ajustables.\"},{\"@type\":\"BreadcrumbList\",\"@id\":\"https:\/\/atthrea.com\/fr\/#breadcrumb\",\"itemListElement\":[{\"@type\":\"ListItem\",\"position\":1,\"name\":\"Home\",\"item\":\"https:\/\/atthrea.com\/fr\/\"},{\"@type\":\"ListItem\",\"position\":2,\"name\":\"Page d&#8217;accueil\"}]},{\"@type\":\"WebSite\",\"@id\":\"https:\/\/atthrea.com\/#website\",\"url\":\"https:\/\/atthrea.com\/\",\"name\":\"atthrea\",\"description\":\"ready-to-wear classic elegance\",\"potentialAction\":[{\"@type\":\"SearchAction\",\"target\":{\"@type\":\"EntryPoint\",\"urlTemplate\":\"https:\/\/atthrea.com\/?s={search_term_string}\"},\"query-input\":\"required name=search_term_string\"}],\"inLanguage\":\"fr-FR\"}]}<\/script>\n<!-- \/ Yoast SEO plugin. -->","yoast_head_json":{"title":"Inspiration Mode & Tendances de Style | atthrea.com","description":"Atthrea est un magasin de mode pour femmes proposant les derni\u00e8res tendances et les classiques intemporels.","robots":{"index":"index","follow":"follow","max-snippet":"max-snippet:-1","max-image-preview":"max-image-preview:large","max-video-preview":"max-video-preview:-1"},"canonical":"https:\/\/atthrea.com\/fr\/","og_locale":"fr_FR","og_type":"article","og_title":"Inspiration Mode & Tendances de Style | atthrea.com","og_description":"Atthrea est un magasin de mode pour femmes proposant les derni\u00e8res tendances et les classiques intemporels.","og_url":"https:\/\/atthrea.com\/fr\/","og_site_name":"atthrea","article_modified_time":"2024-12-28T19:54:14+00:00","og_image":[{"width":1024,"height":819,"url":"https:\/\/atthrea.com\/app\/uploads\/2023\/09\/atthrea_collection_-9.jpg","type":"image\/jpeg"}],"twitter_card":"summary_large_image","twitter_title":"Inspiration Mode & Tendances de Style | atthrea.com","twitter_description":"Atthrea est un magasin de mode pour femmes proposant les derni\u00e8res tendances et les classiques intemporels.","twitter_image":"https:\/\/atthrea.com\/app\/uploads\/2023\/09\/atthrea_collection_-9.jpg","twitter_misc":{"Est. reading time":"1 minute"},"schema":{"@context":"https:\/\/schema.org","@graph":[{"@type":"WebPage","@id":"https:\/\/atthrea.com\/fr\/","url":"https:\/\/atthrea.com\/fr\/","name":"Inspiration Mode & Tendances de Style | atthrea.com","isPartOf":{"@id":"https:\/\/atthrea.com\/#website"},"primaryImageOfPage":{"@id":"https:\/\/atthrea.com\/fr\/#primaryimage"},"image":{"@id":"https:\/\/atthrea.com\/fr\/#primaryimage"},"thumbnailUrl":"https:\/\/atthrea.com\/app\/uploads\/2023\/09\/atthrea_collection_-9.jpg","datePublished":"2023-01-19T08:27:05+00:00","dateModified":"2024-12-28T19:54:14+00:00","description":"Atthrea est un magasin de mode pour femmes proposant les derni\u00e8res tendances et les classiques intemporels.","breadcrumb":{"@id":"https:\/\/atthrea.com\/fr\/#breadcrumb"},"inLanguage":"fr-FR","potentialAction":[{"@type":"ReadAction","target":["https:\/\/atthrea.com\/fr\/"]}]},{"@type":"ImageObject","inLanguage":"fr-FR","@id":"https:\/\/atthrea.com\/fr\/#primaryimage","url":"https:\/\/atthrea.com\/app\/uploads\/2023\/09\/atthrea_collection_-9.jpg","contentUrl":"https:\/\/atthrea.com\/app\/uploads\/2023\/09\/atthrea_collection_-9.jpg","width":1024,"height":819,"caption":"Femme en haut en soie et dentelle noir. Fabriqu\u00e9 en satin de soie 100%. Se concentrant sur le d\u00e9licat col en V en dentelle de soie, avec des boutons recouverts de soie \u00e0 l'avant et des bretelles fines et ajustables."},{"@type":"BreadcrumbList","@id":"https:\/\/atthrea.com\/fr\/#breadcrumb","itemListElement":[{"@type":"ListItem","position":1,"name":"Home","item":"https:\/\/atthrea.com\/fr\/"},{"@type":"ListItem","position":2,"name":"Page d&#8217;accueil"}]},{"@type":"WebSite","@id":"https:\/\/atthrea.com\/#website","url":"https:\/\/atthrea.com\/","name":"atthrea","description":"ready-to-wear classic elegance","potentialAction":[{"@type":"SearchAction","target":{"@type":"EntryPoint","urlTemplate":"https:\/\/atthrea.com\/?s={search_term_string}"},"query-input":"required name=search_term_string"}],"inLanguage":"fr-FR"}]}},"_links":{"self":[{"href":"https:\/\/atthrea.com\/fr\/wp-json\/wp\/v2\/pages\/1304"}],"collection":[{"href":"https:\/\/atthrea.com\/fr\/wp-json\/wp\/v2\/pages"}],"about":[{"href":"https:\/\/atthrea.com\/fr\/wp-json\/wp\/v2\/types\/page"}],"author":[{"embeddable":true,"href":"https:\/\/atthrea.com\/fr\/wp-json\/wp\/v2\/users\/1"}],"replies":[{"embeddable":true,"href":"https:\/\/atthrea.com\/fr\/wp-json\/wp\/v2\/comments?post=1304"}],"version-history":[{"count":12,"href":"https:\/\/atthrea.com\/fr\/wp-json\/wp\/v2\/pages\/1304\/revisions"}],"predecessor-version":[{"id":4580,"href":"https:\/\/atthrea.com\/fr\/wp-json\/wp\/v2\/pages\/1304\/revisions\/4580"}],"wp:featuredmedia":[{"embeddable":true,"href":"https:\/\/atthrea.com\/fr\/wp-json\/wp\/v2\/media\/2099"}],"wp:attachment":[{"href":"https:\/\/atthrea.com\/fr\/wp-json\/wp\/v2\/media?parent=1304"}],"curies":[{"name":"wp","href":"https:\/\/api.w.org\/{rel}","templated":true}]}}