{"id":3497,"date":"2024-05-29T09:41:09","date_gmt":"2024-05-29T09:41:09","guid":{"rendered":"https:\/\/atthrea.com\/?page_id=3497"},"modified":"2024-05-29T12:45:00","modified_gmt":"2024-05-29T12:45:00","slug":"impressum","status":"publish","type":"page","link":"https:\/\/atthrea.com\/de\/impressum\/","title":{"rendered":"Impressum"},"content":{"rendered":"\n<h2 class=\"wp-block-heading\"><strong>Impressum<\/strong><\/h2>\n\n\n\n<p><strong>Unternehmensinformationen:<\/strong><\/p>\n\n\n\n<ul>\n<li><strong>Firmenname:<\/strong> atthrea GmbH<\/li>\n\n\n\n<li><strong>Adresse:<\/strong> Kurf\u00fcrstenstr. 114, 10787 Berlin, Deutschland<\/li>\n\n\n\n<li><strong>Handelsregisternummer:<\/strong> HRB 248478<\/li>\n\n\n\n<li><strong>Umsatzsteuer-ID:<\/strong> DE359262571<\/li>\n\n\n\n<li><strong>Stammkapital:<\/strong> 25.000 EUR, vollst\u00e4ndig eingezahlt<\/li>\n<\/ul>\n\n\n\n<p><strong>Kontaktinformationen:<\/strong><\/p>\n\n\n\n<ul>\n<li><strong>E-Mail:<\/strong> <a>wecare@atthrea.com<\/a><\/li>\n\n\n\n<li><strong>Telefon:<\/strong> +49 15738185327<\/li>\n<\/ul>\n\n\n\n<p><strong>Gesch\u00e4ftsf\u00fchrer:<\/strong><\/p>\n\n\n\n<ul>\n<li>Michal Switala<\/li>\n<\/ul>\n\n\n\n<p><strong>Online-Streitbeilegung:<\/strong><\/p>\n\n\n\n<ul>\n<li>Die Europ\u00e4ische Kommission stellt eine Plattform zur Online-Streitbeilegung (OS) bereit, die unter <a href=\"https:\/\/ec.europa.eu\/consumers\/odr\">https:\/\/ec.europa.eu\/consumers\/odr<\/a> erreichbar ist.<\/li>\n<\/ul>\n\n\n\n<p><strong>Haftungsausschluss:<\/strong><\/p>\n\n\n\n<ul>\n<li><strong>Inhaltsverantwortung:<\/strong> Die Inhalte unserer Seiten wurden mit gr\u00f6\u00dfter Sorgfalt erstellt. F\u00fcr die Richtigkeit, Vollst\u00e4ndigkeit und Aktualit\u00e4t der Inhalte k\u00f6nnen wir jedoch keine Gew\u00e4hr \u00fcbernehmen. Als Dienstanbieter sind wir f\u00fcr eigene Inhalte auf diesen Seiten nach den allgemeinen Gesetzen verantwortlich.<\/li>\n\n\n\n<li><strong>Externe Links:<\/strong> Unser Angebot enth\u00e4lt Links zu externen Webseiten Dritter, auf deren Inhalte wir keinen Einfluss haben. Deshalb k\u00f6nnen wir f\u00fcr diese fremden Inhalte auch keine Gew\u00e4hr \u00fcbernehmen. F\u00fcr die Inhalte der verlinkten Seiten ist stets der jeweilige Anbieter oder Betreiber der Seiten verantwortlich.<\/li>\n<\/ul>\n\n\n\n<p><strong>Rechtliche Hinweise:<\/strong><\/p>\n\n\n\n<ul>\n<li>atthrea GmbH beh\u00e4lt sich das Recht vor, jederzeit \u00c4nderungen oder Erg\u00e4nzungen der bereitgestellten Informationen vorzunehmen.<\/li>\n<\/ul>\n\n\n\n<p>Weitere Einzelheiten finden Sie in unserer <a href=\"https:\/\/atthrea.com\/privacy-policy\/\">Datenschutzerkl\u00e4rung<\/a> und <a href=\"https:\/\/atthrea.com\/statute\/\">Satzung<\/a>.<\/p>\n","protected":false},"excerpt":{"rendered":"<p>Impressum Unternehmensinformationen: Kontaktinformationen: Gesch\u00e4ftsf\u00fchrer: Online-Streitbeilegung: Haftungsausschluss: Rechtliche Hinweise: Weitere Einzelheiten finden Sie in unserer Datenschutzerkl\u00e4rung und Satzung.<\/p>\n","protected":false},"author":7,"featured_media":0,"parent":0,"menu_order":0,"comment_status":"closed","ping_status":"closed","template":"template-regulations.blade.php","meta":{"footnotes":""},"acf":[],"yoast_head":"<!-- This site is optimized with the Yoast SEO plugin v22.9 - https:\/\/yoast.com\/wordpress\/plugins\/seo\/ -->\n<title>Impressum - atthrea<\/title>\n<meta name=\"robots\" content=\"index, follow, max-snippet:-1, max-image-preview:large, max-video-preview:-1\" \/>\n<link rel=\"canonical\" href=\"https:\/\/atthrea.com\/de\/impressum\/\" \/>\n<meta property=\"og:locale\" content=\"de_DE\" \/>\n<meta property=\"og:type\" content=\"article\" \/>\n<meta property=\"og:title\" content=\"Impressum - atthrea\" \/>\n<meta property=\"og:description\" content=\"Impressum Unternehmensinformationen: Kontaktinformationen: Gesch\u00e4ftsf\u00fchrer: Online-Streitbeilegung: Haftungsausschluss: Rechtliche Hinweise: Weitere Einzelheiten finden Sie in unserer Datenschutzerkl\u00e4rung und Satzung.\" \/>\n<meta property=\"og:url\" content=\"https:\/\/atthrea.com\/de\/impressum\/\" \/>\n<meta property=\"og:site_name\" content=\"atthrea\" \/>\n<meta property=\"article:modified_time\" content=\"2024-05-29T12:45:00+00:00\" \/>\n<meta name=\"twitter:card\" content=\"summary_large_image\" \/>\n<meta name=\"twitter:label1\" content=\"Est. reading time\" \/>\n\t<meta name=\"twitter:data1\" content=\"1 minute\" \/>\n<script type=\"application\/ld+json\" class=\"yoast-schema-graph\">{\"@context\":\"https:\/\/schema.org\",\"@graph\":[{\"@type\":\"WebPage\",\"@id\":\"https:\/\/atthrea.com\/de\/impressum\/\",\"url\":\"https:\/\/atthrea.com\/de\/impressum\/\",\"name\":\"Impressum - atthrea\",\"isPartOf\":{\"@id\":\"https:\/\/atthrea.com\/#website\"},\"datePublished\":\"2024-05-29T09:41:09+00:00\",\"dateModified\":\"2024-05-29T12:45:00+00:00\",\"breadcrumb\":{\"@id\":\"https:\/\/atthrea.com\/de\/impressum\/#breadcrumb\"},\"inLanguage\":\"de-DE\",\"potentialAction\":[{\"@type\":\"ReadAction\",\"target\":[\"https:\/\/atthrea.com\/de\/impressum\/\"]}]},{\"@type\":\"BreadcrumbList\",\"@id\":\"https:\/\/atthrea.com\/de\/impressum\/#breadcrumb\",\"itemListElement\":[{\"@type\":\"ListItem\",\"position\":1,\"name\":\"Home\",\"item\":\"https:\/\/atthrea.com\/de\/\"},{\"@type\":\"ListItem\",\"position\":2,\"name\":\"Impressum\"}]},{\"@type\":\"WebSite\",\"@id\":\"https:\/\/atthrea.com\/#website\",\"url\":\"https:\/\/atthrea.com\/\",\"name\":\"atthrea\",\"description\":\"ready-to-wear classic elegance\",\"potentialAction\":[{\"@type\":\"SearchAction\",\"target\":{\"@type\":\"EntryPoint\",\"urlTemplate\":\"https:\/\/atthrea.com\/?s={search_term_string}\"},\"query-input\":\"required name=search_term_string\"}],\"inLanguage\":\"de-DE\"}]}<\/script>\n<!-- \/ Yoast SEO plugin. -->","yoast_head_json":{"title":"Impressum - atthrea","robots":{"index":"index","follow":"follow","max-snippet":"max-snippet:-1","max-image-preview":"max-image-preview:large","max-video-preview":"max-video-preview:-1"},"canonical":"https:\/\/atthrea.com\/de\/impressum\/","og_locale":"de_DE","og_type":"article","og_title":"Impressum - atthrea","og_description":"Impressum Unternehmensinformationen: Kontaktinformationen: Gesch\u00e4ftsf\u00fchrer: Online-Streitbeilegung: Haftungsausschluss: Rechtliche Hinweise: Weitere Einzelheiten finden Sie in unserer Datenschutzerkl\u00e4rung und Satzung.","og_url":"https:\/\/atthrea.com\/de\/impressum\/","og_site_name":"atthrea","article_modified_time":"2024-05-29T12:45:00+00:00","twitter_card":"summary_large_image","twitter_misc":{"Est. reading time":"1 minute"},"schema":{"@context":"https:\/\/schema.org","@graph":[{"@type":"WebPage","@id":"https:\/\/atthrea.com\/de\/impressum\/","url":"https:\/\/atthrea.com\/de\/impressum\/","name":"Impressum - atthrea","isPartOf":{"@id":"https:\/\/atthrea.com\/#website"},"datePublished":"2024-05-29T09:41:09+00:00","dateModified":"2024-05-29T12:45:00+00:00","breadcrumb":{"@id":"https:\/\/atthrea.com\/de\/impressum\/#breadcrumb"},"inLanguage":"de-DE","potentialAction":[{"@type":"ReadAction","target":["https:\/\/atthrea.com\/de\/impressum\/"]}]},{"@type":"BreadcrumbList","@id":"https:\/\/atthrea.com\/de\/impressum\/#breadcrumb","itemListElement":[{"@type":"ListItem","position":1,"name":"Home","item":"https:\/\/atthrea.com\/de\/"},{"@type":"ListItem","position":2,"name":"Impressum"}]},{"@type":"WebSite","@id":"https:\/\/atthrea.com\/#website","url":"https:\/\/atthrea.com\/","name":"atthrea","description":"ready-to-wear classic elegance","potentialAction":[{"@type":"SearchAction","target":{"@type":"EntryPoint","urlTemplate":"https:\/\/atthrea.com\/?s={search_term_string}"},"query-input":"required name=search_term_string"}],"inLanguage":"de-DE"}]}},"_links":{"self":[{"href":"https:\/\/atthrea.com\/de\/wp-json\/wp\/v2\/pages\/3497"}],"collection":[{"href":"https:\/\/atthrea.com\/de\/wp-json\/wp\/v2\/pages"}],"about":[{"href":"https:\/\/atthrea.com\/de\/wp-json\/wp\/v2\/types\/page"}],"author":[{"embeddable":true,"href":"https:\/\/atthrea.com\/de\/wp-json\/wp\/v2\/users\/7"}],"replies":[{"embeddable":true,"href":"https:\/\/atthrea.com\/de\/wp-json\/wp\/v2\/comments?post=3497"}],"version-history":[{"count":2,"href":"https:\/\/atthrea.com\/de\/wp-json\/wp\/v2\/pages\/3497\/revisions"}],"predecessor-version":[{"id":3508,"href":"https:\/\/atthrea.com\/de\/wp-json\/wp\/v2\/pages\/3497\/revisions\/3508"}],"wp:attachment":[{"href":"https:\/\/atthrea.com\/de\/wp-json\/wp\/v2\/media?parent=3497"}],"curies":[{"name":"wp","href":"https:\/\/api.w.org\/{rel}","templated":true}]}}