{"id":3294,"date":"2024-04-02T08:46:33","date_gmt":"2024-04-02T08:46:33","guid":{"rendered":"https:\/\/atthrea.com\/impact\/"},"modified":"2024-06-17T07:34:54","modified_gmt":"2024-06-17T07:34:54","slug":"impact","status":"publish","type":"page","link":"https:\/\/atthrea.com\/de\/impact\/","title":{"rendered":"Wirkung"},"content":{"rendered":"\n<div class=\"wp-block-cover\"><span aria-hidden=\"true\" class=\"wp-block-cover__background has-background-dim\"><\/span><img loading=\"lazy\" decoding=\"async\" width=\"1920\" height=\"1080\" class=\"wp-block-cover__image-background wp-image-2998\" alt=\"atthrea - impact\" src=\"https:\/\/atthrea.com\/app\/uploads\/2024\/04\/atthrea_impact_cover.jpg\" style=\"object-position:42% 0%\" data-object-fit=\"cover\" data-object-position=\"42% 0%\" srcset=\"https:\/\/atthrea.com\/app\/uploads\/2024\/04\/atthrea_impact_cover.jpg 1920w, https:\/\/atthrea.com\/app\/uploads\/2024\/04\/atthrea_impact_cover-300x169.jpg 300w, https:\/\/atthrea.com\/app\/uploads\/2024\/04\/atthrea_impact_cover-1024x576.jpg 1024w, https:\/\/atthrea.com\/app\/uploads\/2024\/04\/atthrea_impact_cover-768x432.jpg 768w, https:\/\/atthrea.com\/app\/uploads\/2024\/04\/atthrea_impact_cover-1536x864.jpg 1536w, https:\/\/atthrea.com\/app\/uploads\/2024\/04\/atthrea_impact_cover-600x338.jpg 600w\" sizes=\"(max-width: 1920px) 100vw, 1920px\" \/><div class=\"wp-block-cover__inner-container is-layout-flow wp-block-cover-is-layout-flow\">\n<p class=\"has-text-align-center has-large-font-size\">atthrea: Tragen Sie die Ver\u00e4nderung, die Sie sehen m\u00f6chten<\/p>\n<\/div><\/div>\n\n\n\n<div style=\"height:100px\" aria-hidden=\"true\" class=\"wp-block-spacer\"><\/div>\n\n\n\n<div class=\"wp-block-columns is-layout-flex wp-container-core-columns-is-layout-1 wp-block-columns-is-layout-flex\">\n<div class=\"wp-block-column d-flex flex-column justify-content-center is-layout-flow wp-block-column-is-layout-flow\">\n<div class=\"wp-block-group is-layout-constrained wp-block-group-is-layout-constrained\">\n<p class=\"has-text-align-center has-lg-font-size\" style=\"padding-top:var(--wp--preset--spacing--40);padding-right:var(--wp--preset--spacing--40);padding-bottom:var(--wp--preset--spacing--40);padding-left:var(--wp--preset--spacing--40)\"><strong>UNSERE WIRKUNG<\/strong><\/p>\n\n\n\n<p>Bei atthrea sind wir zu mehr als nur Stil verpflichtet. Wir widmen uns der Schaffung eines vollst\u00e4ndig nachhaltigen und umweltverantwortlichen Rahmens. Mit einem Fokus auf die Annahme umweltfreundlicher Praktiken, der Minimierung von Abfall und der F\u00f6rderung ethischer Standards in unserer gesamten Lieferkette gestalten wir den Ansatz der Modeindustrie zur Nachhaltigkeit neu.&nbsp;<\/p>\n\n\n\n<p>Von der Beschaffung ausschlie\u00dflich nat\u00fcrlicher Materialien, der Gew\u00e4hrleistung bester Arbeitsbedingungen bis hin zur Implementierung innovativer Produktionstechniken, jede Entscheidung, die wir treffen, wird von unserem Engagement f\u00fcr die Bewahrung des Planeten f\u00fcr zuk\u00fcnftige Generationen angetrieben. Indem wir Nachhaltigkeit priorisieren, ohne dabei den Stil zu kompromittieren, wollen wir zum bewussten Konsum anregen und sowohl auf die Mode als auch auf die Umwelt positiv einwirken.&nbsp;<\/p>\n<\/div>\n<\/div>\n\n\n\n<div class=\"wp-block-column is-layout-flow wp-block-column-is-layout-flow\">\n<figure class=\"wp-block-image size-full\"><a href=\"https:\/\/atthrea.com\/product\/silk-midi-dress-black\/?lang=de\" target=\"_blank\" rel=\"noreferrer noopener\"><img loading=\"lazy\" decoding=\"async\" width=\"819\" height=\"1024\" src=\"https:\/\/atthrea.com\/app\/uploads\/2023\/09\/atthrea_collection_-13.jpg\" alt=\"Model in a chic black silk maxi dress with a subtle sheen.\" class=\"wp-image-2114\" srcset=\"https:\/\/atthrea.com\/app\/uploads\/2023\/09\/atthrea_collection_-13.jpg 819w, https:\/\/atthrea.com\/app\/uploads\/2023\/09\/atthrea_collection_-13-240x300.jpg 240w, https:\/\/atthrea.com\/app\/uploads\/2023\/09\/atthrea_collection_-13-768x960.jpg 768w, https:\/\/atthrea.com\/app\/uploads\/2023\/09\/atthrea_collection_-13-600x750.jpg 600w\" sizes=\"(max-width: 819px) 100vw, 819px\" \/><\/a><\/figure>\n<\/div>\n<\/div>\n\n\n\n<div class=\"wp-block-columns is-layout-flex wp-container-core-columns-is-layout-2 wp-block-columns-is-layout-flex\">\n<div class=\"wp-block-column is-layout-flow wp-block-column-is-layout-flow\">\n<figure class=\"wp-block-image size-full\"><a href=\"https:\/\/atthrea.com\/product\/lace-silk-top-black\/?lang=de\" target=\"_blank\" rel=\"noreferrer noopener\"><img loading=\"lazy\" decoding=\"async\" width=\"819\" height=\"1024\" src=\"https:\/\/atthrea.com\/app\/uploads\/2023\/09\/atthrea_collection_-20.jpg\" alt=\"Lace silk top in black details such as delicate silk lace v neckline\" class=\"wp-image-2142\" srcset=\"https:\/\/atthrea.com\/app\/uploads\/2023\/09\/atthrea_collection_-20.jpg 819w, https:\/\/atthrea.com\/app\/uploads\/2023\/09\/atthrea_collection_-20-240x300.jpg 240w, https:\/\/atthrea.com\/app\/uploads\/2023\/09\/atthrea_collection_-20-768x960.jpg 768w, https:\/\/atthrea.com\/app\/uploads\/2023\/09\/atthrea_collection_-20-600x750.jpg 600w\" sizes=\"(max-width: 819px) 100vw, 819px\" \/><\/a><\/figure>\n<\/div>\n\n\n\n<div class=\"wp-block-column d-flex flex-column justify-content-center is-layout-flow wp-block-column-is-layout-flow\">\n<p class=\"has-text-align-center has-lg-font-size\" style=\"padding-top:var(--wp--preset--spacing--40);padding-right:var(--wp--preset--spacing--40);padding-bottom:var(--wp--preset--spacing--40);padding-left:var(--wp--preset--spacing--40)\"><strong>UNSERE MISSION<\/strong><\/p>\n\n\n\n<p style=\"padding-top:var(--wp--preset--spacing--40);padding-right:var(--wp--preset--spacing--40);padding-bottom:var(--wp--preset--spacing--40);padding-left:var(--wp--preset--spacing--40)\">atthrea ist inspiriert von Frauen und Perlen. Wir glauben wahrhaftig, dass die besten Dinge immer das Warten wert sind. Wie eine Perle Jahre zur Bildung ben\u00f6tigt, reifen auch wir als Menschen und werden zu den besten Versionen von uns selbst.&nbsp;<\/p>\n\n\n\n<p style=\"padding-top:var(--wp--preset--spacing--40);padding-right:var(--wp--preset--spacing--40);padding-bottom:var(--wp--preset--spacing--40);padding-left:var(--wp--preset--spacing--40)\">Aufgrund unserer Inspiration &#8211; der Perle, sind wir dem Kampf gegen die Plastikverschmutzung in den Ozeanen verpflichtet. Deshalb sind wir stolz darauf, mit einer renommierten Organisation zusammenzuarbeiten, die sich dem Entfernen von Plastik aus den Weltmeeren verschrieben hat. Durch diese Partnerschaft unterst\u00fctzen wir aktiv ihre Bem\u00fchungen, innovative Naturschutzma\u00dfnahmen zu finanzieren. Wir freuen uns darauf, Ihnen in K\u00fcrze mehr \u00fcber diese Zusammenarbeit zu erz\u00e4hlen. Gemeinsam schmieden wir eine hellere, sauberere Zukunft f\u00fcr unseren Planeten und seine kostbaren Ozeane.&nbsp;<\/p>\n<\/div>\n<\/div>\n\n\n\n<div class=\"wp-block-columns is-layout-flex wp-container-core-columns-is-layout-3 wp-block-columns-is-layout-flex\"><\/div>\n\n\n\n<div class=\"wp-block-columns is-layout-flex wp-container-core-columns-is-layout-4 wp-block-columns-is-layout-flex\">\n<div class=\"wp-block-column d-flex flex-column justify-content-center is-layout-flow wp-block-column-is-layout-flow\">\n<p class=\"has-text-align-center has-lg-font-size\" style=\"padding-top:var(--wp--preset--spacing--40);padding-right:var(--wp--preset--spacing--40);padding-bottom:var(--wp--preset--spacing--40);padding-left:var(--wp--preset--spacing--40)\"><strong>UNSERE PRODUKTE&nbsp;<\/strong><\/p>\n\n\n\n<p>Unsere Produkte werden sorgf\u00e4ltig in kleinen Chargen gefertigt, eine bewusste Entscheidung, um \u00dcberproduktion zu vermeiden und Abfall zu minimieren. Dieser Ansatz erm\u00f6glicht es uns, die h\u00f6chsten Standards an Qualit\u00e4t und Liebe zum Detail in jedem atthrea-Kleidungsst\u00fcck zu wahren. Unsere zeitlosen Designs \u00fcberdauern fl\u00fcchtige Trends und sorgen daf\u00fcr, dass jedes St\u00fcck \u00fcber Jahre hinweg relevant und stilvoll bleibt. Zusammen mit unserem Engagement, nur die feinsten, nachhaltigen Stoffe wie Seide, Leinen, Kaschmir oder Merinowolle zu verwenden, sind atthrea-Kleidungsst\u00fccke nicht nur Kleidung &#8211; sie sind langfristige Investitionen, die f\u00fcr Jahre angelegt sind. Indem wir Langlebigkeit und Best\u00e4ndigkeit priorisieren, erm\u00f6glichen wir es unseren Kunden, bewussten Konsum zu umarmen und die Umweltauswirkungen von Fast Fashion zu reduzieren.&nbsp;<\/p>\n<\/div>\n\n\n\n<div class=\"wp-block-column is-layout-flow wp-block-column-is-layout-flow\">\n<figure class=\"wp-block-image size-full\"><a href=\"https:\/\/atthrea.com\/product\/robe-maxi-tricotee-beige-dore-confort-luxueux-atthrea\/?lang=de\" target=\"_blank\" rel=\"noreferrer noopener\"><img loading=\"lazy\" decoding=\"async\" width=\"819\" height=\"1024\" src=\"https:\/\/atthrea.com\/app\/uploads\/2023\/09\/atthrea_collection_-1.jpg\" alt=\"Elegant atthrea golden beige knitwear maxi dress modeled with finesse.\" class=\"wp-image-2066\" srcset=\"https:\/\/atthrea.com\/app\/uploads\/2023\/09\/atthrea_collection_-1.jpg 819w, https:\/\/atthrea.com\/app\/uploads\/2023\/09\/atthrea_collection_-1-240x300.jpg 240w, https:\/\/atthrea.com\/app\/uploads\/2023\/09\/atthrea_collection_-1-768x960.jpg 768w, https:\/\/atthrea.com\/app\/uploads\/2023\/09\/atthrea_collection_-1-600x750.jpg 600w\" sizes=\"(max-width: 819px) 100vw, 819px\" \/><\/a><\/figure>\n<\/div>\n<\/div>\n\n\n\n<div class=\"wp-block-columns is-layout-flex wp-container-core-columns-is-layout-5 wp-block-columns-is-layout-flex\">\n<div class=\"wp-block-column is-layout-flow wp-block-column-is-layout-flow\">\n<figure class=\"wp-block-gallery has-nested-images columns-default is-cropped wp-block-gallery-1 is-layout-flex wp-block-gallery-is-layout-flex\">\n<figure class=\"wp-block-image size-large\"><img loading=\"lazy\" decoding=\"async\" width=\"819\" height=\"1024\" src=\"https:\/\/atthrea.com\/app\/uploads\/2024\/03\/230401_Atthrea0235-819x1024.jpg\" alt=\"\" class=\"wp-image-2979\" srcset=\"https:\/\/atthrea.com\/app\/uploads\/2024\/03\/230401_Atthrea0235-819x1024.jpg 819w, https:\/\/atthrea.com\/app\/uploads\/2024\/03\/230401_Atthrea0235-240x300.jpg 240w, https:\/\/atthrea.com\/app\/uploads\/2024\/03\/230401_Atthrea0235-768x960.jpg 768w, https:\/\/atthrea.com\/app\/uploads\/2024\/03\/230401_Atthrea0235-600x750.jpg 600w, https:\/\/atthrea.com\/app\/uploads\/2024\/03\/230401_Atthrea0235.jpg 1024w\" sizes=\"(max-width: 819px) 100vw, 819px\" \/><\/figure>\n<\/figure>\n<\/div>\n\n\n\n<div class=\"wp-block-column is-vertically-aligned-center is-layout-flow wp-block-column-is-layout-flow\">\n<p class=\"has-text-align-center\" style=\"padding-top:var(--wp--preset--spacing--40);padding-right:var(--wp--preset--spacing--40);padding-bottom:var(--wp--preset--spacing--40);padding-left:var(--wp--preset--spacing--40)\"><strong><strong>UNSERE MATERIALIEN<\/strong><\/strong><\/p>\n\n\n\n<p style=\"padding-top:var(--wp--preset--spacing--40);padding-right:var(--wp--preset--spacing--40);padding-bottom:var(--wp--preset--spacing--40);padding-left:var(--wp--preset--spacing--40)\">Bei atthrea beziehen wir unsere nat\u00fcrlichen Fasern verantwortungsbewusst:<\/p>\n\n\n\n<p style=\"padding-top:var(--wp--preset--spacing--40);padding-right:var(--wp--preset--spacing--40);padding-bottom:var(--wp--preset--spacing--40);padding-left:var(--wp--preset--spacing--40)\"><strong>Wolle<\/strong> \u2013 Wir gewinnen Wolle von Waschb\u00e4ren, Kaschmirziegen, Alpakas, Merinoschafen und Vikunjas auf humane und nachhaltige Weise und gew\u00e4hrleisten das Wohl der Tiere.<\/p>\n\n\n\n<p style=\"padding-top:var(--wp--preset--spacing--40);padding-right:var(--wp--preset--spacing--40);padding-bottom:var(--wp--preset--spacing--40);padding-left:var(--wp--preset--spacing--40)\"><strong>Seide<\/strong> \u2013 Unsere Seide wird durch fairen Handel in Zusammenarbeit mit ethischen Fabriken produziert, die Wasserschutz und faire L\u00f6hne priorisieren.<\/p>\n\n\n\n<p style=\"padding-top:var(--wp--preset--spacing--40);padding-right:var(--wp--preset--spacing--40);padding-bottom:var(--wp--preset--spacing--40);padding-left:var(--wp--preset--spacing--40)\"><strong>Leinen<\/strong> \u2013 Unser Leinen stammt aus Flachspflanzen, ist umweltfreundlich und wird in \u00f6kologisch verantwortungsvollen Anlagen verarbeitet.<\/p>\n\n\n\n<p style=\"padding-top:var(--wp--preset--spacing--40);padding-right:var(--wp--preset--spacing--40);padding-bottom:var(--wp--preset--spacing--40);padding-left:var(--wp--preset--spacing--40)\">Wir verbinden Luxus mit Nachhaltigkeit und schaffen sch\u00f6ne, langlebige und ethisch produzierte Kleidungsst\u00fccke.<\/p>\n<\/div>\n<\/div>\n\n\n\n<div class=\"wp-block-columns is-layout-flex wp-container-core-columns-is-layout-6 wp-block-columns-is-layout-flex\">\n<div class=\"wp-block-column d-flex flex-column justify-content-center is-layout-flow wp-block-column-is-layout-flow\">\n<p class=\"has-text-align-center has-lg-font-size\" style=\"padding-top:var(--wp--preset--spacing--40);padding-right:var(--wp--preset--spacing--40);padding-bottom:var(--wp--preset--spacing--40);padding-left:var(--wp--preset--spacing--40)\"><strong>UNSERE VERPACKUNG&nbsp;<\/strong><\/p>\n\n\n\n<p>Das Engagement von atthrea f\u00fcr Nachhaltigkeit geht \u00fcber unsere Produkte hinaus. Wir legen gro\u00dfen Wert darauf, sicherzustellen, dass die von uns verwendete Verpackung umweltbewusst ist, und w\u00e4hlen Materialien, die recycelt, wiederverwendbar oder nachhaltig hergestellt sind. Durch durchdachte Entscheidungen in unserer Verpackung minimieren wir unseren \u00f6kologischen Fu\u00dfabdruck und tragen zur Reduzierung von Abfall bei. Ob es darum geht, recycelte Materialien zu nutzen, Verpackungen zu entwerfen, die wiederverwendet werden k\u00f6nnen, oder Optionen aus nachhaltigen Quellen zu w\u00e4hlen, wir priorisieren umweltfreundliche Praktiken in jedem Schritt unseres Prozesses.&nbsp;<\/p>\n<\/div>\n\n\n\n<div class=\"wp-block-column is-layout-flow wp-block-column-is-layout-flow\">\n<figure class=\"wp-block-image size-full\"><img loading=\"lazy\" decoding=\"async\" width=\"1024\" height=\"819\" src=\"https:\/\/atthrea.com\/app\/uploads\/2023\/09\/atthrea_collection_-9.jpg\" alt=\"Frau im schwarzen Spitzen-Seiden-Top. Hergestellt aus 100% Seidensatin. Der Fokus liegt auf dem zarten Seidenspitzen-V-Ausschnitt, mit seidenbezogenen Kn\u00f6pfen vorne und schlanken, verstellbaren Tr\u00e4gern.\" class=\"wp-image-2100\" srcset=\"https:\/\/atthrea.com\/app\/uploads\/2023\/09\/atthrea_collection_-9.jpg 1024w, https:\/\/atthrea.com\/app\/uploads\/2023\/09\/atthrea_collection_-9-300x240.jpg 300w, https:\/\/atthrea.com\/app\/uploads\/2023\/09\/atthrea_collection_-9-768x614.jpg 768w, https:\/\/atthrea.com\/app\/uploads\/2023\/09\/atthrea_collection_-9-600x480.jpg 600w\" sizes=\"(max-width: 1024px) 100vw, 1024px\" \/><\/figure>\n<\/div>\n<\/div>\n\n\n\n<div class=\"wp-block-columns is-layout-flex wp-container-core-columns-is-layout-7 wp-block-columns-is-layout-flex\">\n<div class=\"wp-block-column is-layout-flow wp-block-column-is-layout-flow\">\n<figure class=\"wp-block-image size-full\"><a href=\"https:\/\/atthrea.com\/product\/silk-crop-top-off-white\/?lang=de\" target=\"_blank\" rel=\"noreferrer noopener\"><img loading=\"lazy\" decoding=\"async\" width=\"819\" height=\"1024\" src=\"https:\/\/atthrea.com\/app\/uploads\/2023\/09\/atthrea_collection_-7.jpg\" alt=\"Model sports an off-white atthrea silk crop top - side photo\" class=\"wp-image-2090\" srcset=\"https:\/\/atthrea.com\/app\/uploads\/2023\/09\/atthrea_collection_-7.jpg 819w, https:\/\/atthrea.com\/app\/uploads\/2023\/09\/atthrea_collection_-7-240x300.jpg 240w, https:\/\/atthrea.com\/app\/uploads\/2023\/09\/atthrea_collection_-7-768x960.jpg 768w, https:\/\/atthrea.com\/app\/uploads\/2023\/09\/atthrea_collection_-7-600x750.jpg 600w\" sizes=\"(max-width: 819px) 100vw, 819px\" \/><\/a><\/figure>\n<\/div>\n\n\n\n<div class=\"wp-block-column d-flex flex-column justify-content-center is-layout-flow wp-block-column-is-layout-flow\">\n<p class=\"has-text-align-center has-lg-font-size\" style=\"padding-top:var(--wp--preset--spacing--40);padding-right:var(--wp--preset--spacing--40);padding-bottom:var(--wp--preset--spacing--40);padding-left:var(--wp--preset--spacing--40)\"><strong>UNSERE MENSCHEN<\/strong><\/p>\n\n\n\n<p>Die Sicherheit und das Wohlergehen der Menschen, die zur Erstellung unserer Produkte beitragen, sind ein grundlegendes Prinzip bei atthrea. Wir garantieren und \u00fcberwachen sichere Arbeitsbedingungen und faire L\u00f6hne f\u00fcr alle Personen in unserer Lieferkette. <\/p>\n\n\n\n<p>Wir setzen strenge Arbeitsnormen durch, bewerten regelm\u00e4\u00dfig Einrichtungen und sorgen f\u00fcr eine faire Entlohnung. Wir glauben daran, ein positives Beispiel in der Modeindustrie zu setzen, indem wir das Wohl unserer Mitarbeiter priorisieren und auf eine gerechtere und nachhaltigere Zukunft hinarbeiten.&nbsp;<\/p>\n<\/div>\n<\/div>\n","protected":false},"excerpt":{"rendered":"<p>UNSERE WIRKUNG Bei atthrea sind wir zu mehr als nur Stil verpflichtet. Wir widmen uns der Schaffung eines vollst\u00e4ndig nachhaltigen und umweltverantwortlichen Rahmens. Mit einem Fokus auf die Annahme umweltfreundlicher Praktiken, der Minimierung von Abfall und der F\u00f6rderung ethischer Standards in unserer gesamten Lieferkette gestalten wir den Ansatz der Modeindustrie zur Nachhaltigkeit neu.&nbsp; Von der &hellip; <a href=\"https:\/\/atthrea.com\/de\/impact\/\">Fortsetzung<\/a><\/p>\n","protected":false},"author":7,"featured_media":0,"parent":0,"menu_order":0,"comment_status":"closed","ping_status":"closed","template":"","meta":{"footnotes":""},"acf":[],"yoast_head":"<!-- This site is optimized with the Yoast SEO plugin v22.9 - https:\/\/yoast.com\/wordpress\/plugins\/seo\/ -->\n<title>Wirkung - atthrea<\/title>\n<meta name=\"robots\" content=\"index, follow, max-snippet:-1, max-image-preview:large, max-video-preview:-1\" \/>\n<link rel=\"canonical\" href=\"https:\/\/atthrea.com\/de\/impact\/\" \/>\n<meta property=\"og:locale\" content=\"de_DE\" \/>\n<meta property=\"og:type\" content=\"article\" \/>\n<meta property=\"og:title\" content=\"Wirkung - atthrea\" \/>\n<meta property=\"og:description\" content=\"UNSERE WIRKUNG Bei atthrea sind wir zu mehr als nur Stil verpflichtet. Wir widmen uns der Schaffung eines vollst\u00e4ndig nachhaltigen und umweltverantwortlichen Rahmens. Mit einem Fokus auf die Annahme umweltfreundlicher Praktiken, der Minimierung von Abfall und der F\u00f6rderung ethischer Standards in unserer gesamten Lieferkette gestalten wir den Ansatz der Modeindustrie zur Nachhaltigkeit neu.&nbsp; Von der &hellip; Fortsetzung\" \/>\n<meta property=\"og:url\" content=\"https:\/\/atthrea.com\/de\/impact\/\" \/>\n<meta property=\"og:site_name\" content=\"atthrea\" \/>\n<meta property=\"article:modified_time\" content=\"2024-06-17T07:34:54+00:00\" \/>\n<meta property=\"og:image\" content=\"https:\/\/atthrea.com\/app\/uploads\/2024\/04\/atthrea_impact_cover.jpg\" \/>\n<meta name=\"twitter:card\" content=\"summary_large_image\" \/>\n<meta name=\"twitter:label1\" content=\"Est. reading time\" \/>\n\t<meta name=\"twitter:data1\" content=\"5 minutes\" \/>\n<script type=\"application\/ld+json\" class=\"yoast-schema-graph\">{\"@context\":\"https:\/\/schema.org\",\"@graph\":[{\"@type\":\"WebPage\",\"@id\":\"https:\/\/atthrea.com\/de\/impact\/\",\"url\":\"https:\/\/atthrea.com\/de\/impact\/\",\"name\":\"Wirkung - atthrea\",\"isPartOf\":{\"@id\":\"https:\/\/atthrea.com\/#website\"},\"primaryImageOfPage\":{\"@id\":\"https:\/\/atthrea.com\/de\/impact\/#primaryimage\"},\"image\":{\"@id\":\"https:\/\/atthrea.com\/de\/impact\/#primaryimage\"},\"thumbnailUrl\":\"https:\/\/atthrea.com\/app\/uploads\/2024\/04\/atthrea_impact_cover.jpg\",\"datePublished\":\"2024-04-02T08:46:33+00:00\",\"dateModified\":\"2024-06-17T07:34:54+00:00\",\"breadcrumb\":{\"@id\":\"https:\/\/atthrea.com\/de\/impact\/#breadcrumb\"},\"inLanguage\":\"de-DE\",\"potentialAction\":[{\"@type\":\"ReadAction\",\"target\":[\"https:\/\/atthrea.com\/de\/impact\/\"]}]},{\"@type\":\"ImageObject\",\"inLanguage\":\"de-DE\",\"@id\":\"https:\/\/atthrea.com\/de\/impact\/#primaryimage\",\"url\":\"https:\/\/atthrea.com\/app\/uploads\/2024\/04\/atthrea_impact_cover.jpg\",\"contentUrl\":\"https:\/\/atthrea.com\/app\/uploads\/2024\/04\/atthrea_impact_cover.jpg\"},{\"@type\":\"BreadcrumbList\",\"@id\":\"https:\/\/atthrea.com\/de\/impact\/#breadcrumb\",\"itemListElement\":[{\"@type\":\"ListItem\",\"position\":1,\"name\":\"Home\",\"item\":\"https:\/\/atthrea.com\/de\/\"},{\"@type\":\"ListItem\",\"position\":2,\"name\":\"Wirkung\"}]},{\"@type\":\"WebSite\",\"@id\":\"https:\/\/atthrea.com\/#website\",\"url\":\"https:\/\/atthrea.com\/\",\"name\":\"atthrea\",\"description\":\"ready-to-wear classic elegance\",\"potentialAction\":[{\"@type\":\"SearchAction\",\"target\":{\"@type\":\"EntryPoint\",\"urlTemplate\":\"https:\/\/atthrea.com\/?s={search_term_string}\"},\"query-input\":\"required name=search_term_string\"}],\"inLanguage\":\"de-DE\"}]}<\/script>\n<!-- \/ Yoast SEO plugin. -->","yoast_head_json":{"title":"Wirkung - atthrea","robots":{"index":"index","follow":"follow","max-snippet":"max-snippet:-1","max-image-preview":"max-image-preview:large","max-video-preview":"max-video-preview:-1"},"canonical":"https:\/\/atthrea.com\/de\/impact\/","og_locale":"de_DE","og_type":"article","og_title":"Wirkung - atthrea","og_description":"UNSERE WIRKUNG Bei atthrea sind wir zu mehr als nur Stil verpflichtet. Wir widmen uns der Schaffung eines vollst\u00e4ndig nachhaltigen und umweltverantwortlichen Rahmens. Mit einem Fokus auf die Annahme umweltfreundlicher Praktiken, der Minimierung von Abfall und der F\u00f6rderung ethischer Standards in unserer gesamten Lieferkette gestalten wir den Ansatz der Modeindustrie zur Nachhaltigkeit neu.&nbsp; Von der &hellip; Fortsetzung","og_url":"https:\/\/atthrea.com\/de\/impact\/","og_site_name":"atthrea","article_modified_time":"2024-06-17T07:34:54+00:00","og_image":[{"url":"https:\/\/atthrea.com\/app\/uploads\/2024\/04\/atthrea_impact_cover.jpg"}],"twitter_card":"summary_large_image","twitter_misc":{"Est. reading time":"5 minutes"},"schema":{"@context":"https:\/\/schema.org","@graph":[{"@type":"WebPage","@id":"https:\/\/atthrea.com\/de\/impact\/","url":"https:\/\/atthrea.com\/de\/impact\/","name":"Wirkung - atthrea","isPartOf":{"@id":"https:\/\/atthrea.com\/#website"},"primaryImageOfPage":{"@id":"https:\/\/atthrea.com\/de\/impact\/#primaryimage"},"image":{"@id":"https:\/\/atthrea.com\/de\/impact\/#primaryimage"},"thumbnailUrl":"https:\/\/atthrea.com\/app\/uploads\/2024\/04\/atthrea_impact_cover.jpg","datePublished":"2024-04-02T08:46:33+00:00","dateModified":"2024-06-17T07:34:54+00:00","breadcrumb":{"@id":"https:\/\/atthrea.com\/de\/impact\/#breadcrumb"},"inLanguage":"de-DE","potentialAction":[{"@type":"ReadAction","target":["https:\/\/atthrea.com\/de\/impact\/"]}]},{"@type":"ImageObject","inLanguage":"de-DE","@id":"https:\/\/atthrea.com\/de\/impact\/#primaryimage","url":"https:\/\/atthrea.com\/app\/uploads\/2024\/04\/atthrea_impact_cover.jpg","contentUrl":"https:\/\/atthrea.com\/app\/uploads\/2024\/04\/atthrea_impact_cover.jpg"},{"@type":"BreadcrumbList","@id":"https:\/\/atthrea.com\/de\/impact\/#breadcrumb","itemListElement":[{"@type":"ListItem","position":1,"name":"Home","item":"https:\/\/atthrea.com\/de\/"},{"@type":"ListItem","position":2,"name":"Wirkung"}]},{"@type":"WebSite","@id":"https:\/\/atthrea.com\/#website","url":"https:\/\/atthrea.com\/","name":"atthrea","description":"ready-to-wear classic elegance","potentialAction":[{"@type":"SearchAction","target":{"@type":"EntryPoint","urlTemplate":"https:\/\/atthrea.com\/?s={search_term_string}"},"query-input":"required name=search_term_string"}],"inLanguage":"de-DE"}]}},"_links":{"self":[{"href":"https:\/\/atthrea.com\/de\/wp-json\/wp\/v2\/pages\/3294"}],"collection":[{"href":"https:\/\/atthrea.com\/de\/wp-json\/wp\/v2\/pages"}],"about":[{"href":"https:\/\/atthrea.com\/de\/wp-json\/wp\/v2\/types\/page"}],"author":[{"embeddable":true,"href":"https:\/\/atthrea.com\/de\/wp-json\/wp\/v2\/users\/7"}],"replies":[{"embeddable":true,"href":"https:\/\/atthrea.com\/de\/wp-json\/wp\/v2\/comments?post=3294"}],"version-history":[{"count":7,"href":"https:\/\/atthrea.com\/de\/wp-json\/wp\/v2\/pages\/3294\/revisions"}],"predecessor-version":[{"id":3651,"href":"https:\/\/atthrea.com\/de\/wp-json\/wp\/v2\/pages\/3294\/revisions\/3651"}],"wp:attachment":[{"href":"https:\/\/atthrea.com\/de\/wp-json\/wp\/v2\/media?parent=3294"}],"curies":[{"name":"wp","href":"https:\/\/api.w.org\/{rel}","templated":true}]}}