{"id":1108,"date":"2023-08-03T14:07:48","date_gmt":"2023-08-03T14:07:48","guid":{"rendered":"https:\/\/atthrea.com\/?page_id=1108"},"modified":"2024-06-28T12:30:12","modified_gmt":"2024-06-28T12:30:12","slug":"agb","status":"publish","type":"page","link":"https:\/\/atthrea.com\/de\/agb\/","title":{"rendered":"AGB"},"content":{"rendered":"\n<p><strong>atthrea &#8211; Allgemeine Gesch\u00e4ftsbedingungen<\/strong><\/p>\n\n\n\n<ol>\n<li>Der unter <a href=\"http:\/\/www.atthrea.com\/\">www.atthrea.com<\/a> betriebene Online-Shop handelt mit exklusiver Damenunterw\u00e4sche. Der Shop bietet die M\u00f6glichkeit, die Produkte in die gesamte Europ\u00e4ische Union zu liefern.<\/li>\n\n\n\n<li>Diese Bedingungen gelten f\u00fcr Verbraucherk\u00e4ufe gem\u00e4\u00df den Bestimmungen des Gesetzes \u00fcber die Rechte der Verbraucher vom 30. Mai 2014 (Gesetzblatt 2014, Artikel 827). Ein Verbraucher ist eine Person im Sinne von Artikel 22\u00b9 des Zivilgesetzbuches. Als Verbraucher im Sinne dieser Verordnung gilt auch eine nat\u00fcrliche Person, die einen Vertrag abschlie\u00dft, der unmittelbar mit ihrer unternehmerischen T\u00e4tigkeit zusammenh\u00e4ngt, wobei sich aus dem Inhalt des Vertrages ergibt, dass er nicht beruflicher Natur ist, insbesondere in Bezug auf den Gegenstand ihrer unternehmerischen T\u00e4tigkeit, die auf der Grundlage der Bestimmungen des Zentralregisters und der Informationen \u00fcber die unternehmerische T\u00e4tigkeit zur Verf\u00fcgung gestellt wurde. Der Kunde, der im Online-Shop einkauft, sollte sich mit den vorliegenden Bedingungen vertraut machen. Bei der Bestellung wird der Kunde aufgefordert, die Bestimmungen des Reglements zu akzeptieren, indem er die daf\u00fcr vorgesehene Option &#8220;Checkbox&#8221; anklickt.3.<\/li>\n\n\n\n<li>Inhaberin des Online-Shops ist die atthrea GmbH mit Sitz in Berlin, Kurf\u00fcrstenstr. 114, 10787 Berlin, Deutschland, eingetragen bei der Industrie- und Handelskammer unter HRB Nr. 248478, NIPUE Nr. DE359262571, Stammkapital EUR 25.000, voll eingezahlt (Verk\u00e4ufer).<\/li>\n\n\n\n<li>Der Kontakt mit atthrea ist auf folgende Weise m\u00f6glich:\n<ol class=\"list-style-type-lower-alpha\">\n<li>Per E-Mail an: wecare@atthrea.com<\/li>\n\n\n\n<li>Per Brief an die folgende Adresse Kurf\u00fcrstenstr. 114, 10787 Berlin, Deutschland<\/li>\n<\/ol>\n<\/li>\n\n\n\n<li>Unser Gesch\u00e4ftsgegenstand ist exklusive Damen- und Herrenbekleidung aus nat\u00fcrlichen Materialien. Wir verpflichten uns, die Ware vertragsgem\u00e4\u00df und mangelfrei zu liefern.<\/li>\n\n\n\n<li>Die Preise der angebotenen Produkte sind auf unserer Website bei den einzelnen Artikeln aufgef\u00fchrt. Die angegebenen Preise sind Bruttopreise (inkl. MwSt.) in Euro.<\/li>\n\n\n\n<li>Au\u00dferdem werden die Versandkosten bei der Versendung der Ware zum Produktpreis hinzugerechnet.<\/li>\n\n\n\n<li>Die H\u00f6he der Versandkosten h\u00e4ngt von der gew\u00e4hlten Versandart ab. Die H\u00f6he der Versandkosten erscheint w\u00e4hrend des Bestellvorgangs, je nach gew\u00e4hlter Option. Dar\u00fcber hinaus gibt es auf unserer Homepage einen Reiter mit Informationen zu den Versandkosten und -methoden. Der Versand erfolgt nach vollst\u00e4ndigem Zahlungseingang f\u00fcr die bestellte Ware.<\/li>\n\n\n\n<li>Das Produkt wird dem Kunden per Kurier geliefert. Die gesch\u00e4tzte Lieferzeit betr\u00e4gt bis zu 14 Werktage, au\u00dfer w\u00e4hrend Werbeaktionen, in denen die Lieferung bis zu 30 Werktage dauern kann.<\/li>\n\n\n\n<li>Die Art und Weise der Abholung der Sendung vom Carrier wird vom Carrier bestimmt<\/li>\n\n\n\n<li>Die zum Zeitpunkt der Bestellung auf unserer Website aufgef\u00fchrten Preise der Produkte sind verbindlich.<\/li>\n\n\n\n<li>Die Bezahlung der bestellten Waren kann wie folgt erfolgen:\n<ol class=\"list-style-type-lower-alpha\">\n<li>Per Kreditkarte<\/li>\n\n\n\n<li>Per Bank\u00fcberweisung<\/li>\n\n\n\n<li>Bei PayPal<\/li>\n\n\n\n<li>Im Klarna-System<\/li>\n<\/ol>\n<\/li>\n\n\n\n<li>Der Verbraucher hat das Recht, binnen 14 Tagen ohne Angabe von Gr\u00fcnden diesen Vertrag zu widerrufen. Die Widerrufsfrist betr\u00e4gt 14 Tage ab dem Zeitpunkt, an dem der Verbraucher die Ware in Besitz genommen hat oder an dem ein vom Verbraucher benannter Dritter, der nicht der Bef\u00f6rderer ist, die Ware in Besitz genommen hat. Um das Widerrufsrecht auszu\u00fcben, muss der Verbraucher atthrea, d.h. die atthrea GmbH, Kurf\u00fcrstenstr. 114, 10787 Berlin, Deutschland, E-Mail <a href=\"mailto:wecare@atthrea.com.pl\">wecare@atthrea.com.pl<\/a>, mittels einer eindeutigen Erkl\u00e4rung (z.B. ein mit der Post versandter Brief, Telefax oder E-Mail) \u00fcber seinen Entschluss, diesen Vertrag zu widerrufen, informieren. Der Verbraucher kann daf\u00fcr unser Muster-Widerrufsformular verwenden, das wir auf der Homepage des Shops bereitgestellt haben (Muster-Widerruf im pdf-Format), das jedoch nicht vorgeschrieben ist. Zur Wahrung der Widerrufsfrist reicht es aus, dass die Mitteilung \u00fcber die Aus\u00fcbung des Widerrufsrechts des Verbrauchers vor Ablauf der Widerrufsfrist abgesendet wird.<\/li>\n\n\n\n<li>Wenn atthrea diesen Vertrag widerruft, hat atthrea dem Verbraucher alle Zahlungen, die sie von ihm erhalten hat, einschlie\u00dflich der Lieferkosten (mit Ausnahme der zus\u00e4tzlichen Kosten, die sich daraus ergeben, dass der Verbraucher eine andere Art der Lieferung als die von atthrea angebotene, g\u00fcnstigste Standardlieferung gew\u00e4hlt hat), unverz\u00fcglich und sp\u00e4testens binnen vierzehn Tagen ab dem Tag zur\u00fcckzuzahlen, an dem die Mitteilung \u00fcber die Aus\u00fcbung des Widerrufsrechts durch den Verbraucher eingegangen ist. F\u00fcr diese R\u00fcckzahlung verwenden wir dasselbe Zahlungsmittel, das der Verbraucher bei der urspr\u00fcnglichen Transaktion eingesetzt hat, es sei denn, mit dem Verbraucher wurde ausdr\u00fccklich etwas anderes vereinbart; in keinem Fall werden dem Verbraucher wegen dieser R\u00fcckzahlung Entgelte berechnet. Atthrea kann die R\u00fcckzahlung verweigern, bis sie die Sache wieder zur\u00fcckerhalten hat oder bis der Verbraucher den Nachweis erbracht hat, dass er die Sache zur\u00fcckgesandt hat, je nachdem, welches Ereignis zuerst eintritt. Die R\u00fccksendung oder \u00dcbergabe der Sache an atthrea hat unverz\u00fcglich und in jedem Fall sp\u00e4testens binnen vierzehn Tagen ab dem Tag, an dem der Verbraucher atthrea \u00fcber den Widerruf dieses Vertrages unterrichtet hat, an atthrea GmbH, Kurf\u00fcrstenstr. 114, 10787 Berlin, Deutschland, zu erfolgen. Die Frist ist gewahrt, wenn Sie die Waren vor Ablauf der Frist von 14 Tagen absenden. Der Verbraucher tr\u00e4gt die unmittelbaren Kosten der R\u00fccksendung der Sache, die durch den Widerruf entstanden sind. Der Verbraucher muss f\u00fcr einen etwaigen Wertverlust der Sache nur aufkommen, wenn dieser Wertverlust auf einen zur Pr\u00fcfung der Beschaffenheit, Eigenschaften und Funktionsweise der Sache nicht notwendigen Umgang mit der Sache zur\u00fcckzuf\u00fchren ist.<\/li>\n\n\n\n<li>Das Widerrufsrecht gilt nicht f\u00fcr Vertr\u00e4ge mit dem Verbraucher:\n<ol class=\"list-style-type-lower-alpha\">\n<li>bei denen der Preis oder die Verg\u00fctung von Schwankungen auf dem Finanzmarkt abh\u00e4ngt, auf die atthrea keinen Einfluss hat und die vor Ablauf der Widerrufsfrist auftreten k\u00f6nnen;<\/li>\n\n\n\n<li>wenn es sich bei dem Liefergegenstand um eine nicht wiederaufgearbeitete Ware handelt, die nach den Spezifikationen des Verbrauchers oder nach seinen pers\u00f6nlichen Bed\u00fcrfnissen angefertigt wurde;<\/li>\n\n\n\n<li>wenn es sich bei dem Leistungsgegenstand um verderbliche oder kurzlebige Waren handelt;<\/li>\n\n\n\n<li>wenn es sich bei dem Leistungsgegenstand um Waren handelt, die in versiegelten Verpackungen geliefert werden, die nach dem \u00d6ffnen aus gesundheitlichen oder hygienischen Gr\u00fcnden nicht zur\u00fcckgegeben werden k\u00f6nnen, wenn die Verpackung nach der Lieferung ge\u00f6ffnet worden ist;<\/li>\n\n\n\n<li>bei denen der Gegenstand der Leistung eine Ware ist, die aufgrund ihrer Beschaffenheit nach der Lieferung nicht von anderen Waren zu trennen ist;<\/li>\n<\/ol>\n<\/li>\n\n\n\n<li>Verfahren zur Bearbeitung von Beschwerden:<br>F\u00fcr Beschwerden \u00fcber Waren, die Verbraucher in dem von der atthrea GmbH, Kurf\u00fcrstenstr. 114, 10787 Berlin, Deutschland (Verk\u00e4ufer) betriebenen Online-Shop gekauft haben, gilt das folgende Beschwerdeverfahren:\n<ol class=\"list-style-type-lower-alpha\">\n<li>Der Verk\u00e4ufer ist verpflichtet, die Ware vertragsgem\u00e4\u00df und frei von M\u00e4ngeln zu liefern. Der Verk\u00e4ufer haftet gegen\u00fcber dem K\u00e4ufer, wenn die verkaufte Sache nicht vertragsgem\u00e4\u00df ist. Dies schlie\u00dft die Haftung des Verk\u00e4ufers f\u00fcr die Nichterf\u00fcllung oder nicht ordnungsgem\u00e4\u00dfe Erf\u00fcllung des Vertrages nach den allgemeinen Regeln nicht aus. Die Waren werden vor dem Versand an den Kunden auf eventuelle Sch\u00e4den an der Verpackung gepr\u00fcft.<\/li>\n\n\n\n<li>Der Verk\u00e4ufer \u00fcbernimmt keine Garantie f\u00fcr die verkauften Waren.<\/li>\n\n\n\n<li>Reklamationen k\u00f6nnen per Brief oder E-Mail an den Verk\u00e4ufer gerichtet werden, wobei die in Abschnitt 4 genannten Kontaktdaten zu verwenden sind.<\/li>\n\n\n\n<li>Der Verk\u00e4ufer antwortet auf die Reklamation innerhalb von 14 Tagen nach Erhalt des Pakets, das die beanstandete Ware enth\u00e4lt. Die Antwort erfolgt auf die vom Verbraucher gew\u00e4hlte Art und Weise: per E-Mail, per Brief.<\/li>\n<\/ol>\n<\/li>\n\n\n\n<li>Der Verbraucher hat die M\u00f6glichkeit, eine eventuelle Streitigkeit durch Schlichtung \u00fcber einen Verbraucher-Ombudsmann oder Verbraucherorganisationen, einschlie\u00dflich des Verbraucherverbands, beizulegen sowie die Hilfe eines st\u00e4ndigen g\u00fctlichen Verbrauchergerichts nach den gesetzlich festgelegten Verfahren in Anspruch zu nehmen. Die Inanspruchnahme der vorgenannten M\u00f6glichkeiten der Streitbeilegung ist freiwillig.<\/li>\n\n\n\n<li>Der Verbraucher hat auch die M\u00f6glichkeit, die Plattform ODR (Online Dispute Resolution) zu nutzen, die unter https:\/\/ec.europa.eu\/consumers\/odr.<\/li>\n\n\n\n<li>Um einen Vertrag abzuschlie\u00dfen (einen Kauf zu t\u00e4tigen), sind die folgenden Schritte erforderlich:\n<ol class=\"list-style-type-lower-alpha\">\n<li>Auswahl der spezifischen Produkte<\/li>\n\n\n\n<li>Wahl der Liefer- und Zahlungsart<\/li>\n\n\n\n<li>Vereinbarung von Einzelheiten (falls zutreffend)<\/li>\n\n\n\n<li>Lesen und Akzeptieren der bereitgestellten Informationen und der Vorschriften<\/li>\n\n\n\n<li>Erteilung eines Auftrags mit der Verpflichtung, eine Zahlung zu leisten.<\/li>\n<\/ol>\n<\/li>\n\n\n\n<li>Der Kaufvertrag wird in englischer Sprache abgeschlossen.<\/li>\n\n\n\n<li>Datenschutz:\n<ol class=\"list-style-type-lower-alpha\">\n<li>Der Verk\u00e4ufer als Verwalter personenbezogener Daten bem\u00fcht sich nach besten Kr\u00e4ften, den Schutz personenbezogener Daten vor versehentlicher oder absichtlicher Zerst\u00f6rung, Verlust, \u00c4nderung, unbefugter Offenlegung, Nutzung oder Zugriff in \u00dcbereinstimmung mit den geltenden Gesetzen, einschlie\u00dflich der DSGVO, zu gew\u00e4hrleisten.<\/li>\n\n\n\n<li>Der Verk\u00e4ufer verwendet Cookies und andere \u00e4hnliche Technologien innerhalb des Online-Shops, um die Effektivit\u00e4t zu verbessern und dem Kunden immer bessere Funktionalit\u00e4ten des Online-Shops und besser zugeschnittene Werbung anzubieten. Wenn der Kunde mit der Speicherung und dem Erhalt von Informationen in Cookies nicht einverstanden ist, kann er die Cookie-Einstellungen \u00fcber seinen Internetbrowser \u00e4ndern oder das sogenannte Opt-out auf der Website des Anbieters der jeweiligen technischen L\u00f6sung anwenden.<\/li>\n\n\n\n<li>Weitere Informationen \u00fcber die Verarbeitung personenbezogener Daten durch den Verk\u00e4ufer und Einzelheiten zu den vom Verk\u00e4ufer verwendeten Technologien finden Sie in der Datenschutzrichtlinie, die hier verf\u00fcgbar ist.<\/li>\n<\/ol>\n<\/li>\n\n\n\n<li>Korrespondenz im Zusammenhang mit der Bearbeitung und Abwicklung Ihrer Bestellung ist an wecare@atthrea.com zu richten, w\u00e4hrend Fragen des Datenschutzes an gdpr@atthrea.com zu richten sind.<\/li>\n\n\n\n<li>Der Kunde ist nicht berechtigt, dem Verk\u00e4ufer rechtswidrige Inhalte zur Verf\u00fcgung zu stellen.<\/li>\n\n\n\n<li>Alle Bestimmungen dieser Allgemeinen Gesch\u00e4ftsbedingungen sind verhandelbar und g\u00fcltig, sofern zwischen dem Kunden und dem Verk\u00e4ufer nichts anderes vereinbart wurde. Der Kunde, der \u00fcber eine der Bestimmungen dieser Gesch\u00e4ftsbedingungen verhandeln m\u00f6chte, muss sich per E-Mail an den Verk\u00e4ufer wenden. Jede diesbez\u00fcgliche Vereinbarung muss in schriftlicher Form, insbesondere per E-Mail, getroffen werden, andernfalls ist sie nichtig.<\/li>\n\n\n\n<li>Alle Bestimmungen dieser Gesch\u00e4ftsbedingungen, die die Rechte oder Pflichten der Kunden in einer Weise festlegen, die den Rechten der Verbraucher nach den allgemein geltenden Gesetzen zuwiderl\u00e4uft oder die die Interessen der Verbraucher verletzen, gelten nicht f\u00fcr die Verbraucher.<\/li>\n<\/ol>\n","protected":false},"excerpt":{"rendered":"<p>atthrea &#8211; Allgemeine Gesch\u00e4ftsbedingungen<\/p>\n","protected":false},"author":1,"featured_media":2432,"parent":0,"menu_order":0,"comment_status":"closed","ping_status":"closed","template":"template-regulations.blade.php","meta":{"footnotes":""},"acf":[],"yoast_head":"<!-- This site is optimized with the Yoast SEO plugin v22.9 - https:\/\/yoast.com\/wordpress\/plugins\/seo\/ -->\n<title>atthrea - Allgemeine Gesch\u00e4ftsbedingungen<\/title>\n<meta name=\"description\" content=\"Entdecken Sie atthreas Regelungen und Angebote f\u00fcr exklusive Damenbekleidung. Jetzt mit Vertrauen f\u00fcr zeitlose Eleganz bei atthrea einkaufen.\" \/>\n<meta name=\"robots\" content=\"index, follow, max-snippet:-1, max-image-preview:large, max-video-preview:-1\" \/>\n<link rel=\"canonical\" href=\"https:\/\/atthrea.com\/de\/agb\/\" \/>\n<meta property=\"og:locale\" content=\"de_DE\" \/>\n<meta property=\"og:type\" content=\"article\" \/>\n<meta property=\"og:title\" content=\"atthrea - Statut | Rechtliche Informationen | atthrea.com\" \/>\n<meta property=\"og:description\" content=\"Entdecken Sie atthreas Regelungen und Angebote f\u00fcr exklusive Damenbekleidung. Jetzt mit Vertrauen f\u00fcr zeitlose Eleganz bei atthrea einkaufen.\" \/>\n<meta property=\"og:url\" content=\"https:\/\/atthrea.com\/de\/agb\/\" \/>\n<meta property=\"og:site_name\" content=\"atthrea\" \/>\n<meta property=\"article:modified_time\" content=\"2024-06-28T12:30:12+00:00\" \/>\n<meta property=\"og:image\" content=\"https:\/\/atthrea.com\/app\/uploads\/2023\/12\/230401_Atthrea122553-2-3-2.jpg\" \/>\n\t<meta property=\"og:image:width\" content=\"955\" \/>\n\t<meta property=\"og:image:height\" content=\"674\" \/>\n\t<meta property=\"og:image:type\" content=\"image\/jpeg\" \/>\n<meta name=\"twitter:card\" content=\"summary_large_image\" \/>\n<meta name=\"twitter:title\" content=\"atthrea - Statut | Rechtliche Informationen | atthrea.com\" \/>\n<meta name=\"twitter:description\" content=\"Entdecken Sie atthreas Regelungen und Angebote f\u00fcr exklusive Damenbekleidung. Jetzt mit Vertrauen f\u00fcr zeitlose Eleganz bei atthrea einkaufen.\" \/>\n<meta name=\"twitter:image\" content=\"https:\/\/atthrea.com\/app\/uploads\/2023\/12\/230401_Atthrea122553-2-3-2.jpg\" \/>\n<meta name=\"twitter:label1\" content=\"Est. reading time\" \/>\n\t<meta name=\"twitter:data1\" content=\"7 minutes\" \/>\n<script type=\"application\/ld+json\" class=\"yoast-schema-graph\">{\"@context\":\"https:\/\/schema.org\",\"@graph\":[{\"@type\":\"WebPage\",\"@id\":\"https:\/\/atthrea.com\/de\/agb\/\",\"url\":\"https:\/\/atthrea.com\/de\/agb\/\",\"name\":\"atthrea - Allgemeine Gesch\u00e4ftsbedingungen\",\"isPartOf\":{\"@id\":\"https:\/\/atthrea.com\/#website\"},\"primaryImageOfPage\":{\"@id\":\"https:\/\/atthrea.com\/de\/agb\/#primaryimage\"},\"image\":{\"@id\":\"https:\/\/atthrea.com\/de\/agb\/#primaryimage\"},\"thumbnailUrl\":\"https:\/\/atthrea.com\/app\/uploads\/2023\/12\/230401_Atthrea122553-2-3-2.jpg\",\"datePublished\":\"2023-08-03T14:07:48+00:00\",\"dateModified\":\"2024-06-28T12:30:12+00:00\",\"description\":\"Entdecken Sie atthreas Regelungen und Angebote f\u00fcr exklusive Damenbekleidung. Jetzt mit Vertrauen f\u00fcr zeitlose Eleganz bei atthrea einkaufen.\",\"breadcrumb\":{\"@id\":\"https:\/\/atthrea.com\/de\/agb\/#breadcrumb\"},\"inLanguage\":\"de-DE\",\"potentialAction\":[{\"@type\":\"ReadAction\",\"target\":[\"https:\/\/atthrea.com\/de\/agb\/\"]}]},{\"@type\":\"ImageObject\",\"inLanguage\":\"de-DE\",\"@id\":\"https:\/\/atthrea.com\/de\/agb\/#primaryimage\",\"url\":\"https:\/\/atthrea.com\/app\/uploads\/2023\/12\/230401_Atthrea122553-2-3-2.jpg\",\"contentUrl\":\"https:\/\/atthrea.com\/app\/uploads\/2023\/12\/230401_Atthrea122553-2-3-2.jpg\",\"width\":955,\"height\":674,\"caption\":\"Model in einem luxuri\u00f6sen Seidenrollkragenpullover von Atthrea. Die elegante Textur und der dezente Glanz des Pullovers unterstreichen die hochwertige Verarbeitung.\"},{\"@type\":\"BreadcrumbList\",\"@id\":\"https:\/\/atthrea.com\/de\/agb\/#breadcrumb\",\"itemListElement\":[{\"@type\":\"ListItem\",\"position\":1,\"name\":\"Home\",\"item\":\"https:\/\/atthrea.com\/de\/\"},{\"@type\":\"ListItem\",\"position\":2,\"name\":\"AGB\"}]},{\"@type\":\"WebSite\",\"@id\":\"https:\/\/atthrea.com\/#website\",\"url\":\"https:\/\/atthrea.com\/\",\"name\":\"atthrea\",\"description\":\"ready-to-wear classic elegance\",\"potentialAction\":[{\"@type\":\"SearchAction\",\"target\":{\"@type\":\"EntryPoint\",\"urlTemplate\":\"https:\/\/atthrea.com\/?s={search_term_string}\"},\"query-input\":\"required name=search_term_string\"}],\"inLanguage\":\"de-DE\"}]}<\/script>\n<!-- \/ Yoast SEO plugin. -->","yoast_head_json":{"title":"atthrea - Allgemeine Gesch\u00e4ftsbedingungen","description":"Entdecken Sie atthreas Regelungen und Angebote f\u00fcr exklusive Damenbekleidung. Jetzt mit Vertrauen f\u00fcr zeitlose Eleganz bei atthrea einkaufen.","robots":{"index":"index","follow":"follow","max-snippet":"max-snippet:-1","max-image-preview":"max-image-preview:large","max-video-preview":"max-video-preview:-1"},"canonical":"https:\/\/atthrea.com\/de\/agb\/","og_locale":"de_DE","og_type":"article","og_title":"atthrea - Statut | Rechtliche Informationen | atthrea.com","og_description":"Entdecken Sie atthreas Regelungen und Angebote f\u00fcr exklusive Damenbekleidung. Jetzt mit Vertrauen f\u00fcr zeitlose Eleganz bei atthrea einkaufen.","og_url":"https:\/\/atthrea.com\/de\/agb\/","og_site_name":"atthrea","article_modified_time":"2024-06-28T12:30:12+00:00","og_image":[{"width":955,"height":674,"url":"https:\/\/atthrea.com\/app\/uploads\/2023\/12\/230401_Atthrea122553-2-3-2.jpg","type":"image\/jpeg"}],"twitter_card":"summary_large_image","twitter_title":"atthrea - Statut | Rechtliche Informationen | atthrea.com","twitter_description":"Entdecken Sie atthreas Regelungen und Angebote f\u00fcr exklusive Damenbekleidung. Jetzt mit Vertrauen f\u00fcr zeitlose Eleganz bei atthrea einkaufen.","twitter_image":"https:\/\/atthrea.com\/app\/uploads\/2023\/12\/230401_Atthrea122553-2-3-2.jpg","twitter_misc":{"Est. reading time":"7 minutes"},"schema":{"@context":"https:\/\/schema.org","@graph":[{"@type":"WebPage","@id":"https:\/\/atthrea.com\/de\/agb\/","url":"https:\/\/atthrea.com\/de\/agb\/","name":"atthrea - Allgemeine Gesch\u00e4ftsbedingungen","isPartOf":{"@id":"https:\/\/atthrea.com\/#website"},"primaryImageOfPage":{"@id":"https:\/\/atthrea.com\/de\/agb\/#primaryimage"},"image":{"@id":"https:\/\/atthrea.com\/de\/agb\/#primaryimage"},"thumbnailUrl":"https:\/\/atthrea.com\/app\/uploads\/2023\/12\/230401_Atthrea122553-2-3-2.jpg","datePublished":"2023-08-03T14:07:48+00:00","dateModified":"2024-06-28T12:30:12+00:00","description":"Entdecken Sie atthreas Regelungen und Angebote f\u00fcr exklusive Damenbekleidung. Jetzt mit Vertrauen f\u00fcr zeitlose Eleganz bei atthrea einkaufen.","breadcrumb":{"@id":"https:\/\/atthrea.com\/de\/agb\/#breadcrumb"},"inLanguage":"de-DE","potentialAction":[{"@type":"ReadAction","target":["https:\/\/atthrea.com\/de\/agb\/"]}]},{"@type":"ImageObject","inLanguage":"de-DE","@id":"https:\/\/atthrea.com\/de\/agb\/#primaryimage","url":"https:\/\/atthrea.com\/app\/uploads\/2023\/12\/230401_Atthrea122553-2-3-2.jpg","contentUrl":"https:\/\/atthrea.com\/app\/uploads\/2023\/12\/230401_Atthrea122553-2-3-2.jpg","width":955,"height":674,"caption":"Model in einem luxuri\u00f6sen Seidenrollkragenpullover von Atthrea. Die elegante Textur und der dezente Glanz des Pullovers unterstreichen die hochwertige Verarbeitung."},{"@type":"BreadcrumbList","@id":"https:\/\/atthrea.com\/de\/agb\/#breadcrumb","itemListElement":[{"@type":"ListItem","position":1,"name":"Home","item":"https:\/\/atthrea.com\/de\/"},{"@type":"ListItem","position":2,"name":"AGB"}]},{"@type":"WebSite","@id":"https:\/\/atthrea.com\/#website","url":"https:\/\/atthrea.com\/","name":"atthrea","description":"ready-to-wear classic elegance","potentialAction":[{"@type":"SearchAction","target":{"@type":"EntryPoint","urlTemplate":"https:\/\/atthrea.com\/?s={search_term_string}"},"query-input":"required name=search_term_string"}],"inLanguage":"de-DE"}]}},"_links":{"self":[{"href":"https:\/\/atthrea.com\/de\/wp-json\/wp\/v2\/pages\/1108"}],"collection":[{"href":"https:\/\/atthrea.com\/de\/wp-json\/wp\/v2\/pages"}],"about":[{"href":"https:\/\/atthrea.com\/de\/wp-json\/wp\/v2\/types\/page"}],"author":[{"embeddable":true,"href":"https:\/\/atthrea.com\/de\/wp-json\/wp\/v2\/users\/1"}],"replies":[{"embeddable":true,"href":"https:\/\/atthrea.com\/de\/wp-json\/wp\/v2\/comments?post=1108"}],"version-history":[{"count":10,"href":"https:\/\/atthrea.com\/de\/wp-json\/wp\/v2\/pages\/1108\/revisions"}],"predecessor-version":[{"id":3751,"href":"https:\/\/atthrea.com\/de\/wp-json\/wp\/v2\/pages\/1108\/revisions\/3751"}],"wp:featuredmedia":[{"embeddable":true,"href":"https:\/\/atthrea.com\/de\/wp-json\/wp\/v2\/media\/2432"}],"wp:attachment":[{"href":"https:\/\/atthrea.com\/de\/wp-json\/wp\/v2\/media?parent=1108"}],"curies":[{"name":"wp","href":"https:\/\/api.w.org\/{rel}","templated":true}]}}